{"id":13470,"date":"2025-06-06T12:52:27","date_gmt":"2025-06-06T12:52:27","guid":{"rendered":"https:\/\/bioenergostims.eu\/?page_id=13470"},"modified":"2025-09-28T07:37:30","modified_gmt":"2025-09-28T07:37:30","slug":"verteivos-3","status":"publish","type":"page","link":"https:\/\/bioenergostims.eu\/lt\/verteivos-3\/","title":{"rendered":"\u012evertinimas 3"},"content":{"rendered":"<div data-elementor-type=\"wp-page\" data-elementor-id=\"13470\" class=\"elementor elementor-13470\" data-elementor-post-type=\"page\">\n\t\t\t\t<div class=\"elementor-element elementor-element-907dd58 e-flex e-con-boxed e-con e-parent\" data-id=\"907dd58\" data-element_type=\"container\" data-e-type=\"container\">\n\t\t\t\t\t<div class=\"e-con-inner\">\n\t\t\t\t<div class=\"elementor-element elementor-element-a0990b5 elementor-widget elementor-widget-heading\" data-id=\"a0990b5\" data-element_type=\"widget\" data-e-type=\"widget\" data-widget_type=\"heading.default\">\n\t\t\t\t<div class=\"elementor-widget-container\">\n\t\t\t\t\t<h2 class=\"elementor-heading-title elementor-size-default\">D\u0117kojame u\u017e \u012fvertinim\u0105!<\/h2>\t\t\t\t<\/div>\n\t\t\t\t<\/div>\n\t\t\t\t\t<\/div>\n\t\t\t\t<\/div>\n\t\t<div class=\"elementor-element elementor-element-0c80adf e-flex e-con-boxed e-con e-parent\" data-id=\"0c80adf\" data-element_type=\"container\" data-e-type=\"container\">\n\t\t\t\t\t<div class=\"e-con-inner\">\n\t\t\t\t<div class=\"elementor-element elementor-element-7e26cd0 elementor-widget elementor-widget-text-editor\" data-id=\"7e26cd0\" data-element_type=\"widget\" data-e-type=\"widget\" data-widget_type=\"text-editor.default\">\n\t\t\t\t<div class=\"elementor-widget-container\">\n\t\t\t\t\t\t\t\t\t<p>Kiekvienas \u012fvertinimas mums svarbus, kad suprastume, kaip galime tapti dar geresni.<\/p><p>Jei turite akimirk\u0105, b\u016bt\u0173 puiku, jei gal\u0117tum\u0117te pasidalyti konkretesne informacija apie savo patirt\u012f. Tai mums labai pad\u0117t\u0173!<\/p>\t\t\t\t\t\t\t\t<\/div>\n\t\t\t\t<\/div>\n\t\t\t\t\t<\/div>\n\t\t\t\t<\/div>\n\t\t<div class=\"elementor-element elementor-element-a026f5a e-flex e-con-boxed e-con e-parent\" data-id=\"a026f5a\" data-element_type=\"container\" data-e-type=\"container\">\n\t\t\t\t\t<div class=\"e-con-inner\">\n\t\t\t\t<div class=\"elementor-element elementor-element-8e834c9 elementor-widget elementor-widget-rating\" data-id=\"8e834c9\" data-element_type=\"widget\" data-e-type=\"widget\" data-widget_type=\"rating.default\">\n\t\t\t\t<div class=\"elementor-widget-container\">\n\t\t\t\t\t\t\t<div class=\"e-rating\" itemtype=\"https:\/\/schema.org\/Rating\" itemscope=\"\" itemprop=\"reviewRating\">\n\t\t\t<meta itemprop=\"worstRating\" content=\"0\">\n\t\t\t<meta itemprop=\"bestRating\" content=\"5\">\n\t\t\t<div class=\"e-rating-wrapper\" itemprop=\"ratingValue\" content=\"1\" role=\"img\" aria-label=\"Vertinama 1 i\u0161 5\">\n\t\t\t\t\t\t\t<div class=\"e-icon\">\n\t\t\t\t<div class=\"e-icon-wrapper e-icon-marked\">\n\t\t\t\t\t<svg aria-hidden=\"true\" class=\"e-font-icon-svg e-eicon-star\" viewbox=\"0 0 1000 1000\" xmlns=\"http:\/\/www.w3.org\/2000\/svg\"><path d=\"M450 75L338 312 88 350C46 354 25 417 58 450L238 633 196 896C188 942 238 975 275 954L500 837 725 954C767 975 813 942 804 896L763 633 942 450C975 417 954 358 913 350L663 312 550 75C529 33 471 33 450 75Z\"><\/path><\/svg>\t\t\t\t<\/div>\n\t\t\t\t<div class=\"e-icon-wrapper e-icon-unmarked\">\n\t\t\t\t\t<svg aria-hidden=\"true\" class=\"e-font-icon-svg e-eicon-star\" viewbox=\"0 0 1000 1000\" xmlns=\"http:\/\/www.w3.org\/2000\/svg\"><path d=\"M450 75L338 312 88 350C46 354 25 417 58 450L238 633 196 896C188 942 238 975 275 954L500 837 725 954C767 975 813 942 804 896L763 633 942 450C975 417 954 358 913 350L663 312 550 75C529 33 471 33 450 75Z\"><\/path><\/svg>\t\t\t\t<\/div>\n\t\t\t<\/div>\n\t\t\t\t\t\t<div class=\"e-icon\">\n\t\t\t\t<div class=\"e-icon-wrapper e-icon-marked\" style=\"--e-rating-icon-marked-width: 0%;\">\n\t\t\t\t\t<svg aria-hidden=\"true\" class=\"e-font-icon-svg e-eicon-star\" viewbox=\"0 0 1000 1000\" xmlns=\"http:\/\/www.w3.org\/2000\/svg\"><path d=\"M450 75L338 312 88 350C46 354 25 417 58 450L238 633 196 896C188 942 238 975 275 954L500 837 725 954C767 975 813 942 804 896L763 633 942 450C975 417 954 358 913 350L663 312 550 75C529 33 471 33 450 75Z\"><\/path><\/svg>\t\t\t\t<\/div>\n\t\t\t\t<div class=\"e-icon-wrapper e-icon-unmarked\">\n\t\t\t\t\t<svg aria-hidden=\"true\" class=\"e-font-icon-svg e-eicon-star\" viewbox=\"0 0 1000 1000\" xmlns=\"http:\/\/www.w3.org\/2000\/svg\"><path d=\"M450 75L338 312 88 350C46 354 25 417 58 450L238 633 196 896C188 942 238 975 275 954L500 837 725 954C767 975 813 942 804 896L763 633 942 450C975 417 954 358 913 350L663 312 550 75C529 33 471 33 450 75Z\"><\/path><\/svg>\t\t\t\t<\/div>\n\t\t\t<\/div>\n\t\t\t\t\t\t<div class=\"e-icon\">\n\t\t\t\t<div class=\"e-icon-wrapper e-icon-marked\" style=\"--e-rating-icon-marked-width: 0%;\">\n\t\t\t\t\t<svg aria-hidden=\"true\" class=\"e-font-icon-svg e-eicon-star\" viewbox=\"0 0 1000 1000\" xmlns=\"http:\/\/www.w3.org\/2000\/svg\"><path d=\"M450 75L338 312 88 350C46 354 25 417 58 450L238 633 196 896C188 942 238 975 275 954L500 837 725 954C767 975 813 942 804 896L763 633 942 450C975 417 954 358 913 350L663 312 550 75C529 33 471 33 450 75Z\"><\/path><\/svg>\t\t\t\t<\/div>\n\t\t\t\t<div class=\"e-icon-wrapper e-icon-unmarked\">\n\t\t\t\t\t<svg aria-hidden=\"true\" class=\"e-font-icon-svg e-eicon-star\" viewbox=\"0 0 1000 1000\" xmlns=\"http:\/\/www.w3.org\/2000\/svg\"><path d=\"M450 75L338 312 88 350C46 354 25 417 58 450L238 633 196 896C188 942 238 975 275 954L500 837 725 954C767 975 813 942 804 896L763 633 942 450C975 417 954 358 913 350L663 312 550 75C529 33 471 33 450 75Z\"><\/path><\/svg>\t\t\t\t<\/div>\n\t\t\t<\/div>\n\t\t\t\t\t\t<div class=\"e-icon\">\n\t\t\t\t<div class=\"e-icon-wrapper e-icon-marked\" style=\"--e-rating-icon-marked-width: 0%;\">\n\t\t\t\t\t<svg aria-hidden=\"true\" class=\"e-font-icon-svg e-eicon-star\" viewbox=\"0 0 1000 1000\" xmlns=\"http:\/\/www.w3.org\/2000\/svg\"><path d=\"M450 75L338 312 88 350C46 354 25 417 58 450L238 633 196 896C188 942 238 975 275 954L500 837 725 954C767 975 813 942 804 896L763 633 942 450C975 417 954 358 913 350L663 312 550 75C529 33 471 33 450 75Z\"><\/path><\/svg>\t\t\t\t<\/div>\n\t\t\t\t<div class=\"e-icon-wrapper e-icon-unmarked\">\n\t\t\t\t\t<svg aria-hidden=\"true\" class=\"e-font-icon-svg e-eicon-star\" viewbox=\"0 0 1000 1000\" xmlns=\"http:\/\/www.w3.org\/2000\/svg\"><path d=\"M450 75L338 312 88 350C46 354 25 417 58 450L238 633 196 896C188 942 238 975 275 954L500 837 725 954C767 975 813 942 804 896L763 633 942 450C975 417 954 358 913 350L663 312 550 75C529 33 471 33 450 75Z\"><\/path><\/svg>\t\t\t\t<\/div>\n\t\t\t<\/div>\n\t\t\t\t\t\t<div class=\"e-icon\">\n\t\t\t\t<div class=\"e-icon-wrapper e-icon-marked\" style=\"--e-rating-icon-marked-width: 0%;\">\n\t\t\t\t\t<svg aria-hidden=\"true\" class=\"e-font-icon-svg e-eicon-star\" viewbox=\"0 0 1000 1000\" xmlns=\"http:\/\/www.w3.org\/2000\/svg\"><path d=\"M450 75L338 312 88 350C46 354 25 417 58 450L238 633 196 896C188 942 238 975 275 954L500 837 725 954C767 975 813 942 804 896L763 633 942 450C975 417 954 358 913 350L663 312 550 75C529 33 471 33 450 75Z\"><\/path><\/svg>\t\t\t\t<\/div>\n\t\t\t\t<div class=\"e-icon-wrapper e-icon-unmarked\">\n\t\t\t\t\t<svg aria-hidden=\"true\" class=\"e-font-icon-svg e-eicon-star\" viewbox=\"0 0 1000 1000\" xmlns=\"http:\/\/www.w3.org\/2000\/svg\"><path d=\"M450 75L338 312 88 350C46 354 25 417 58 450L238 633 196 896C188 942 238 975 275 954L500 837 725 954C767 975 813 942 804 896L763 633 942 450C975 417 954 358 913 350L663 312 550 75C529 33 471 33 450 75Z\"><\/path><\/svg>\t\t\t\t<\/div>\n\t\t\t<\/div>\n\t\t\t\t\t\t<\/div>\n\t\t<\/div>\n\t\t\t\t\t\t<\/div>\n\t\t\t\t<\/div>\n\t\t\t\t\t<\/div>\n\t\t\t\t<\/div>\n\t\t<div class=\"elementor-element elementor-element-41604e6 e-flex e-con-boxed e-con e-parent\" data-id=\"41604e6\" data-element_type=\"container\" data-e-type=\"container\">\n\t\t\t\t\t<div class=\"e-con-inner\">\n\t\t\t\t<div class=\"elementor-element elementor-element-bde0e80 elementor-button-align-center elementor-widget elementor-widget-form\" data-id=\"bde0e80\" data-element_type=\"widget\" data-e-type=\"widget\" data-settings=\"{&quot;button_width&quot;:&quot;50&quot;,&quot;step_next_label&quot;:&quot;Next&quot;,&quot;step_previous_label&quot;:&quot;Previous&quot;,&quot;step_type&quot;:&quot;number_text&quot;,&quot;step_icon_shape&quot;:&quot;circle&quot;}\" data-widget_type=\"form.default\">\n\t\t\t\t<div class=\"elementor-widget-container\">\n\t\t\t\t\t\t\t<form class=\"elementor-form\" method=\"post\" name=\"New Form\" aria-label=\"Nauja forma\" action=\"\">\n\t\t\t<input type=\"hidden\" name=\"post_id\" value=\"13470\"\/>\n\t\t\t<input type=\"hidden\" name=\"form_id\" value=\"bde0e80\"\/>\n\t\t\t<input type=\"hidden\" name=\"referer_title\" value=\"V\u0113rt\u0113jums 3 - BIOENERGOSTIMS e-shop\" \/>\n\n\t\t\t\t\t\t\t<input type=\"hidden\" name=\"queried_id\" value=\"13470\"\/>\n\t\t\t\n\t\t\t<div class=\"elementor-form-fields-wrapper elementor-labels-\">\n\t\t\t\t\t\t\t\t<div class=\"elementor-field-type-textarea elementor-field-group elementor-column elementor-field-group-message elementor-col-100\">\n\t\t\t\t\t\t\t\t\t\t\t\t<label for=\"form-field-message\" class=\"elementor-field-label elementor-screen-only\">\n\t\t\t\t\t\t\t\tJ\u016bs\u0173 vardo ir pavard\u0117s arba el. pa\u0161to adreso nurodyti nereikia\t\t\t\t\t\t\t<\/label>\n\t\t\t\t\t\t<textarea class=\"elementor-field-textual elementor-field  elementor-size-sm\" name=\"form_fields[message]\" id=\"form-field-message\" rows=\"4\" placeholder=\"Jei nenorite nieko ra\u0161yti, SPIED Pateikite ap\u017evalg\u0105 ir mes j\u0105 gausime.\"><\/textarea>\t\t\t\t<\/div>\n\t\t\t\t\t\t\t\t<div class=\"elementor-field-group elementor-column elementor-field-type-submit elementor-col-50 e-form__buttons\">\n\t\t\t\t\t<button class=\"elementor-button elementor-size-lg\" type=\"submit\">\n\t\t\t\t\t\t<span class=\"elementor-button-content-wrapper\">\n\t\t\t\t\t\t\t\t\t\t\t\t\t\t\t<span class=\"elementor-button-icon\">\n\t\t\t\t\t\t\t\t\t<svg aria-hidden=\"true\" class=\"e-font-icon-svg e-far-bell\" viewbox=\"0 0 448 512\" xmlns=\"http:\/\/www.w3.org\/2000\/svg\"><path d=\"M439.39 362.29c-19.32-20.76-55.47-51.99-55.47-154.29 0-77.7-54.48-139.9-127.94-155.16V32c0-17.67-14.32-32-31.98-32s-31.98 14.33-31.98 32v20.84C118.56 68.1 64.08 130.3 64.08 208c0 102.3-36.15 133.53-55.47 154.29-6 6.45-8.66 14.16-8.61 21.71.11 16.4 12.98 32 32.1 32h383.8c19.12 0 32-15.6 32.1-32 .05-7.55-2.61-15.27-8.61-21.71zM67.53 368c21.22-27.97 44.42-74.33 44.53-159.42 0-.2-.06-.38-.06-.58 0-61.86 50.14-112 112-112s112 50.14 112 112c0 .2-.06.38-.06.58.11 85.1 23.31 131.46 44.53 159.42H67.53zM224 512c35.32 0 63.97-28.65 63.97-64H160.03c0 35.35 28.65 64 63.97 64z\"><\/path><\/svg>\t\t\t\t\t\t\t\t\t\t\t\t\t\t\t\t\t<\/span>\n\t\t\t\t\t\t\t\t\t\t\t\t\t\t\t\t\t\t\t\t\t\t<span class=\"elementor-button-text\"> Pateikti atsiliepimus<\/span>\n\t\t\t\t\t\t\t\t\t\t\t\t\t<\/span>\n\t\t\t\t\t<\/button>\n\t\t\t\t<\/div>\n\t\t\t<\/div>\n\t\t<input type=\"hidden\" name=\"trp-form-language\" value=\"lt\"\/><\/form>\n\t\t\t\t\t\t<\/div>\n\t\t\t\t<\/div>\n\t\t\t\t\t<\/div>\n\t\t\t\t<\/div>\n\t\t<div class=\"elementor-element elementor-element-45760ab e-flex e-con-boxed e-con e-parent\" data-id=\"45760ab\" data-element_type=\"container\" data-e-type=\"container\">\n\t\t\t\t\t<div class=\"e-con-inner\">\n\t\t<div class=\"elementor-element elementor-element-e121fa0 e-con-full e-flex e-con e-child\" data-id=\"e121fa0\" data-element_type=\"container\" data-e-type=\"container\">\n\t\t\t\t<div class=\"elementor-element elementor-element-2a9dc71 elementor-widget elementor-widget-image\" data-id=\"2a9dc71\" data-element_type=\"widget\" data-e-type=\"widget\" data-widget_type=\"image.default\">\n\t\t\t\t<div class=\"elementor-widget-container\">\n\t\t\t\t\t\t\t\t\t\t\t\t\t\t\t<img fetchpriority=\"high\" decoding=\"async\" width=\"300\" height=\"268\" src=\"https:\/\/bioenergostims.eu\/wp-content\/uploads\/2025\/06\/Screenshot-2025-04-23-103913-300x268.jpg\" class=\"attachment-medium size-medium wp-image-13460\" alt=\"\" srcset=\"https:\/\/bioenergostims.eu\/wp-content\/uploads\/2025\/06\/Screenshot-2025-04-23-103913-300x268.jpg 300w, https:\/\/bioenergostims.eu\/wp-content\/uploads\/2025\/06\/Screenshot-2025-04-23-103913-768x686.jpg 768w, https:\/\/bioenergostims.eu\/wp-content\/uploads\/2025\/06\/Screenshot-2025-04-23-103913-600x536.jpg 600w, https:\/\/bioenergostims.eu\/wp-content\/uploads\/2025\/06\/Screenshot-2025-04-23-103913.jpg 931w\" sizes=\"(max-width: 300px) 100vw, 300px\" \/>\t\t\t\t\t\t\t\t\t\t\t\t\t\t\t<\/div>\n\t\t\t\t<\/div>\n\t\t\t\t<\/div>\n\t\t<div class=\"elementor-element elementor-element-c8787e0 e-con-full e-flex e-con e-child\" data-id=\"c8787e0\" data-element_type=\"container\" data-e-type=\"container\" data-settings=\"{&quot;background_background&quot;:&quot;classic&quot;}\">\n\t\t<div class=\"elementor-element elementor-element-cddb925 e-con-full e-flex e-con e-child\" data-id=\"cddb925\" data-element_type=\"container\" data-e-type=\"container\">\n\t\t\t\t<div class=\"elementor-element elementor-element-74034ee elementor-widget elementor-widget-heading\" data-id=\"74034ee\" data-element_type=\"widget\" data-e-type=\"widget\" data-widget_type=\"heading.default\">\n\t\t\t\t<div class=\"elementor-widget-container\">\n\t\t\t\t\t<h3 class=\"elementor-heading-title elementor-size-default\">Mums labai svarbu suprasti, kur galime dirbti geriau ir tobulinti savo produktus bei paslaugas.<\/h3>\t\t\t\t<\/div>\n\t\t\t\t<\/div>\n\t\t\t\t<\/div>\n\t\t\t\t<\/div>\n\t\t\t\t\t<\/div>\n\t\t\t\t<\/div>\n\t\t\t\t<\/div>","protected":false},"excerpt":{"rendered":"<p>D\u0117kojame u\u017e \u012fvertinim\u0105! Kiekvienas \u012fvertinimas mums svarbus, kad suprastume, kaip galime tapti dar geresni. Jei turite akimirk\u0105, b\u016bt\u0173 puiku, jei gal\u0117tum\u0117te pasidalyti konkretesne informacija apie savo patirt\u012f. Tai mums labai pad\u0117t\u0173! Mums labai svarbu suprasti, kur galime tapti geresni ir tobulinti savo produktus bei paslaugas.<\/p>","protected":false},"author":1,"featured_media":0,"parent":0,"menu_order":0,"comment_status":"closed","ping_status":"closed","template":"","meta":{"footnotes":""},"class_list":["post-13470","page","type-page","status-publish","hentry"],"yoast_head":"<!-- This site is optimized with the Yoast SEO Premium plugin v24.8 (Yoast SEO v24.8) - https:\/\/yoast.com\/wordpress\/plugins\/seo\/ -->\n<title>V\u0113rt\u0113jums 3 - BIOENERGOSTIMS e-shop<\/title>\n<meta name=\"robots\" content=\"index, follow, max-snippet:-1, max-image-preview:large, max-video-preview:-1\" \/>\n<link rel=\"canonical\" href=\"https:\/\/bioenergostims.eu\/lt\/verteivos-3\/\" \/>\n<meta property=\"og:locale\" content=\"lt_LT\" \/>\n<meta property=\"og:type\" content=\"article\" \/>\n<meta property=\"og:title\" content=\"V\u0113rt\u0113jums 3\" \/>\n<meta property=\"og:description\" content=\"Paldies par J\u016bsu v\u0113rt\u0113jumu! Katrs v\u0113rt\u0113jums mums ir svar\u012bgs, lai saprastu, k\u0101 varam k\u013c\u016bt v\u0113l lab\u0101ki. Ja Jums ir v\u0113l mirklis, b\u016btu lieliski, ja J\u016bs padal\u012btos ar konkr\u0113t\u0101ku inform\u0101ciju par savu pieredzi. Tas mums \u013coti pal\u012bdz\u0113tu! Mums ir \u013coti svar\u012bgi saprast, kur varam k\u013c\u016bt lab\u0101ki un uzlabot savus produktus un servisu.\" \/>\n<meta property=\"og:url\" content=\"https:\/\/bioenergostims.eu\/lt\/verteivos-3\/\" \/>\n<meta property=\"og:site_name\" content=\"BIOENERGOSTIMS e-shop\" \/>\n<meta property=\"article:modified_time\" content=\"2025-09-28T07:37:30+00:00\" \/>\n<meta property=\"og:image\" content=\"https:\/\/bioenergostims.eu\/wp-content\/uploads\/2025\/06\/Screenshot-2025-04-23-103913.jpg\" \/>\n\t<meta property=\"og:image:width\" content=\"931\" \/>\n\t<meta property=\"og:image:height\" content=\"832\" \/>\n\t<meta property=\"og:image:type\" content=\"image\/jpeg\" \/>\n<meta name=\"twitter:card\" content=\"summary_large_image\" \/>\n<meta name=\"twitter:label1\" content=\"Est. reading time\" \/>\n\t<meta name=\"twitter:data1\" content=\"1 minut\u0117\" \/>\n<script type=\"application\/ld+json\" class=\"yoast-schema-graph\">{\"@context\":\"https:\/\/schema.org\",\"@graph\":[{\"@type\":\"WebPage\",\"@id\":\"https:\/\/bioenergostims.eu\/vertejums-3\/\",\"url\":\"https:\/\/bioenergostims.eu\/vertejums-3\/\",\"name\":\"V\u0113rt\u0113jums 3 - BIOENERGOSTIMS e-shop\",\"isPartOf\":{\"@id\":\"https:\/\/bioenergostims.eu\/#website\"},\"primaryImageOfPage\":{\"@id\":\"https:\/\/bioenergostims.eu\/vertejums-3\/#primaryimage\"},\"image\":{\"@id\":\"https:\/\/bioenergostims.eu\/vertejums-3\/#primaryimage\"},\"thumbnailUrl\":\"https:\/\/bioenergostims.eu\/wp-content\/uploads\/2025\/06\/Screenshot-2025-04-23-103913-300x268.jpg\",\"datePublished\":\"2025-06-06T12:52:27+00:00\",\"dateModified\":\"2025-09-28T07:37:30+00:00\",\"breadcrumb\":{\"@id\":\"https:\/\/bioenergostims.eu\/vertejums-3\/#breadcrumb\"},\"inLanguage\":\"lt-LT\",\"potentialAction\":[{\"@type\":\"ReadAction\",\"target\":[\"https:\/\/bioenergostims.eu\/vertejums-3\/\"]}]},{\"@type\":\"ImageObject\",\"inLanguage\":\"lt-LT\",\"@id\":\"https:\/\/bioenergostims.eu\/vertejums-3\/#primaryimage\",\"url\":\"https:\/\/bioenergostims.eu\/wp-content\/uploads\/2025\/06\/Screenshot-2025-04-23-103913-300x268.jpg\",\"contentUrl\":\"https:\/\/bioenergostims.eu\/wp-content\/uploads\/2025\/06\/Screenshot-2025-04-23-103913-300x268.jpg\"},{\"@type\":\"BreadcrumbList\",\"@id\":\"https:\/\/bioenergostims.eu\/vertejums-3\/#breadcrumb\",\"itemListElement\":[{\"@type\":\"ListItem\",\"position\":1,\"name\":\"Home\",\"item\":\"https:\/\/bioenergostims.eu\/\"},{\"@type\":\"ListItem\",\"position\":2,\"name\":\"V\u0113rt\u0113jums 3\"}]},{\"@type\":\"WebSite\",\"@id\":\"https:\/\/bioenergostims.eu\/#website\",\"url\":\"https:\/\/bioenergostims.eu\/\",\"name\":\"BIOENERGOSTIMS e-shop\",\"description\":\"BIOENERGOSTIMS EnergySelenium\",\"publisher\":{\"@id\":\"https:\/\/bioenergostims.eu\/#organization\"},\"potentialAction\":[{\"@type\":\"SearchAction\",\"target\":{\"@type\":\"EntryPoint\",\"urlTemplate\":\"https:\/\/bioenergostims.eu\/?s={search_term_string}\"},\"query-input\":{\"@type\":\"PropertyValueSpecification\",\"valueRequired\":true,\"valueName\":\"search_term_string\"}}],\"inLanguage\":\"lt-LT\"},{\"@type\":\"Organization\",\"@id\":\"https:\/\/bioenergostims.eu\/#organization\",\"name\":\"BIOENERGOSTIMS e-shop\",\"url\":\"https:\/\/bioenergostims.eu\/\",\"logo\":{\"@type\":\"ImageObject\",\"inLanguage\":\"lt-LT\",\"@id\":\"https:\/\/bioenergostims.eu\/#\/schema\/logo\/image\/\",\"url\":\"https:\/\/bioenergostims.eu\/wp-content\/uploads\/2024\/06\/Screenshot-2024-07-04-160517.png\",\"contentUrl\":\"https:\/\/bioenergostims.eu\/wp-content\/uploads\/2024\/06\/Screenshot-2024-07-04-160517.png\",\"width\":380,\"height\":116,\"caption\":\"BIOENERGOSTIMS e-shop\"},\"image\":{\"@id\":\"https:\/\/bioenergostims.eu\/#\/schema\/logo\/image\/\"}}]}<\/script>\n<!-- \/ Yoast SEO Premium plugin. -->","yoast_head_json":{"title":"\u012evertinimas 3 - BIOENERGOSTIMS el. parduotuv\u0117","robots":{"index":"index","follow":"follow","max-snippet":"max-snippet:-1","max-image-preview":"max-image-preview:large","max-video-preview":"max-video-preview:-1"},"canonical":"https:\/\/bioenergostims.eu\/lt\/verteivos-3\/","og_locale":"lt_LT","og_type":"article","og_title":"V\u0113rt\u0113jums 3","og_description":"Paldies par J\u016bsu v\u0113rt\u0113jumu! Katrs v\u0113rt\u0113jums mums ir svar\u012bgs, lai saprastu, k\u0101 varam k\u013c\u016bt v\u0113l lab\u0101ki. Ja Jums ir v\u0113l mirklis, b\u016btu lieliski, ja J\u016bs padal\u012btos ar konkr\u0113t\u0101ku inform\u0101ciju par savu pieredzi. Tas mums \u013coti pal\u012bdz\u0113tu! Mums ir \u013coti svar\u012bgi saprast, kur varam k\u013c\u016bt lab\u0101ki un uzlabot savus produktus un servisu.","og_url":"https:\/\/bioenergostims.eu\/lt\/verteivos-3\/","og_site_name":"BIOENERGOSTIMS e-shop","article_modified_time":"2025-09-28T07:37:30+00:00","og_image":[{"width":931,"height":832,"url":"https:\/\/bioenergostims.eu\/wp-content\/uploads\/2025\/06\/Screenshot-2025-04-23-103913.jpg","type":"image\/jpeg"}],"twitter_card":"summary_large_image","twitter_misc":{"Est. reading time":"1 minut\u0117"},"schema":{"@context":"https:\/\/schema.org","@graph":[{"@type":"WebPage","@id":"https:\/\/bioenergostims.eu\/vertejums-3\/","url":"https:\/\/bioenergostims.eu\/vertejums-3\/","name":"\u012evertinimas 3 - BIOENERGOSTIMS el. parduotuv\u0117","isPartOf":{"@id":"https:\/\/bioenergostims.eu\/#website"},"primaryImageOfPage":{"@id":"https:\/\/bioenergostims.eu\/vertejums-3\/#primaryimage"},"image":{"@id":"https:\/\/bioenergostims.eu\/vertejums-3\/#primaryimage"},"thumbnailUrl":"https:\/\/bioenergostims.eu\/wp-content\/uploads\/2025\/06\/Screenshot-2025-04-23-103913-300x268.jpg","datePublished":"2025-06-06T12:52:27+00:00","dateModified":"2025-09-28T07:37:30+00:00","breadcrumb":{"@id":"https:\/\/bioenergostims.eu\/vertejums-3\/#breadcrumb"},"inLanguage":"lt-LT","potentialAction":[{"@type":"ReadAction","target":["https:\/\/bioenergostims.eu\/vertejums-3\/"]}]},{"@type":"ImageObject","inLanguage":"lt-LT","@id":"https:\/\/bioenergostims.eu\/vertejums-3\/#primaryimage","url":"https:\/\/bioenergostims.eu\/wp-content\/uploads\/2025\/06\/Screenshot-2025-04-23-103913-300x268.jpg","contentUrl":"https:\/\/bioenergostims.eu\/wp-content\/uploads\/2025\/06\/Screenshot-2025-04-23-103913-300x268.jpg"},{"@type":"BreadcrumbList","@id":"https:\/\/bioenergostims.eu\/vertejums-3\/#breadcrumb","itemListElement":[{"@type":"ListItem","position":1,"name":"Home","item":"https:\/\/bioenergostims.eu\/"},{"@type":"ListItem","position":2,"name":"V\u0113rt\u0113jums 3"}]},{"@type":"WebSite","@id":"https:\/\/bioenergostims.eu\/#website","url":"https:\/\/bioenergostims.eu\/","name":"BIOENERGOSTIMS el. parduotuv\u0117","description":"BIOENERGOSTIMAI EnergijaSelenas","publisher":{"@id":"https:\/\/bioenergostims.eu\/#organization"},"potentialAction":[{"@type":"SearchAction","target":{"@type":"EntryPoint","urlTemplate":"https:\/\/bioenergostims.eu\/?s={search_term_string}"},"query-input":{"@type":"PropertyValueSpecification","valueRequired":true,"valueName":"search_term_string"}}],"inLanguage":"lt-LT"},{"@type":"Organization","@id":"https:\/\/bioenergostims.eu\/#organization","name":"BIOENERGOSTIMS el. parduotuv\u0117","url":"https:\/\/bioenergostims.eu\/","logo":{"@type":"ImageObject","inLanguage":"lt-LT","@id":"https:\/\/bioenergostims.eu\/#\/schema\/logo\/image\/","url":"https:\/\/bioenergostims.eu\/wp-content\/uploads\/2024\/06\/Screenshot-2024-07-04-160517.png","contentUrl":"https:\/\/bioenergostims.eu\/wp-content\/uploads\/2024\/06\/Screenshot-2024-07-04-160517.png","width":380,"height":116,"caption":"BIOENERGOSTIMS e-shop"},"image":{"@id":"https:\/\/bioenergostims.eu\/#\/schema\/logo\/image\/"}}]}},"_links":{"self":[{"href":"https:\/\/bioenergostims.eu\/lt\/wp-json\/wp\/v2\/pages\/13470","targetHints":{"allow":["GET"]}}],"collection":[{"href":"https:\/\/bioenergostims.eu\/lt\/wp-json\/wp\/v2\/pages"}],"about":[{"href":"https:\/\/bioenergostims.eu\/lt\/wp-json\/wp\/v2\/types\/page"}],"author":[{"embeddable":true,"href":"https:\/\/bioenergostims.eu\/lt\/wp-json\/wp\/v2\/users\/1"}],"replies":[{"embeddable":true,"href":"https:\/\/bioenergostims.eu\/lt\/wp-json\/wp\/v2\/comments?post=13470"}],"version-history":[{"count":0,"href":"https:\/\/bioenergostims.eu\/lt\/wp-json\/wp\/v2\/pages\/13470\/revisions"}],"wp:attachment":[{"href":"https:\/\/bioenergostims.eu\/lt\/wp-json\/wp\/v2\/media?parent=13470"}],"curies":[{"name":"wp","href":"https:\/\/api.w.org\/{rel}","templated":true}]}}