{"id":294,"date":"2024-07-05T09:25:15","date_gmt":"2024-07-05T09:25:15","guid":{"rendered":"https:\/\/bioenergostims.eu\/?page_id=294"},"modified":"2024-10-02T09:25:23","modified_gmt":"2024-10-02T09:25:23","slug":"mokejimo-budai-ir-salygos","status":"publish","type":"page","link":"https:\/\/bioenergostims.eu\/lt\/mokejimo-budai-ir-salygos\/","title":{"rendered":"Mok\u0117jimo b\u016bdai ir s\u0105lygos"},"content":{"rendered":"<div data-elementor-type=\"wp-page\" data-elementor-id=\"294\" class=\"elementor elementor-294\" data-elementor-post-type=\"page\">\n\t\t\t\t<div class=\"elementor-element elementor-element-3f9783d e-flex e-con-boxed e-con e-parent\" data-id=\"3f9783d\" data-element_type=\"container\" data-e-type=\"container\">\n\t\t\t\t\t<div class=\"e-con-inner\">\n\t\t\t\t<div class=\"elementor-element elementor-element-c5879d9 elementor-widget elementor-widget-heading\" data-id=\"c5879d9\" data-element_type=\"widget\" data-e-type=\"widget\" data-widget_type=\"heading.default\">\n\t\t\t\t<div class=\"elementor-widget-container\">\n\t\t\t\t\t<h2 class=\"elementor-heading-title elementor-size-default\">Mok\u0117jimo b\u016bdai ir s\u0105lygos<\/h2>\t\t\t\t<\/div>\n\t\t\t\t<\/div>\n\t\t\t\t\t<\/div>\n\t\t\t\t<\/div>\n\t\t<div class=\"elementor-element elementor-element-722557e e-flex e-con-boxed e-con e-parent\" data-id=\"722557e\" data-element_type=\"container\" data-e-type=\"container\">\n\t\t\t\t\t<div class=\"e-con-inner\">\n\t\t\t\t<div class=\"elementor-element elementor-element-3e10bb5 elementor-widget elementor-widget-text-editor\" data-id=\"3e10bb5\" data-element_type=\"widget\" data-e-type=\"widget\" data-widget_type=\"text-editor.default\">\n\t\t\t\t<div class=\"elementor-widget-container\">\n\t\t\t\t\t\t\t\t\t<p><\/p>\n<p>Visi mok\u0117jimai atliekami eurais.<\/p>\n<p><strong>M\u016bs\u0173 elektronin\u0117s prekybos mok\u0117jimo paslauga teikiama bendradarbiaujant su finansini\u0173 technologij\u0173 bendrove \"EveryPay\" ir SEB banku, kurio platforma 2020 m. \"Paytech\" apdovanojimuose buvo pripa\u017einta geriausiu elektronin\u0117s prekybos mok\u0117jimo sprendimu.<\/strong><\/p>\n<p><\/p>\n<p class=\"has-text-align-justify\"><span style=\"text-decoration: underline;\"><strong>S\u0105skaita fakt\u016bra - banko pavedimas (IBAN).<\/strong><\/span> <em>U\u017e u\u017esakym\u0105 galite sumok\u0117ti pervesdami l\u0117\u0161as \u012f m\u016bs\u0173 banko s\u0105skait\u0105, kuri nurodyta u\u017esakymo santraukoje. <\/em><\/p>\n<p><\/p>\n<p class=\"has-text-align-justify\">Pateik\u0119 u\u017esakym\u0105, nurodytu el. pa\u0161to adresu gausite u\u017esakymo santrauk\u0105 ir i\u0161sami\u0105 informacij\u0105 apie tai, kur sumok\u0117ti u\u017e u\u017esakym\u0105. \u0160i informacija taip pat bus rodoma ekrane paskutiniame u\u017esakymo proceso etape.<\/p>\n<p><\/p>\n<p class=\"has-text-align-justify\">Apmok\u0117kite u\u017esakym\u0105, nurodydami u\u017esakymo numer\u012f kaip mok\u0117jimo paskirt\u012f. Mok\u0117jimas turi b\u016bti atliktas per 3 darbo dienas. Jei per nurodyt\u0105 laikotarp\u012f mok\u0117jimas nebus gautas, j\u016bs\u0173 u\u017esakymas bus at\u0161auktas.<\/p>\n<p><\/p>\n<p class=\"has-text-align-justify\"><span style=\"text-decoration: underline;\"><strong>Mok\u0117jimas kortele (Visa, MasterCard).<\/strong><\/span> Apmok\u0117kite u\u017esakym\u0105 mok\u0117jimo kortele.<\/p>\n<p><\/p>\n<p class=\"has-text-align-justify\">Internetin\u0117je parduotuv\u0117je patogiai atsiskaitykite kredito kortele. U\u017esakydami tiesiog pasirinkite atitinkam\u0105 kortel\u0119 ir \u012fveskite reikiamus duomenis \u012f laukus. Jei j\u016bs\u0173 mok\u0117jimas nepriimamas, nors pateikta informacija yra teisinga, kreipkit\u0117s \u012f savo bank\u0105 arba i\u0161bandykite kit\u0105 mok\u0117jimo b\u016bd\u0105.<\/p>\n<p><\/p>\n<p><span style=\"text-decoration: underline;\"><strong>Mok\u0117jimas per internetin\u0119 bankininkyst\u0119 (Latvija, Lietuva, Estija).<\/strong><\/span> Apmok\u0117kite u\u017esakym\u0105 naudodamiesi internetine bankininkyste.<\/p>\n<p>Naudodamiesi m\u016bs\u0173 paslaugomis pripa\u017e\u012fstate ir sutinkate su m\u016bs\u0173 mok\u0117jimo politika. Jei turite klausim\u0173 ar abejoni\u0173 d\u0117l \u0161i\u0173 s\u0105lyg\u0173, kreipkit\u0117s \u012f m\u016bs\u0173 klient\u0173 aptarnavimo komand\u0105.<\/p>\n<p><\/p>\t\t\t\t\t\t\t\t<\/div>\n\t\t\t\t<\/div>\n\t\t\t\t\t<\/div>\n\t\t\t\t<\/div>\n\t\t\t\t<\/div>","protected":false},"excerpt":{"rendered":"<p>Apmaksas veidi un noteikumi Visi maks\u0101jumi tiek iekas\u0113ti EURO val\u016bt\u0101. M\u016bsu e-komercijas maks\u0101jumu pakalpojums tiek sniegts sadarb\u012bb\u0101 ar finan\u0161u tehnolo\u0123iju uz\u0146\u0113mumu EveryPay un SEB banku, kura platforma atz\u012bta par lab\u0101ko e-komercijas maks\u0101jumu risin\u0101jumu 2020. gada Paytech Awards. R\u0113\u0137ins &#8211; Bankas p\u0101rskait\u012bjums (IBAN). Pas\u016bt\u012bjumu iesp\u0113jams apmaks\u0101t veicot naudas l\u012bdzek\u013cu p\u0101rskait\u012bjumu uz m\u016bsu bankas kontu, kas nor\u0101d\u012bts [&hellip;]<\/p>","protected":false},"author":1,"featured_media":0,"parent":0,"menu_order":0,"comment_status":"closed","ping_status":"closed","template":"","meta":{"footnotes":""},"class_list":["post-294","page","type-page","status-publish","hentry"],"yoast_head":"<!-- This site is optimized with the Yoast SEO Premium plugin v24.8 (Yoast SEO v24.8) - https:\/\/yoast.com\/wordpress\/plugins\/seo\/ -->\n<title>Apmaksas veidi un noteikumi\u200b - BIOENERGOSTIMS e-shop<\/title>\n<meta name=\"robots\" content=\"noindex, follow\" \/>\n<meta property=\"og:locale\" content=\"lt_LT\" \/>\n<meta property=\"og:type\" content=\"article\" \/>\n<meta property=\"og:title\" content=\"Apmaksas veidi un noteikumi\u200b\" \/>\n<meta property=\"og:description\" content=\"Apmaksas veidi un noteikumi Visi maks\u0101jumi tiek iekas\u0113ti EURO val\u016bt\u0101. M\u016bsu e-komercijas maks\u0101jumu pakalpojums tiek sniegts sadarb\u012bb\u0101 ar finan\u0161u tehnolo\u0123iju uz\u0146\u0113mumu EveryPay un SEB banku, kura platforma atz\u012bta par lab\u0101ko e-komercijas maks\u0101jumu risin\u0101jumu 2020. gada Paytech Awards. R\u0113\u0137ins &#8211; Bankas p\u0101rskait\u012bjums (IBAN). Pas\u016bt\u012bjumu iesp\u0113jams apmaks\u0101t veicot naudas l\u012bdzek\u013cu p\u0101rskait\u012bjumu uz m\u016bsu bankas kontu, kas nor\u0101d\u012bts [&hellip;]\" \/>\n<meta property=\"og:url\" content=\"https:\/\/bioenergostims.eu\/lt\/mokejimo-budai-ir-salygos\/\" \/>\n<meta property=\"og:site_name\" content=\"BIOENERGOSTIMS e-shop\" \/>\n<meta property=\"article:modified_time\" content=\"2024-10-02T09:25:23+00:00\" \/>\n<meta name=\"twitter:card\" content=\"summary_large_image\" \/>\n<meta name=\"twitter:label1\" content=\"Est. reading time\" \/>\n\t<meta name=\"twitter:data1\" content=\"2 minut\u0117s\" \/>\n<script type=\"application\/ld+json\" class=\"yoast-schema-graph\">{\"@context\":\"https:\/\/schema.org\",\"@graph\":[{\"@type\":\"WebPage\",\"@id\":\"https:\/\/bioenergostims.eu\/apmaksas-veidi-un-noteikumi\/\",\"url\":\"https:\/\/bioenergostims.eu\/apmaksas-veidi-un-noteikumi\/\",\"name\":\"Apmaksas veidi un noteikumi\u200b - BIOENERGOSTIMS e-shop\",\"isPartOf\":{\"@id\":\"https:\/\/bioenergostims.eu\/#website\"},\"datePublished\":\"2024-07-05T09:25:15+00:00\",\"dateModified\":\"2024-10-02T09:25:23+00:00\",\"breadcrumb\":{\"@id\":\"https:\/\/bioenergostims.eu\/apmaksas-veidi-un-noteikumi\/#breadcrumb\"},\"inLanguage\":\"lt-LT\",\"potentialAction\":[{\"@type\":\"ReadAction\",\"target\":[\"https:\/\/bioenergostims.eu\/apmaksas-veidi-un-noteikumi\/\"]}]},{\"@type\":\"BreadcrumbList\",\"@id\":\"https:\/\/bioenergostims.eu\/apmaksas-veidi-un-noteikumi\/#breadcrumb\",\"itemListElement\":[{\"@type\":\"ListItem\",\"position\":1,\"name\":\"Home\",\"item\":\"https:\/\/bioenergostims.eu\/\"},{\"@type\":\"ListItem\",\"position\":2,\"name\":\"Apmaksas veidi un noteikumi\u200b\"}]},{\"@type\":\"WebSite\",\"@id\":\"https:\/\/bioenergostims.eu\/#website\",\"url\":\"https:\/\/bioenergostims.eu\/\",\"name\":\"BIOENERGOSTIMS e-shop\",\"description\":\"BIOENERGOSTIMS EnergySelenium\",\"publisher\":{\"@id\":\"https:\/\/bioenergostims.eu\/#organization\"},\"potentialAction\":[{\"@type\":\"SearchAction\",\"target\":{\"@type\":\"EntryPoint\",\"urlTemplate\":\"https:\/\/bioenergostims.eu\/?s={search_term_string}\"},\"query-input\":{\"@type\":\"PropertyValueSpecification\",\"valueRequired\":true,\"valueName\":\"search_term_string\"}}],\"inLanguage\":\"lt-LT\"},{\"@type\":\"Organization\",\"@id\":\"https:\/\/bioenergostims.eu\/#organization\",\"name\":\"BIOENERGOSTIMS e-shop\",\"url\":\"https:\/\/bioenergostims.eu\/\",\"logo\":{\"@type\":\"ImageObject\",\"inLanguage\":\"lt-LT\",\"@id\":\"https:\/\/bioenergostims.eu\/#\/schema\/logo\/image\/\",\"url\":\"https:\/\/bioenergostims.eu\/wp-content\/uploads\/2024\/06\/Screenshot-2024-07-04-160517.png\",\"contentUrl\":\"https:\/\/bioenergostims.eu\/wp-content\/uploads\/2024\/06\/Screenshot-2024-07-04-160517.png\",\"width\":380,\"height\":116,\"caption\":\"BIOENERGOSTIMS e-shop\"},\"image\":{\"@id\":\"https:\/\/bioenergostims.eu\/#\/schema\/logo\/image\/\"}}]}<\/script>\n<!-- \/ Yoast SEO Premium plugin. -->","yoast_head_json":{"title":"Mok\u0117jimo b\u016bdai ir s\u0105lygos - BIOENERGOSTIMS el. parduotuv\u0117","robots":{"index":"noindex","follow":"follow"},"og_locale":"lt_LT","og_type":"article","og_title":"Apmaksas veidi un noteikumi\u200b","og_description":"Apmaksas veidi un noteikumi Visi maks\u0101jumi tiek iekas\u0113ti EURO val\u016bt\u0101. M\u016bsu e-komercijas maks\u0101jumu pakalpojums tiek sniegts sadarb\u012bb\u0101 ar finan\u0161u tehnolo\u0123iju uz\u0146\u0113mumu EveryPay un SEB banku, kura platforma atz\u012bta par lab\u0101ko e-komercijas maks\u0101jumu risin\u0101jumu 2020. gada Paytech Awards. R\u0113\u0137ins &#8211; Bankas p\u0101rskait\u012bjums (IBAN). Pas\u016bt\u012bjumu iesp\u0113jams apmaks\u0101t veicot naudas l\u012bdzek\u013cu p\u0101rskait\u012bjumu uz m\u016bsu bankas kontu, kas nor\u0101d\u012bts [&hellip;]","og_url":"https:\/\/bioenergostims.eu\/lt\/mokejimo-budai-ir-salygos\/","og_site_name":"BIOENERGOSTIMS e-shop","article_modified_time":"2024-10-02T09:25:23+00:00","twitter_card":"summary_large_image","twitter_misc":{"Est. reading time":"2 minut\u0117s"},"schema":{"@context":"https:\/\/schema.org","@graph":[{"@type":"WebPage","@id":"https:\/\/bioenergostims.eu\/apmaksas-veidi-un-noteikumi\/","url":"https:\/\/bioenergostims.eu\/apmaksas-veidi-un-noteikumi\/","name":"Mok\u0117jimo b\u016bdai ir s\u0105lygos - BIOENERGOSTIMS el. parduotuv\u0117","isPartOf":{"@id":"https:\/\/bioenergostims.eu\/#website"},"datePublished":"2024-07-05T09:25:15+00:00","dateModified":"2024-10-02T09:25:23+00:00","breadcrumb":{"@id":"https:\/\/bioenergostims.eu\/apmaksas-veidi-un-noteikumi\/#breadcrumb"},"inLanguage":"lt-LT","potentialAction":[{"@type":"ReadAction","target":["https:\/\/bioenergostims.eu\/apmaksas-veidi-un-noteikumi\/"]}]},{"@type":"BreadcrumbList","@id":"https:\/\/bioenergostims.eu\/apmaksas-veidi-un-noteikumi\/#breadcrumb","itemListElement":[{"@type":"ListItem","position":1,"name":"Home","item":"https:\/\/bioenergostims.eu\/"},{"@type":"ListItem","position":2,"name":"Apmaksas veidi un noteikumi\u200b"}]},{"@type":"WebSite","@id":"https:\/\/bioenergostims.eu\/#website","url":"https:\/\/bioenergostims.eu\/","name":"BIOENERGOSTIMS el. parduotuv\u0117","description":"BIOENERGOSTIMAI EnergijaSelenas","publisher":{"@id":"https:\/\/bioenergostims.eu\/#organization"},"potentialAction":[{"@type":"SearchAction","target":{"@type":"EntryPoint","urlTemplate":"https:\/\/bioenergostims.eu\/?s={search_term_string}"},"query-input":{"@type":"PropertyValueSpecification","valueRequired":true,"valueName":"search_term_string"}}],"inLanguage":"lt-LT"},{"@type":"Organization","@id":"https:\/\/bioenergostims.eu\/#organization","name":"BIOENERGOSTIMS el. parduotuv\u0117","url":"https:\/\/bioenergostims.eu\/","logo":{"@type":"ImageObject","inLanguage":"lt-LT","@id":"https:\/\/bioenergostims.eu\/#\/schema\/logo\/image\/","url":"https:\/\/bioenergostims.eu\/wp-content\/uploads\/2024\/06\/Screenshot-2024-07-04-160517.png","contentUrl":"https:\/\/bioenergostims.eu\/wp-content\/uploads\/2024\/06\/Screenshot-2024-07-04-160517.png","width":380,"height":116,"caption":"BIOENERGOSTIMS e-shop"},"image":{"@id":"https:\/\/bioenergostims.eu\/#\/schema\/logo\/image\/"}}]}},"_links":{"self":[{"href":"https:\/\/bioenergostims.eu\/lt\/wp-json\/wp\/v2\/pages\/294","targetHints":{"allow":["GET"]}}],"collection":[{"href":"https:\/\/bioenergostims.eu\/lt\/wp-json\/wp\/v2\/pages"}],"about":[{"href":"https:\/\/bioenergostims.eu\/lt\/wp-json\/wp\/v2\/types\/page"}],"author":[{"embeddable":true,"href":"https:\/\/bioenergostims.eu\/lt\/wp-json\/wp\/v2\/users\/1"}],"replies":[{"embeddable":true,"href":"https:\/\/bioenergostims.eu\/lt\/wp-json\/wp\/v2\/comments?post=294"}],"version-history":[{"count":0,"href":"https:\/\/bioenergostims.eu\/lt\/wp-json\/wp\/v2\/pages\/294\/revisions"}],"wp:attachment":[{"href":"https:\/\/bioenergostims.eu\/lt\/wp-json\/wp\/v2\/media?parent=294"}],"curies":[{"name":"wp","href":"https:\/\/api.w.org\/{rel}","templated":true}]}}