{"id":304,"date":"2024-07-05T09:59:48","date_gmt":"2024-07-05T09:59:48","guid":{"rendered":"https:\/\/bioenergostims.eu\/?page_id=304"},"modified":"2024-10-02T09:30:58","modified_gmt":"2024-10-02T09:30:58","slug":"100-garantija","status":"publish","type":"page","link":"https:\/\/bioenergostims.eu\/lt\/100-garantija\/","title":{"rendered":"100% Garantija"},"content":{"rendered":"<div data-elementor-type=\"wp-page\" data-elementor-id=\"304\" class=\"elementor elementor-304\" data-elementor-post-type=\"page\">\n\t\t\t\t<div class=\"elementor-element elementor-element-91b7264 e-flex e-con-boxed e-con e-parent\" data-id=\"91b7264\" data-element_type=\"container\" data-e-type=\"container\">\n\t\t\t\t\t<div class=\"e-con-inner\">\n\t\t\t\t<div class=\"elementor-element elementor-element-4a4cb25 elementor-widget elementor-widget-heading\" data-id=\"4a4cb25\" data-element_type=\"widget\" data-e-type=\"widget\" data-widget_type=\"heading.default\">\n\t\t\t\t<div class=\"elementor-widget-container\">\n\t\t\t\t\t<h2 class=\"elementor-heading-title elementor-size-default\">100% Garantijos s\u0105lygos<\/h2>\t\t\t\t<\/div>\n\t\t\t\t<\/div>\n\t\t\t\t\t<\/div>\n\t\t\t\t<\/div>\n\t\t<div class=\"elementor-element elementor-element-766422c e-flex e-con-boxed e-con e-parent\" data-id=\"766422c\" data-element_type=\"container\" data-e-type=\"container\">\n\t\t\t\t\t<div class=\"e-con-inner\">\n\t\t\t\t<div class=\"elementor-element elementor-element-13d9818 elementor-widget elementor-widget-text-editor\" data-id=\"13d9818\" data-element_type=\"widget\" data-e-type=\"widget\" data-widget_type=\"text-editor.default\">\n\t\t\t\t<div class=\"elementor-widget-container\">\n\t\t\t\t\t\t\t\t\t<p>Mes tikime savo gaminiais ir norime, kad b\u016btum\u0117te jais visi\u0161kai patenkinti.<\/p>\t\t\t\t\t\t\t\t<\/div>\n\t\t\t\t<\/div>\n\t\t\t\t\t<\/div>\n\t\t\t\t<\/div>\n\t\t<div class=\"elementor-element elementor-element-8675f30 e-flex e-con-boxed e-con e-parent\" data-id=\"8675f30\" data-element_type=\"container\" data-e-type=\"container\">\n\t\t\t\t\t<div class=\"e-con-inner\">\n\t\t\t\t<div class=\"elementor-element elementor-element-6339e77 elementor-widget elementor-widget-heading\" data-id=\"6339e77\" data-element_type=\"widget\" data-e-type=\"widget\" data-widget_type=\"heading.default\">\n\t\t\t\t<div class=\"elementor-widget-container\">\n\t\t\t\t\t<h3 class=\"elementor-heading-title elementor-size-default\">Apie mus<\/h3>\t\t\t\t<\/div>\n\t\t\t\t<\/div>\n\t\t\t\t\t<\/div>\n\t\t\t\t<\/div>\n\t\t<div class=\"elementor-element elementor-element-add2731 e-flex e-con-boxed e-con e-parent\" data-id=\"add2731\" data-element_type=\"container\" data-e-type=\"container\">\n\t\t\t\t\t<div class=\"e-con-inner\">\n\t\t\t\t<div class=\"elementor-element elementor-element-8cd156f elementor-widget elementor-widget-text-editor\" data-id=\"8cd156f\" data-element_type=\"widget\" data-e-type=\"widget\" data-widget_type=\"text-editor.default\">\n\t\t\t\t<div class=\"elementor-widget-container\">\n\t\t\t\t\t\t\t\t\t<p>\"BIOMEDICAL EUROPEAN ACADEMY Ltd.\" yra 1994 m. \u012fkurta \u012fmon\u0117, kuri jau daugiau nei 30 met\u0173 u\u017esiima mokslui imliu verslumu, kuria, gamina ir platina naujos kartos maisto papildus.<\/p>\t\t\t\t\t\t\t\t<\/div>\n\t\t\t\t<\/div>\n\t\t\t\t<div class=\"elementor-element elementor-element-107bff1 elementor-widget elementor-widget-heading\" data-id=\"107bff1\" data-element_type=\"widget\" data-e-type=\"widget\" data-widget_type=\"heading.default\">\n\t\t\t\t<div class=\"elementor-widget-container\">\n\t\t\t\t\t<h3 class=\"elementor-heading-title elementor-size-default\">M\u016bs\u0173 produktai<\/h3>\t\t\t\t<\/div>\n\t\t\t\t<\/div>\n\t\t\t\t\t<\/div>\n\t\t\t\t<\/div>\n\t\t<div class=\"elementor-element elementor-element-4e85680 e-flex e-con-boxed e-con e-parent\" data-id=\"4e85680\" data-element_type=\"container\" data-e-type=\"container\">\n\t\t\t\t\t<div class=\"e-con-inner\">\n\t\t\t\t<div class=\"elementor-element elementor-element-a3d4182 elementor-widget elementor-widget-text-editor\" data-id=\"a3d4182\" data-element_type=\"widget\" data-e-type=\"widget\" data-widget_type=\"text-editor.default\">\n\t\t\t\t<div class=\"elementor-widget-container\">\n\t\t\t\t\t\t\t\t\t<p><\/p>\n<p class=\"has-text-align-justify has-black-color has-text-color\">\u012emon\u0117 suk\u016br\u0117 ir gamina naujos kartos seleno papildus BIOENERGOSTIMS su EnergySelenium, kurie yra vieninteliai produktai pasaulyje su garantuotai biologi\u0161kai prieinamu selenu, kurio doz\u0117je yra Oligo-Selenium - sinergetinis keli\u0173 moksli\u0161kai \u012frodyt\u0173 ir klini\u0161kai patvirtint\u0173 maistini\u0173 seleno form\u0173 derinys \"Food-Grade TopPure\" prek\u0117s \u017eenkle, 100% tirpios ir 100% jonizuotos form\u0173.<\/p>\n<p class=\"has-text-align-justify has-black-color has-text-color\">30 met\u0173 patirtis rodo, kad BIOENERGOSTIM ir BIOSTIM yra puik\u016bs, labai veiksmingi, pasi\u017eymi pla\u010diu biologinio poveikio spektru, fiziologin\u0117mis doz\u0117mis yra saug\u016bs tiek suaugusiesiems, tiek vaikams. Moksliniai ir klinikiniai duomenys rodo, kad reguliariai profilakti\u0161kai vartojant BIOENERGOSTIM\u0104 ir BIOSTIM\u0104 \u017eymiai pager\u0117ja gyvenimo kokyb\u0117, fizinis, psichinis ir psichologinis funkcionalumas bei savijauta.<\/p>\n<p><\/p>\n<p class=\"has-text-align-justify has-black-color has-text-color\">Bendrov\u0117s gaminami produktai yra registruoti <a href=\"https:\/\/registri.pvd.gov.lv\/ub\">Latvijos Respublikos maisto ir veterinarijos tarnyba (PVD)<\/a> registrus ir atitinka Europos S\u0105jungos kokyb\u0117s ir maisto saugos reikalavimus.<\/p>\n<p><\/p>\t\t\t\t\t\t\t\t<\/div>\n\t\t\t\t<\/div>\n\t\t\t\t<div class=\"elementor-element elementor-element-01b407d elementor-widget elementor-widget-heading\" data-id=\"01b407d\" data-element_type=\"widget\" data-e-type=\"widget\" data-widget_type=\"heading.default\">\n\t\t\t\t<div class=\"elementor-widget-container\">\n\t\t\t\t\t<h3 class=\"elementor-heading-title elementor-size-default\">Garantijos s\u0105lygos<\/h3>\t\t\t\t<\/div>\n\t\t\t\t<\/div>\n\t\t\t\t\t<\/div>\n\t\t\t\t<\/div>\n\t\t<div class=\"elementor-element elementor-element-525edfc e-flex e-con-boxed e-con e-parent\" data-id=\"525edfc\" data-element_type=\"container\" data-e-type=\"container\">\n\t\t\t\t\t<div class=\"e-con-inner\">\n\t\t\t\t<div class=\"elementor-element elementor-element-fab0519 elementor-widget elementor-widget-heading\" data-id=\"fab0519\" data-element_type=\"widget\" data-e-type=\"widget\" data-widget_type=\"heading.default\">\n\t\t\t\t<div class=\"elementor-widget-container\">\n\t\t\t\t\t<h2 class=\"elementor-heading-title elementor-size-default\">Prekes i\u0161siun\u010dia gamintojas.<\/h2>\t\t\t\t<\/div>\n\t\t\t\t<\/div>\n\t\t\t\t\t<\/div>\n\t\t\t\t<\/div>\n\t\t<div class=\"elementor-element elementor-element-1a60a72 e-flex e-con-boxed e-con e-parent\" data-id=\"1a60a72\" data-element_type=\"container\" data-e-type=\"container\">\n\t\t\t\t\t<div class=\"e-con-inner\">\n\t\t\t\t<div class=\"elementor-element elementor-element-ff2dd3c elementor-widget elementor-widget-text-editor\" data-id=\"ff2dd3c\" data-element_type=\"widget\" data-e-type=\"widget\" data-widget_type=\"text-editor.default\">\n\t\t\t\t<div class=\"elementor-widget-container\">\n\t\t\t\t\t\t\t\t\t<p><\/p><p>Garantijos s\u0105lygos taikomos m\u016bs\u0173 svetain\u0117je www.bioenergostims.eu \u012fsigytoms prek\u0117ms.<\/p><p>Garantija - tai nemokamas gamintojo ar pardav\u0117jo pa\u017eadas gr\u0105\u017einti u\u017e gamin\u012f sumok\u0117tus pinigus, pakeisti gamin\u012f \u012f lygiavert\u012f gamin\u012f arba imtis kit\u0173 veiksm\u0173, jei gaminys neatitinka gaminio apra\u0161ymo ar reklamuojam\u0173 savybi\u0173.<\/p><p>Kad i\u0161vengtum\u0117te nesusipratim\u0173, gav\u0119 prekes patikrinkite, ar jos atitinka u\u017esakym\u0105.<\/p><p>Galiojimo data nurodyta ant pakuot\u0117s.<\/p><p><\/p>\t\t\t\t\t\t\t\t<\/div>\n\t\t\t\t<\/div>\n\t\t\t\t\t<\/div>\n\t\t\t\t<\/div>\n\t\t<div class=\"elementor-element elementor-element-31c892d e-flex e-con-boxed e-con e-parent\" data-id=\"31c892d\" data-element_type=\"container\" data-e-type=\"container\">\n\t\t\t\t\t<div class=\"e-con-inner\">\n\t\t\t\t<div class=\"elementor-element elementor-element-a5e543e elementor-widget elementor-widget-heading\" data-id=\"a5e543e\" data-element_type=\"widget\" data-e-type=\"widget\" data-widget_type=\"heading.default\">\n\t\t\t\t<div class=\"elementor-widget-container\">\n\t\t\t\t\t<h2 class=\"elementor-heading-title elementor-size-default\">Minimalus produkto galiojimo laikas - 24 m\u0117nesiai nuo u\u017esakymo gavimo.<\/h2>\t\t\t\t<\/div>\n\t\t\t\t<\/div>\n\t\t\t\t\t<\/div>\n\t\t\t\t<\/div>\n\t\t<div class=\"elementor-element elementor-element-f8b5644 e-flex e-con-boxed e-con e-parent\" data-id=\"f8b5644\" data-element_type=\"container\" data-e-type=\"container\">\n\t\t\t\t\t<div class=\"e-con-inner\">\n\t\t\t\t<div class=\"elementor-element elementor-element-d69a01d elementor-widget elementor-widget-text-editor\" data-id=\"d69a01d\" data-element_type=\"widget\" data-e-type=\"widget\" data-widget_type=\"text-editor.default\">\n\t\t\t\t<div class=\"elementor-widget-container\">\n\t\t\t\t\t\t\t\t\t<p><\/p><p>Pardav\u0117jas u\u017etikrina, kad parduodamos prek\u0117s b\u016bt\u0173 pateiktos pagal \u012fstatymus ir kitus teis\u0117s aktus, reglamentuojan\u010dius maisto papild\u0173 naudojim\u0105 ir \u017eenklinim\u0105, ir kad prie j\u0173 b\u016bt\u0173 prid\u0117ta arba pridedama informacija apie tinkam\u0105 ir saug\u0173 j\u0173 naudojim\u0105.<\/p><p><\/p>\t\t\t\t\t\t\t\t<\/div>\n\t\t\t\t<\/div>\n\t\t\t\t\t<\/div>\n\t\t\t\t<\/div>\n\t\t<div class=\"elementor-element elementor-element-7549f56 e-flex e-con-boxed e-con e-parent\" data-id=\"7549f56\" data-element_type=\"container\" data-e-type=\"container\">\n\t\t\t\t\t<div class=\"e-con-inner\">\n\t\t\t\t<div class=\"elementor-element elementor-element-5124a10 elementor-widget elementor-widget-heading\" data-id=\"5124a10\" data-element_type=\"widget\" data-e-type=\"widget\" data-widget_type=\"heading.default\">\n\t\t\t\t<div class=\"elementor-widget-container\">\n\t\t\t\t\t<h2 class=\"elementor-heading-title elementor-size-default\">\u012esigytos prek\u0117s siun\u010diamos originalioje pakuot\u0117je.<\/h2>\t\t\t\t<\/div>\n\t\t\t\t<\/div>\n\t\t\t\t\t<\/div>\n\t\t\t\t<\/div>\n\t\t<div class=\"elementor-element elementor-element-667e4c7 e-flex e-con-boxed e-con e-parent\" data-id=\"667e4c7\" data-element_type=\"container\" data-e-type=\"container\">\n\t\t\t\t\t<div class=\"e-con-inner\">\n\t\t\t\t<div class=\"elementor-element elementor-element-8438367 elementor-widget elementor-widget-text-editor\" data-id=\"8438367\" data-element_type=\"widget\" data-e-type=\"widget\" data-widget_type=\"text-editor.default\">\n\t\t\t\t<div class=\"elementor-widget-container\">\n\t\t\t\t\t\t\t\t\t<p><\/p><p>Pardav\u0117jas u\u017etikrina, kad u\u017esakymas b\u016bt\u0173 supakuotas pagal auk\u0161tesn\u012f standart\u0105 ir i\u0161si\u0173stas Pirk\u0117jo nurodytu pristatymo b\u016bdu. Pra\u0161ome nepriimti u\u017esakymo, jei pakuot\u0117 yra pa\u017eeista arba atidaryta prie\u0161 j\u012f gaunant. Apie tai nedelsdami informuokite kurjer\u012f ir pardav\u0117j\u0105.<\/p><p><\/p>\t\t\t\t\t\t\t\t<\/div>\n\t\t\t\t<\/div>\n\t\t\t\t\t<\/div>\n\t\t\t\t<\/div>\n\t\t<div class=\"elementor-element elementor-element-40c5b73 e-flex e-con-boxed e-con e-parent\" data-id=\"40c5b73\" data-element_type=\"container\" data-e-type=\"container\">\n\t\t\t\t\t<div class=\"e-con-inner\">\n\t\t\t\t<div class=\"elementor-element elementor-element-044d5ce elementor-widget elementor-widget-heading\" data-id=\"044d5ce\" data-element_type=\"widget\" data-e-type=\"widget\" data-widget_type=\"heading.default\">\n\t\t\t\t<div class=\"elementor-widget-container\">\n\t\t\t\t\t<h2 class=\"elementor-heading-title elementor-size-default\">Pirk\u0117jas turi 30 dien\u0173 teis\u0119 atsisakyti sutarties.<\/h2>\t\t\t\t<\/div>\n\t\t\t\t<\/div>\n\t\t\t\t\t<\/div>\n\t\t\t\t<\/div>\n\t\t<div class=\"elementor-element elementor-element-e08660f e-flex e-con-boxed e-con e-parent\" data-id=\"e08660f\" data-element_type=\"container\" data-e-type=\"container\">\n\t\t\t\t\t<div class=\"e-con-inner\">\n\t\t\t\t<div class=\"elementor-element elementor-element-e521ec4 elementor-widget elementor-widget-text-editor\" data-id=\"e521ec4\" data-element_type=\"widget\" data-e-type=\"widget\" data-widget_type=\"text-editor.default\">\n\t\t\t\t<div class=\"elementor-widget-container\">\n\t\t\t\t\t\t\t\t\t<p><\/p><p>Teis\u0117 atsisakyti sutarties - tai Pirk\u0117jo teis\u0117 atsisakyti Preki\u0173 per 30 dien\u0173 nuo tos dienos, kai Pirk\u0117jas arba Pirk\u0117jo paskirta tre\u010dioji \u0161alis, laikydamasi teis\u0117s atsisakyti sutarties \u012fgyvendinimo tvarkos, gauna Prekes.<\/p><p>Pirk\u0117jas negali pasinaudoti teise atsisakyti sutarties, jei jis atidar\u0117 arba sugadino preki\u0173 pakuot\u0119.\u00a0<\/p><p>Pirk\u0117jas gali pasinaudoti teise atsisakyti sutarties, jei prek\u0117s turi vizualini\u0173 tr\u016bkum\u0173, jei jos buvo pristatytos pristatymo metu, jei jos yra nekokybi\u0161kos arba neatitinka gamintojo garantijos.<\/p><p>Pirk\u0117jas privalo nedelsdamas, ne v\u0117liau kaip per 30 dien\u0173, informuoti Pirk\u0117j\u0105 apie teis\u0119 atsisakyti sutarties. Pretenzijos pateikimo diena laikoma diena, kai Pirk\u0117jas gavo u\u017esakym\u0105.<\/p><p>Teis\u0117 atsisakyti sutarties \u012fgyvendinama laikantis Latvijos Respublikoje galiojan\u010di\u0173 \u012fstatym\u0173, taip pat atsi\u017evelgiant \u012f parduodam\u0173 preki\u0173 r\u016b\u0161\u012f ir ypatumus. Teis\u0117 atsisakyti sutarties gali b\u016bti \u012fgyvendinta, jei Pirk\u0117jas i\u0161saugojo pirkim\u0105 patvirtinant\u012f dokument\u0105, kuris turi b\u016bti pateiktas Pardav\u0117jui kartu su \u012fsigytomis prek\u0117mis.<\/p><p>Pirk\u0117jas prane\u0161a Pardav\u0117jui apie pasinaudojim\u0105 teise atsisakyti sutarties el. pa\u0161tu info@bioenergostims.eu. Gav\u0119s pretenzij\u0105, Pardav\u0117jas per 5 darbo dienas prane\u0161a Pirk\u0117jui, kad gavo pretenzij\u0105, ir informuoja Pirk\u0117j\u0105 apie priimt\u0105 sprendim\u0105.<\/p><p><\/p>\t\t\t\t\t\t\t\t<\/div>\n\t\t\t\t<\/div>\n\t\t\t\t\t<\/div>\n\t\t\t\t<\/div>\n\t\t<div class=\"elementor-element elementor-element-f28fcff e-flex e-con-boxed e-con e-parent\" data-id=\"f28fcff\" data-element_type=\"container\" data-e-type=\"container\">\n\t\t\t\t\t<div class=\"e-con-inner\">\n\t\t\t\t<div class=\"elementor-element elementor-element-32ec370 elementor-widget elementor-widget-heading\" data-id=\"32ec370\" data-element_type=\"widget\" data-e-type=\"widget\" data-widget_type=\"heading.default\">\n\t\t\t\t<div class=\"elementor-widget-container\">\n\t\t\t\t\t<h2 class=\"elementor-heading-title elementor-size-default\">Preki\u0173 gr\u0105\u017einimas.<\/h2>\t\t\t\t<\/div>\n\t\t\t\t<\/div>\n\t\t\t\t\t<\/div>\n\t\t\t\t<\/div>\n\t\t<div class=\"elementor-element elementor-element-6aa6cbf e-flex e-con-boxed e-con e-parent\" data-id=\"6aa6cbf\" data-element_type=\"container\" data-e-type=\"container\">\n\t\t\t\t\t<div class=\"e-con-inner\">\n\t\t\t\t<div class=\"elementor-element elementor-element-41cb62e elementor-widget elementor-widget-text-editor\" data-id=\"41cb62e\" data-element_type=\"widget\" data-e-type=\"widget\" data-widget_type=\"text-editor.default\">\n\t\t\t\t<div class=\"elementor-widget-container\">\n\t\t\t\t\t\t\t\t\t<p><\/p><p>Jei Pirk\u0117jas ir Pardav\u0117jas susitaria d\u0117l Preki\u0173 gr\u0105\u017einimo, Pirk\u0117jas privalo gr\u0105\u017einti Prekes Pardav\u0117jui Pardav\u0117jo buvein\u0117je Rygoje, P\u0113rses iela 16, arba i\u0161si\u0173sdamas jas pa\u0161tu, pa\u0161to siunta ar per kurjer\u012f nedelsiant, bet ne v\u0117liau kaip per 30 dien\u0173 nuo sprendimo d\u0117l pretenzijos gavimo dienos. Pirk\u0117jas padengia Preki\u0173 gr\u0105\u017einimo i\u0161laidas.<\/p><p>Pardav\u0117jas gr\u0105\u017eina Pirk\u0117jui i\u0161 Pirk\u0117jo gautus mok\u0117jimus per 5 darbo dienas nuo tos dienos, kai Pardav\u0117jas gavo Pirk\u0117jo pretenzij\u0105 ir kai Pardav\u0117jas gavo atgal Prekes, kuri\u0173 Pirk\u0117jas atsisak\u0117. Pardav\u0117jas gr\u0105\u017eina Pirk\u0117jui min\u0117t\u0105 sum\u0105 pavedimu \u012f Pirk\u0117jo banko atsiskaitom\u0105j\u0105 s\u0105skait\u0105.<\/p><p>Pardav\u0117jas turi teis\u0119 sulaikyti gr\u0105\u017einamosios i\u0161mokos mok\u0117jim\u0105, kol i\u0161 Pirk\u0117jo negaus Preki\u0173, kuri\u0173 Pirk\u0117jas pageidauja atsisakyti.<\/p><p>BIOMEDICAL EUROPEAN ACADEMY Ltd. pasilieka teis\u0119 viena\u0161ali\u0161kai keisti garantijos s\u0105lygas be i\u0161ankstinio \u012fsp\u0117jimo.<\/p><p>Bendr\u0105sias taisykles d\u0117l vartotoj\u0173 teisi\u0173 ir pareig\u0173 \u017er. <a href=\"https:\/\/likumi.lv\/doc.php?mode=DOC&amp;id=23309\">Vartotoj\u0173 apsaugos \u012fstatymas.<\/a><\/p><p><\/p>\t\t\t\t\t\t\t\t<\/div>\n\t\t\t\t<\/div>\n\t\t\t\t\t<\/div>\n\t\t\t\t<\/div>\n\t\t\t\t<\/div>","protected":false},"excerpt":{"rendered":"<p>100% Garantijas noteikumi M\u0113s ticam m\u016bsu produktiem un v\u0113lamies, lai J\u016bs ar tiem b\u016btu absol\u016bti apmierin\u0101ti. Par mums SIA &#8220;BIOMEDICAL EUROPEAN ACADEMY&#8221;, ir uz\u0146\u0113mums, kas ir dibin\u0101ts 1994 gad\u0101 un kur\u0161 vair\u0101k nek\u0101 30 gadi praktiz\u0113 zin\u0101tnes intens\u012bvu uz\u0146\u0113m\u0113jdarb\u012bbu, jaun\u0101s paaudzes uztura bag\u0101tin\u0101t\u0101ju att\u012bst\u012bbu, ra\u017eo\u0161anu un izplat\u012b\u0161anu. M\u016bsu produkcija Uz\u0146\u0113mums izstr\u0101d\u0101ja un ra\u017eo jaun\u0101s paaudzes [&hellip;]<\/p>","protected":false},"author":1,"featured_media":0,"parent":0,"menu_order":0,"comment_status":"closed","ping_status":"closed","template":"","meta":{"footnotes":""},"class_list":["post-304","page","type-page","status-publish","hentry"],"yoast_head":"<!-- This site is optimized with the Yoast SEO Premium plugin v24.8 (Yoast SEO v24.8) - https:\/\/yoast.com\/wordpress\/plugins\/seo\/ -->\n<title>100% Garantija - BIOENERGOSTIMS e-shop<\/title>\n<meta name=\"robots\" content=\"noindex, follow\" \/>\n<meta property=\"og:locale\" content=\"lt_LT\" \/>\n<meta property=\"og:type\" content=\"article\" \/>\n<meta property=\"og:title\" content=\"100% Garantija\" \/>\n<meta property=\"og:description\" content=\"100% Garantijas noteikumi M\u0113s ticam m\u016bsu produktiem un v\u0113lamies, lai J\u016bs ar tiem b\u016btu absol\u016bti apmierin\u0101ti. Par mums SIA &#8220;BIOMEDICAL EUROPEAN ACADEMY&#8221;, ir uz\u0146\u0113mums, kas ir dibin\u0101ts 1994 gad\u0101 un kur\u0161 vair\u0101k nek\u0101 30 gadi praktiz\u0113 zin\u0101tnes intens\u012bvu uz\u0146\u0113m\u0113jdarb\u012bbu, jaun\u0101s paaudzes uztura bag\u0101tin\u0101t\u0101ju att\u012bst\u012bbu, ra\u017eo\u0161anu un izplat\u012b\u0161anu. M\u016bsu produkcija Uz\u0146\u0113mums izstr\u0101d\u0101ja un ra\u017eo jaun\u0101s paaudzes [&hellip;]\" \/>\n<meta property=\"og:url\" content=\"https:\/\/bioenergostims.eu\/lt\/100-garantija\/\" \/>\n<meta property=\"og:site_name\" content=\"BIOENERGOSTIMS e-shop\" \/>\n<meta property=\"article:modified_time\" content=\"2024-10-02T09:30:58+00:00\" \/>\n<meta name=\"twitter:card\" content=\"summary_large_image\" \/>\n<meta name=\"twitter:label1\" content=\"Est. reading time\" \/>\n\t<meta name=\"twitter:data1\" content=\"4 minut\u0117s\" \/>\n<script type=\"application\/ld+json\" class=\"yoast-schema-graph\">{\"@context\":\"https:\/\/schema.org\",\"@graph\":[{\"@type\":\"WebPage\",\"@id\":\"https:\/\/bioenergostims.eu\/100-garantija\/\",\"url\":\"https:\/\/bioenergostims.eu\/100-garantija\/\",\"name\":\"100% Garantija - BIOENERGOSTIMS e-shop\",\"isPartOf\":{\"@id\":\"https:\/\/bioenergostims.eu\/#website\"},\"datePublished\":\"2024-07-05T09:59:48+00:00\",\"dateModified\":\"2024-10-02T09:30:58+00:00\",\"breadcrumb\":{\"@id\":\"https:\/\/bioenergostims.eu\/100-garantija\/#breadcrumb\"},\"inLanguage\":\"lt-LT\",\"potentialAction\":[{\"@type\":\"ReadAction\",\"target\":[\"https:\/\/bioenergostims.eu\/100-garantija\/\"]}]},{\"@type\":\"BreadcrumbList\",\"@id\":\"https:\/\/bioenergostims.eu\/100-garantija\/#breadcrumb\",\"itemListElement\":[{\"@type\":\"ListItem\",\"position\":1,\"name\":\"Home\",\"item\":\"https:\/\/bioenergostims.eu\/\"},{\"@type\":\"ListItem\",\"position\":2,\"name\":\"100% Garantija\"}]},{\"@type\":\"WebSite\",\"@id\":\"https:\/\/bioenergostims.eu\/#website\",\"url\":\"https:\/\/bioenergostims.eu\/\",\"name\":\"BIOENERGOSTIMS e-shop\",\"description\":\"BIOENERGOSTIMS EnergySelenium\",\"publisher\":{\"@id\":\"https:\/\/bioenergostims.eu\/#organization\"},\"potentialAction\":[{\"@type\":\"SearchAction\",\"target\":{\"@type\":\"EntryPoint\",\"urlTemplate\":\"https:\/\/bioenergostims.eu\/?s={search_term_string}\"},\"query-input\":{\"@type\":\"PropertyValueSpecification\",\"valueRequired\":true,\"valueName\":\"search_term_string\"}}],\"inLanguage\":\"lt-LT\"},{\"@type\":\"Organization\",\"@id\":\"https:\/\/bioenergostims.eu\/#organization\",\"name\":\"BIOENERGOSTIMS e-shop\",\"url\":\"https:\/\/bioenergostims.eu\/\",\"logo\":{\"@type\":\"ImageObject\",\"inLanguage\":\"lt-LT\",\"@id\":\"https:\/\/bioenergostims.eu\/#\/schema\/logo\/image\/\",\"url\":\"https:\/\/bioenergostims.eu\/wp-content\/uploads\/2024\/06\/Screenshot-2024-07-04-160517.png\",\"contentUrl\":\"https:\/\/bioenergostims.eu\/wp-content\/uploads\/2024\/06\/Screenshot-2024-07-04-160517.png\",\"width\":380,\"height\":116,\"caption\":\"BIOENERGOSTIMS e-shop\"},\"image\":{\"@id\":\"https:\/\/bioenergostims.eu\/#\/schema\/logo\/image\/\"}}]}<\/script>\n<!-- \/ Yoast SEO Premium plugin. -->","yoast_head_json":{"title":"100% Garantija - BIOENERGOSTIMS elektronin\u0117 parduotuv\u0117","robots":{"index":"noindex","follow":"follow"},"og_locale":"lt_LT","og_type":"article","og_title":"100% Garantija","og_description":"100% Garantijas noteikumi M\u0113s ticam m\u016bsu produktiem un v\u0113lamies, lai J\u016bs ar tiem b\u016btu absol\u016bti apmierin\u0101ti. Par mums SIA &#8220;BIOMEDICAL EUROPEAN ACADEMY&#8221;, ir uz\u0146\u0113mums, kas ir dibin\u0101ts 1994 gad\u0101 un kur\u0161 vair\u0101k nek\u0101 30 gadi praktiz\u0113 zin\u0101tnes intens\u012bvu uz\u0146\u0113m\u0113jdarb\u012bbu, jaun\u0101s paaudzes uztura bag\u0101tin\u0101t\u0101ju att\u012bst\u012bbu, ra\u017eo\u0161anu un izplat\u012b\u0161anu. M\u016bsu produkcija Uz\u0146\u0113mums izstr\u0101d\u0101ja un ra\u017eo jaun\u0101s paaudzes [&hellip;]","og_url":"https:\/\/bioenergostims.eu\/lt\/100-garantija\/","og_site_name":"BIOENERGOSTIMS e-shop","article_modified_time":"2024-10-02T09:30:58+00:00","twitter_card":"summary_large_image","twitter_misc":{"Est. reading time":"4 minut\u0117s"},"schema":{"@context":"https:\/\/schema.org","@graph":[{"@type":"WebPage","@id":"https:\/\/bioenergostims.eu\/100-garantija\/","url":"https:\/\/bioenergostims.eu\/100-garantija\/","name":"100% Garantija - BIOENERGOSTIMS elektronin\u0117 parduotuv\u0117","isPartOf":{"@id":"https:\/\/bioenergostims.eu\/#website"},"datePublished":"2024-07-05T09:59:48+00:00","dateModified":"2024-10-02T09:30:58+00:00","breadcrumb":{"@id":"https:\/\/bioenergostims.eu\/100-garantija\/#breadcrumb"},"inLanguage":"lt-LT","potentialAction":[{"@type":"ReadAction","target":["https:\/\/bioenergostims.eu\/100-garantija\/"]}]},{"@type":"BreadcrumbList","@id":"https:\/\/bioenergostims.eu\/100-garantija\/#breadcrumb","itemListElement":[{"@type":"ListItem","position":1,"name":"Home","item":"https:\/\/bioenergostims.eu\/"},{"@type":"ListItem","position":2,"name":"100% Garantija"}]},{"@type":"WebSite","@id":"https:\/\/bioenergostims.eu\/#website","url":"https:\/\/bioenergostims.eu\/","name":"BIOENERGOSTIMS el. parduotuv\u0117","description":"BIOENERGOSTIMAI EnergijaSelenas","publisher":{"@id":"https:\/\/bioenergostims.eu\/#organization"},"potentialAction":[{"@type":"SearchAction","target":{"@type":"EntryPoint","urlTemplate":"https:\/\/bioenergostims.eu\/?s={search_term_string}"},"query-input":{"@type":"PropertyValueSpecification","valueRequired":true,"valueName":"search_term_string"}}],"inLanguage":"lt-LT"},{"@type":"Organization","@id":"https:\/\/bioenergostims.eu\/#organization","name":"BIOENERGOSTIMS el. parduotuv\u0117","url":"https:\/\/bioenergostims.eu\/","logo":{"@type":"ImageObject","inLanguage":"lt-LT","@id":"https:\/\/bioenergostims.eu\/#\/schema\/logo\/image\/","url":"https:\/\/bioenergostims.eu\/wp-content\/uploads\/2024\/06\/Screenshot-2024-07-04-160517.png","contentUrl":"https:\/\/bioenergostims.eu\/wp-content\/uploads\/2024\/06\/Screenshot-2024-07-04-160517.png","width":380,"height":116,"caption":"BIOENERGOSTIMS e-shop"},"image":{"@id":"https:\/\/bioenergostims.eu\/#\/schema\/logo\/image\/"}}]}},"_links":{"self":[{"href":"https:\/\/bioenergostims.eu\/lt\/wp-json\/wp\/v2\/pages\/304","targetHints":{"allow":["GET"]}}],"collection":[{"href":"https:\/\/bioenergostims.eu\/lt\/wp-json\/wp\/v2\/pages"}],"about":[{"href":"https:\/\/bioenergostims.eu\/lt\/wp-json\/wp\/v2\/types\/page"}],"author":[{"embeddable":true,"href":"https:\/\/bioenergostims.eu\/lt\/wp-json\/wp\/v2\/users\/1"}],"replies":[{"embeddable":true,"href":"https:\/\/bioenergostims.eu\/lt\/wp-json\/wp\/v2\/comments?post=304"}],"version-history":[{"count":0,"href":"https:\/\/bioenergostims.eu\/lt\/wp-json\/wp\/v2\/pages\/304\/revisions"}],"wp:attachment":[{"href":"https:\/\/bioenergostims.eu\/lt\/wp-json\/wp\/v2\/media?parent=304"}],"curies":[{"name":"wp","href":"https:\/\/api.w.org\/{rel}","templated":true}]}}