{"id":366,"date":"2024-07-05T12:07:19","date_gmt":"2024-07-05T12:07:19","guid":{"rendered":"https:\/\/bioenergostims.eu\/?page_id=366"},"modified":"2024-10-02T09:14:46","modified_gmt":"2024-10-02T09:14:46","slug":"privatumo-politika","status":"publish","type":"page","link":"https:\/\/bioenergostims.eu\/lt\/privatumo-politika\/","title":{"rendered":"Privatumo politika"},"content":{"rendered":"<div data-elementor-type=\"wp-page\" data-elementor-id=\"366\" class=\"elementor elementor-366\" data-elementor-post-type=\"page\">\n\t\t\t\t<div class=\"elementor-element elementor-element-7fbd7e96 e-flex e-con-boxed e-con e-parent\" data-id=\"7fbd7e96\" data-element_type=\"container\" data-e-type=\"container\">\n\t\t\t\t\t<div class=\"e-con-inner\">\n\t\t\t\t<div class=\"elementor-element elementor-element-6ab4df2d elementor-widget elementor-widget-heading\" data-id=\"6ab4df2d\" data-element_type=\"widget\" data-e-type=\"widget\" data-widget_type=\"heading.default\">\n\t\t\t\t<div class=\"elementor-widget-container\">\n\t\t\t\t\t<h2 class=\"elementor-heading-title elementor-size-default\">Privatumo politika<\/h2>\t\t\t\t<\/div>\n\t\t\t\t<\/div>\n\t\t\t\t\t<\/div>\n\t\t\t\t<\/div>\n\t\t<div class=\"elementor-element elementor-element-5a04672e e-flex e-con-boxed e-con e-parent\" data-id=\"5a04672e\" data-element_type=\"container\" data-e-type=\"container\">\n\t\t\t\t\t<div class=\"e-con-inner\">\n\t\t\t\t<div class=\"elementor-element elementor-element-7d46955a elementor-widget elementor-widget-text-editor\" data-id=\"7d46955a\" data-element_type=\"widget\" data-e-type=\"widget\" data-widget_type=\"text-editor.default\">\n\t\t\t\t<div class=\"elementor-widget-container\">\n\t\t\t\t\t\t\t\t\t<p>\u0160ios privatumo politikos tikslas - pateikti informacij\u0105 apie asmens duomen\u0173 tvarkymo tiksl\u0105, apimt\u012f, apsaug\u0105 ir trukm\u0119 asmens duomen\u0173 rinkimo metu ir juos tvarkant. BIOMEDICAL EUROPEAN ACADEMY Ltd (toliau - Bendrov\u0117) vertina ir gerbia savo klient\u0173 privatum\u0105. \u0160ioje privatumo politikoje paai\u0161kinama, kaip Bendrov\u0117 renka informacij\u0105 i\u0161 vis\u0173 \u0161ios svetain\u0117s lankytoj\u0173.<\/p><p>\u0160iame privatumo prane\u0161ime paai\u0161kinama, kaip Bendrov\u0117 renka ir naudoja savo klient\u0173 asmens duomenis ir koki\u0173 priemoni\u0173 imamasi siekiant u\u017etikrinti asmens duomen\u0173 apsaug\u0105. \u0160ios informacijos apie Bendrov\u0117s privatumo politik\u0105 tikslas - pad\u0117ti jums suprasti, kod\u0117l ir kaip tvarkomi asmens duomenys ir kokios yra j\u016bs\u0173 teis\u0117s, susijusios su j\u016bs\u0173 asmens duomenimis. Privatumo prane\u0161imas taikomas svetain\u0117s lankytojams, potencialiems internetin\u0117s parduotuv\u0117s klientams, kurie i\u0161rei\u0161k\u0117 nor\u0105 gauti m\u016bs\u0173 pasi\u016blymus, ir kai tiesiog internete ie\u0161kote su Bendrove susijusios informacijos. Bendrov\u0117s gaminam\u0173 produkt\u0173 \u012fsigijimas interneto aplinkoje skirtas fiziniams ir juridiniams asmenims. \u0160is Naudojimosi s\u0105lyg\u0173 skyrius taikomas Pirk\u0117jui, jei Pirk\u0117jas yra fizinis asmuo.<\/p><p>Sutikdamas su Naudojimosi s\u0105lygomis, Klientas patvirtina, kad yra susipa\u017ein\u0119s su Naudojimosi s\u0105lygose ir Privatumo politikoje nustatytu Bendrov\u0117s asmens duomen\u0173 tvarkymu, ir sutinka, kad asmens duomenys b\u016bt\u0173 tvarkomi pagal Naudojimosi s\u0105lygas. Pirk\u0117jas patvirtina, kad sutikimas yra duotas laisva valia ir informuotas.<\/p>\t\t\t\t\t\t\t\t<\/div>\n\t\t\t\t<\/div>\n\t\t\t\t\t<\/div>\n\t\t\t\t<\/div>\n\t\t<div class=\"elementor-element elementor-element-3757d27 e-flex e-con-boxed e-con e-parent\" data-id=\"3757d27\" data-element_type=\"container\" data-e-type=\"container\">\n\t\t\t\t\t<div class=\"e-con-inner\">\n\t\t\t\t<div class=\"elementor-element elementor-element-6faeb436 elementor-widget elementor-widget-heading\" data-id=\"6faeb436\" data-element_type=\"widget\" data-e-type=\"widget\" data-widget_type=\"heading.default\">\n\t\t\t\t<div class=\"elementor-widget-container\">\n\t\t\t\t\t<h3 class=\"elementor-heading-title elementor-size-default\">U\u017e asmens duomen\u0173 tvarkym\u0105 atsakingas vykdytojas<\/h3>\t\t\t\t<\/div>\n\t\t\t\t<\/div>\n\t\t\t\t\t<\/div>\n\t\t\t\t<\/div>\n\t\t<div class=\"elementor-element elementor-element-227ae1c3 e-flex e-con-boxed e-con e-parent\" data-id=\"227ae1c3\" data-element_type=\"container\" data-e-type=\"container\">\n\t\t\t\t\t<div class=\"e-con-inner\">\n\t\t\t\t<div class=\"elementor-element elementor-element-2d5e318a elementor-widget elementor-widget-text-editor\" data-id=\"2d5e318a\" data-element_type=\"widget\" data-e-type=\"widget\" data-widget_type=\"text-editor.default\">\n\t\t\t\t<div class=\"elementor-widget-container\">\n\t\t\t\t\t\t\t\t\t<p>SIA \"BIOMEDICINOS EUROPOS AKADEMIJA\"<br \/>Reg. Nr. 40003199468<br \/>Adresas: P\u0113rses gatv\u0117 16, Ryga, LV-1011<br \/>El. pa\u0161tas: info@bioenergostims.eu<br \/>Tel.: +371 67 701 241<\/p>\t\t\t\t\t\t\t\t<\/div>\n\t\t\t\t<\/div>\n\t\t\t\t<div class=\"elementor-element elementor-element-7ad66069 elementor-widget elementor-widget-heading\" data-id=\"7ad66069\" data-element_type=\"widget\" data-e-type=\"widget\" data-widget_type=\"heading.default\">\n\t\t\t\t<div class=\"elementor-widget-container\">\n\t\t\t\t\t<h3 class=\"elementor-heading-title elementor-size-default\">Kokio tipo asmens duomenys tvarkomi<\/h3>\t\t\t\t<\/div>\n\t\t\t\t<\/div>\n\t\t\t\t\t<\/div>\n\t\t\t\t<\/div>\n\t\t<div class=\"elementor-element elementor-element-5b598311 e-flex e-con-boxed e-con e-parent\" data-id=\"5b598311\" data-element_type=\"container\" data-e-type=\"container\">\n\t\t\t\t\t<div class=\"e-con-inner\">\n\t\t\t\t<div class=\"elementor-element elementor-element-7e264f8 elementor-widget elementor-widget-text-editor\" data-id=\"7e264f8\" data-element_type=\"widget\" data-e-type=\"widget\" data-widget_type=\"text-editor.default\">\n\t\t\t\t<div class=\"elementor-widget-container\">\n\t\t\t\t\t\t\t\t\t<p><\/p><p>Kontaktiniai duomenys - vardas, pavard\u0117, telefono numeris, el. pa\u0161to adresas, nam\u0173 adresas;<\/p><p>Paslaug\u0173 duomenys - duomenys, atspindintys klient\u0173 elgsen\u0105, susijusi\u0105 su naudojimusi Bendrov\u0117s paslaugomis, pavyzd\u017eiui, apie \u012fsigytus ir dominan\u010dius produktus.<\/p><p><\/p>\t\t\t\t\t\t\t\t<\/div>\n\t\t\t\t<\/div>\n\t\t\t\t<div class=\"elementor-element elementor-element-10c6f6df elementor-widget elementor-widget-heading\" data-id=\"10c6f6df\" data-element_type=\"widget\" data-e-type=\"widget\" data-widget_type=\"heading.default\">\n\t\t\t\t<div class=\"elementor-widget-container\">\n\t\t\t\t\t<h3 class=\"elementor-heading-title elementor-size-default\">Kokiu tikslu ir kokiu pagrindu tvarkomi asmens duomenys<\/h3>\t\t\t\t<\/div>\n\t\t\t\t<\/div>\n\t\t\t\t\t<\/div>\n\t\t\t\t<\/div>\n\t\t<div class=\"elementor-element elementor-element-728c3700 e-flex e-con-boxed e-con e-parent\" data-id=\"728c3700\" data-element_type=\"container\" data-e-type=\"container\">\n\t\t\t\t\t<div class=\"e-con-inner\">\n\t\t\t\t<div class=\"elementor-element elementor-element-6a15c294 elementor-widget elementor-widget-text-editor\" data-id=\"6a15c294\" data-element_type=\"widget\" data-e-type=\"widget\" data-widget_type=\"text-editor.default\">\n\t\t\t\t<div class=\"elementor-widget-container\">\n\t\t\t\t\t\t\t\t\t<p><\/p><p>Asmens duomenys tvarkomi skirtingais tikslais, ir kiekvienas duomen\u0173 tvarkymas kiekvienu tikslu yra teis\u0117tas. Nurodytas duomen\u0173 rinkimo tikslas - \u012fvykdyti Kliento ir Bendrov\u0117s sutart\u012f d\u0117l Preki\u0173 tiekimo Sistemoje pagal U\u017esakym\u0105 ir susisiekti su Klientu, jei reikia patikslinti u\u017esakymo detales. Bendrov\u0117 renka informacij\u0105 i\u0161 lankytoj\u0173, kurie Svetain\u0117je u\u017epildo kontaktin\u0119 form\u0105. Asmenin\u0117 informacija renkama tik tam, kad vienas i\u0161 m\u016bs\u0173 darbuotoj\u0173 gal\u0117t\u0173 susisiekti su atitinkamu asmeniu d\u0117l pateikto arba i\u0161 dalies pateikto u\u017esakymo. Jokia asmenin\u0117 informacija n\u0117ra perduodama tre\u010diosioms \u0161alims, i\u0161skyrus atvejus, kai to reikalauja Lietuvos Respublikos \u012fstatymai.<\/p><p>Gali b\u016bti klasifikuojama tik tokia asmenin\u0117 informacija: vardas, pavard\u0117, \u0161alis, el. pa\u0161to adresas, telefono numeris ir kita asmenin\u0117 informacija, reikalinga u\u017esakymui \u012fvykdyti ir informacijai paai\u0161kinti. M\u016bs\u0173 komanda gali si\u0173sti jums bet koki\u0105 informacij\u0105, susijusi\u0105 su \u0161ioje svetain\u0117je minimais produktais ar veikla.<\/p><p><\/p>\t\t\t\t\t\t\t\t<\/div>\n\t\t\t\t<\/div>\n\t\t\t\t\t<\/div>\n\t\t\t\t<\/div>\n\t\t<div class=\"elementor-element elementor-element-0ba65fe e-flex e-con-boxed e-con e-parent\" data-id=\"0ba65fe\" data-element_type=\"container\" data-e-type=\"container\">\n\t\t\t\t\t<div class=\"e-con-inner\">\n\t\t\t\t<div class=\"elementor-element elementor-element-20aa07b elementor-widget elementor-widget-heading\" data-id=\"20aa07b\" data-element_type=\"widget\" data-e-type=\"widget\" data-widget_type=\"heading.default\">\n\t\t\t\t<div class=\"elementor-widget-container\">\n\t\t\t\t\t<h3 class=\"elementor-heading-title elementor-size-default\">Kiek laiko saugome asmens duomenis?<\/h3>\t\t\t\t<\/div>\n\t\t\t\t<\/div>\n\t\t\t\t\t<\/div>\n\t\t\t\t<\/div>\n\t\t<div class=\"elementor-element elementor-element-551202b e-flex e-con-boxed e-con e-parent\" data-id=\"551202b\" data-element_type=\"container\" data-e-type=\"container\">\n\t\t\t\t\t<div class=\"e-con-inner\">\n\t\t\t\t<div class=\"elementor-element elementor-element-ec4c170 elementor-widget elementor-widget-text-editor\" data-id=\"ec4c170\" data-element_type=\"widget\" data-e-type=\"widget\" data-widget_type=\"text-editor.default\">\n\t\t\t\t<div class=\"elementor-widget-container\">\n\t\t\t\t\t\t\t\t\t<p><\/p><p>J\u016bs\u0173 asmens duomenis saugosime tiek laiko, kiek privalome tai daryti pagal \u012fstatymus arba kiek b\u016btina \u0161iame privatumo prane\u0161ime nurodytiems tikslams \u012fgyvendinti. Nor\u0117dami gauti daugiau informacijos apie laikotarp\u012f, kur\u012f saugosime j\u016bs\u0173 asmens duomenis, galite kreiptis \u012f \u0161iame privatumo prane\u0161ime nurodyt\u0105 kontaktin\u012f asmen\u012f, pateikdami atitinkam\u0105 u\u017eklaus\u0105.<\/p><p><\/p>\t\t\t\t\t\t\t\t<\/div>\n\t\t\t\t<\/div>\n\t\t\t\t\t<\/div>\n\t\t\t\t<\/div>\n\t\t<div class=\"elementor-element elementor-element-6ec2f8f e-flex e-con-boxed e-con e-parent\" data-id=\"6ec2f8f\" data-element_type=\"container\" data-e-type=\"container\">\n\t\t\t\t\t<div class=\"e-con-inner\">\n\t\t\t\t<div class=\"elementor-element elementor-element-7dc922b elementor-widget elementor-widget-heading\" data-id=\"7dc922b\" data-element_type=\"widget\" data-e-type=\"widget\" data-widget_type=\"heading.default\">\n\t\t\t\t<div class=\"elementor-widget-container\">\n\t\t\t\t\t<h3 class=\"elementor-heading-title elementor-size-default\">Asmens duomen\u0173 saugumas<\/h3>\t\t\t\t<\/div>\n\t\t\t\t<\/div>\n\t\t\t\t\t<\/div>\n\t\t\t\t<\/div>\n\t\t<div class=\"elementor-element elementor-element-242cc5a e-flex e-con-boxed e-con e-parent\" data-id=\"242cc5a\" data-element_type=\"container\" data-e-type=\"container\">\n\t\t\t\t\t<div class=\"e-con-inner\">\n\t\t\t\t<div class=\"elementor-element elementor-element-b4fc9cb elementor-widget elementor-widget-text-editor\" data-id=\"b4fc9cb\" data-element_type=\"widget\" data-e-type=\"widget\" data-widget_type=\"text-editor.default\">\n\t\t\t\t<div class=\"elementor-widget-container\">\n\t\t\t\t\t\t\t\t\t<p><\/p><p>Asmens duomenys saugomi saugiuose serveriuose, naudojant visas pagr\u012fstas technologines ir organizacines priemones ir turimus finansinius bei techninius i\u0161teklius, kad b\u016bt\u0173 apsaugoti nuo neteis\u0117tos prieigos.<\/p><p><\/p>\t\t\t\t\t\t\t\t<\/div>\n\t\t\t\t<\/div>\n\t\t\t\t\t<\/div>\n\t\t\t\t<\/div>\n\t\t<div class=\"elementor-element elementor-element-10f9555 e-flex e-con-boxed e-con e-parent\" data-id=\"10f9555\" data-element_type=\"container\" data-e-type=\"container\">\n\t\t\t\t\t<div class=\"e-con-inner\">\n\t\t\t\t<div class=\"elementor-element elementor-element-74d36d2 elementor-widget elementor-widget-heading\" data-id=\"74d36d2\" data-element_type=\"widget\" data-e-type=\"widget\" data-widget_type=\"heading.default\">\n\t\t\t\t<div class=\"elementor-widget-container\">\n\t\t\t\t\t<h3 class=\"elementor-heading-title elementor-size-default\">Teis\u0117s, susijusios su asmens duomenimis<\/h3>\t\t\t\t<\/div>\n\t\t\t\t<\/div>\n\t\t\t\t\t<\/div>\n\t\t\t\t<\/div>\n\t\t<div class=\"elementor-element elementor-element-9ba6695 e-flex e-con-boxed e-con e-parent\" data-id=\"9ba6695\" data-element_type=\"container\" data-e-type=\"container\">\n\t\t\t\t\t<div class=\"e-con-inner\">\n\t\t\t\t<div class=\"elementor-element elementor-element-5d02c1f elementor-widget elementor-widget-text-editor\" data-id=\"5d02c1f\" data-element_type=\"widget\" data-e-type=\"widget\" data-widget_type=\"text-editor.default\">\n\t\t\t\t<div class=\"elementor-widget-container\">\n\t\t\t\t\t\t\t\t\t<p><\/p><p>Turite \u0161ias teises:<\/p><ol><li>Teis\u0117 \u017einoti, kokius duomenis surinkome, kokiu tikslu juos tvarkome, kiek laiko duomenys saugomi; teis\u0117 i\u0161taisyti, i\u0161trinti ir apriboti duomen\u0173 tvarkym\u0105.<\/li><li>Teis\u0117 \u012f i\u0161taisym\u0105 - pra\u0161yti i\u0161taisyti savo asmens duomenis, jei jie yra netiksl\u016bs arba nei\u0161sam\u016bs.<\/li><li>Teis\u0117 i\u0161trinti duomenis - pra\u0161yti, kad i\u0161trintume j\u016bs\u0173 asmens duomenis.<\/li><li>Teis\u0117 nesutikti, kad j\u016bs\u0173 duomenys b\u016bt\u0173 tvarkomi, siun\u010diant prie\u0161taravim\u0105 s\u0105lygose nurodytais kontaktiniais duomenimis.<\/li><\/ol><p>\u00a0<\/p><p><span style=\"text-decoration: underline;\">Jei norite pasinaudoti bet kuria i\u0161 pirmiau i\u0161vardyt\u0173 teisi\u0173, susisiekite su mumis adresu info@bioenergostims.eu.<\/span><\/p><p><\/p>\t\t\t\t\t\t\t\t<\/div>\n\t\t\t\t<\/div>\n\t\t\t\t\t<\/div>\n\t\t\t\t<\/div>\n\t\t\t\t<\/div>","protected":false},"excerpt":{"rendered":"<p>Priv\u0101tuma politika \u0160\u012bs priv\u0101tuma politikas m\u0113r\u0137is ir sniegt inform\u0101ciju par personas datu apstr\u0101des nol\u016bku, apjomu, aizsardz\u012bbu un apstr\u0101des termi\u0146u datu ieg\u016b\u0161anas laik\u0101 un apstr\u0101d\u0101jot personas datus. SIA \u201eBIOMEDICAL EUROPEAN ACADEMY\u201d (turpm\u0101k tekst\u0101 &#8211; Uz\u0146\u0113mums) augsti v\u0113rt\u0113 un respekt\u0113 savu klientu priv\u0101tumu. \u0160\u012b priv\u0101tuma politika skaidro, k\u0101 uz\u0146\u0113mums iev\u0101c inform\u0101ciju no visiem \u0161\u012bs interneta vietnes apmekl\u0113t\u0101jiem. [&hellip;]<\/p>","protected":false},"author":1,"featured_media":0,"parent":0,"menu_order":0,"comment_status":"closed","ping_status":"closed","template":"","meta":{"footnotes":""},"class_list":["post-366","page","type-page","status-publish","hentry"],"yoast_head":"<!-- This site is optimized with the Yoast SEO Premium plugin v24.8 (Yoast SEO v24.8) - https:\/\/yoast.com\/wordpress\/plugins\/seo\/ -->\n<title>Priv\u0101tuma politika - BIOENERGOSTIMS e-shop<\/title>\n<meta name=\"robots\" content=\"index, follow, max-snippet:-1, max-image-preview:large, max-video-preview:-1\" \/>\n<link rel=\"canonical\" href=\"https:\/\/bioenergostims.eu\/lt\/privatumo-politika\/\" \/>\n<meta property=\"og:locale\" content=\"lt_LT\" \/>\n<meta property=\"og:type\" content=\"article\" \/>\n<meta property=\"og:title\" content=\"Priv\u0101tuma politika\" \/>\n<meta property=\"og:description\" content=\"Priv\u0101tuma politika \u0160\u012bs priv\u0101tuma politikas m\u0113r\u0137is ir sniegt inform\u0101ciju par personas datu apstr\u0101des nol\u016bku, apjomu, aizsardz\u012bbu un apstr\u0101des termi\u0146u datu ieg\u016b\u0161anas laik\u0101 un apstr\u0101d\u0101jot personas datus. SIA \u201eBIOMEDICAL EUROPEAN ACADEMY\u201d (turpm\u0101k tekst\u0101 &#8211; Uz\u0146\u0113mums) augsti v\u0113rt\u0113 un respekt\u0113 savu klientu priv\u0101tumu. \u0160\u012b priv\u0101tuma politika skaidro, k\u0101 uz\u0146\u0113mums iev\u0101c inform\u0101ciju no visiem \u0161\u012bs interneta vietnes apmekl\u0113t\u0101jiem. [&hellip;]\" \/>\n<meta property=\"og:url\" content=\"https:\/\/bioenergostims.eu\/lt\/privatumo-politika\/\" \/>\n<meta property=\"og:site_name\" content=\"BIOENERGOSTIMS e-shop\" \/>\n<meta property=\"article:modified_time\" content=\"2024-10-02T09:14:46+00:00\" \/>\n<meta name=\"twitter:card\" content=\"summary_large_image\" \/>\n<meta name=\"twitter:label1\" content=\"Est. reading time\" \/>\n\t<meta name=\"twitter:data1\" content=\"4 minut\u0117s\" \/>\n<script type=\"application\/ld+json\" class=\"yoast-schema-graph\">{\"@context\":\"https:\/\/schema.org\",\"@graph\":[{\"@type\":\"WebPage\",\"@id\":\"https:\/\/bioenergostims.eu\/privatuma-politika\/\",\"url\":\"https:\/\/bioenergostims.eu\/privatuma-politika\/\",\"name\":\"Priv\u0101tuma politika - BIOENERGOSTIMS e-shop\",\"isPartOf\":{\"@id\":\"https:\/\/bioenergostims.eu\/#website\"},\"datePublished\":\"2024-07-05T12:07:19+00:00\",\"dateModified\":\"2024-10-02T09:14:46+00:00\",\"breadcrumb\":{\"@id\":\"https:\/\/bioenergostims.eu\/privatuma-politika\/#breadcrumb\"},\"inLanguage\":\"lt-LT\",\"potentialAction\":[{\"@type\":\"ReadAction\",\"target\":[\"https:\/\/bioenergostims.eu\/privatuma-politika\/\"]}]},{\"@type\":\"BreadcrumbList\",\"@id\":\"https:\/\/bioenergostims.eu\/privatuma-politika\/#breadcrumb\",\"itemListElement\":[{\"@type\":\"ListItem\",\"position\":1,\"name\":\"Home\",\"item\":\"https:\/\/bioenergostims.eu\/\"},{\"@type\":\"ListItem\",\"position\":2,\"name\":\"Priv\u0101tuma politika\"}]},{\"@type\":\"WebSite\",\"@id\":\"https:\/\/bioenergostims.eu\/#website\",\"url\":\"https:\/\/bioenergostims.eu\/\",\"name\":\"BIOENERGOSTIMS e-shop\",\"description\":\"BIOENERGOSTIMS EnergySelenium\",\"publisher\":{\"@id\":\"https:\/\/bioenergostims.eu\/#organization\"},\"potentialAction\":[{\"@type\":\"SearchAction\",\"target\":{\"@type\":\"EntryPoint\",\"urlTemplate\":\"https:\/\/bioenergostims.eu\/?s={search_term_string}\"},\"query-input\":{\"@type\":\"PropertyValueSpecification\",\"valueRequired\":true,\"valueName\":\"search_term_string\"}}],\"inLanguage\":\"lt-LT\"},{\"@type\":\"Organization\",\"@id\":\"https:\/\/bioenergostims.eu\/#organization\",\"name\":\"BIOENERGOSTIMS e-shop\",\"url\":\"https:\/\/bioenergostims.eu\/\",\"logo\":{\"@type\":\"ImageObject\",\"inLanguage\":\"lt-LT\",\"@id\":\"https:\/\/bioenergostims.eu\/#\/schema\/logo\/image\/\",\"url\":\"https:\/\/bioenergostims.eu\/wp-content\/uploads\/2024\/06\/Screenshot-2024-07-04-160517.png\",\"contentUrl\":\"https:\/\/bioenergostims.eu\/wp-content\/uploads\/2024\/06\/Screenshot-2024-07-04-160517.png\",\"width\":380,\"height\":116,\"caption\":\"BIOENERGOSTIMS e-shop\"},\"image\":{\"@id\":\"https:\/\/bioenergostims.eu\/#\/schema\/logo\/image\/\"}}]}<\/script>\n<!-- \/ Yoast SEO Premium plugin. -->","yoast_head_json":{"title":"Privatumo politika - BIOENERGOSTIMS el. parduotuv\u0117","robots":{"index":"index","follow":"follow","max-snippet":"max-snippet:-1","max-image-preview":"max-image-preview:large","max-video-preview":"max-video-preview:-1"},"canonical":"https:\/\/bioenergostims.eu\/lt\/privatumo-politika\/","og_locale":"lt_LT","og_type":"article","og_title":"Priv\u0101tuma politika","og_description":"Priv\u0101tuma politika \u0160\u012bs priv\u0101tuma politikas m\u0113r\u0137is ir sniegt inform\u0101ciju par personas datu apstr\u0101des nol\u016bku, apjomu, aizsardz\u012bbu un apstr\u0101des termi\u0146u datu ieg\u016b\u0161anas laik\u0101 un apstr\u0101d\u0101jot personas datus. SIA \u201eBIOMEDICAL EUROPEAN ACADEMY\u201d (turpm\u0101k tekst\u0101 &#8211; Uz\u0146\u0113mums) augsti v\u0113rt\u0113 un respekt\u0113 savu klientu priv\u0101tumu. \u0160\u012b priv\u0101tuma politika skaidro, k\u0101 uz\u0146\u0113mums iev\u0101c inform\u0101ciju no visiem \u0161\u012bs interneta vietnes apmekl\u0113t\u0101jiem. [&hellip;]","og_url":"https:\/\/bioenergostims.eu\/lt\/privatumo-politika\/","og_site_name":"BIOENERGOSTIMS e-shop","article_modified_time":"2024-10-02T09:14:46+00:00","twitter_card":"summary_large_image","twitter_misc":{"Est. reading time":"4 minut\u0117s"},"schema":{"@context":"https:\/\/schema.org","@graph":[{"@type":"WebPage","@id":"https:\/\/bioenergostims.eu\/privatuma-politika\/","url":"https:\/\/bioenergostims.eu\/privatuma-politika\/","name":"Privatumo politika - BIOENERGOSTIMS el. parduotuv\u0117","isPartOf":{"@id":"https:\/\/bioenergostims.eu\/#website"},"datePublished":"2024-07-05T12:07:19+00:00","dateModified":"2024-10-02T09:14:46+00:00","breadcrumb":{"@id":"https:\/\/bioenergostims.eu\/privatuma-politika\/#breadcrumb"},"inLanguage":"lt-LT","potentialAction":[{"@type":"ReadAction","target":["https:\/\/bioenergostims.eu\/privatuma-politika\/"]}]},{"@type":"BreadcrumbList","@id":"https:\/\/bioenergostims.eu\/privatuma-politika\/#breadcrumb","itemListElement":[{"@type":"ListItem","position":1,"name":"Home","item":"https:\/\/bioenergostims.eu\/"},{"@type":"ListItem","position":2,"name":"Priv\u0101tuma politika"}]},{"@type":"WebSite","@id":"https:\/\/bioenergostims.eu\/#website","url":"https:\/\/bioenergostims.eu\/","name":"BIOENERGOSTIMS el. parduotuv\u0117","description":"BIOENERGOSTIMAI EnergijaSelenas","publisher":{"@id":"https:\/\/bioenergostims.eu\/#organization"},"potentialAction":[{"@type":"SearchAction","target":{"@type":"EntryPoint","urlTemplate":"https:\/\/bioenergostims.eu\/?s={search_term_string}"},"query-input":{"@type":"PropertyValueSpecification","valueRequired":true,"valueName":"search_term_string"}}],"inLanguage":"lt-LT"},{"@type":"Organization","@id":"https:\/\/bioenergostims.eu\/#organization","name":"BIOENERGOSTIMS el. parduotuv\u0117","url":"https:\/\/bioenergostims.eu\/","logo":{"@type":"ImageObject","inLanguage":"lt-LT","@id":"https:\/\/bioenergostims.eu\/#\/schema\/logo\/image\/","url":"https:\/\/bioenergostims.eu\/wp-content\/uploads\/2024\/06\/Screenshot-2024-07-04-160517.png","contentUrl":"https:\/\/bioenergostims.eu\/wp-content\/uploads\/2024\/06\/Screenshot-2024-07-04-160517.png","width":380,"height":116,"caption":"BIOENERGOSTIMS e-shop"},"image":{"@id":"https:\/\/bioenergostims.eu\/#\/schema\/logo\/image\/"}}]}},"_links":{"self":[{"href":"https:\/\/bioenergostims.eu\/lt\/wp-json\/wp\/v2\/pages\/366","targetHints":{"allow":["GET"]}}],"collection":[{"href":"https:\/\/bioenergostims.eu\/lt\/wp-json\/wp\/v2\/pages"}],"about":[{"href":"https:\/\/bioenergostims.eu\/lt\/wp-json\/wp\/v2\/types\/page"}],"author":[{"embeddable":true,"href":"https:\/\/bioenergostims.eu\/lt\/wp-json\/wp\/v2\/users\/1"}],"replies":[{"embeddable":true,"href":"https:\/\/bioenergostims.eu\/lt\/wp-json\/wp\/v2\/comments?post=366"}],"version-history":[{"count":0,"href":"https:\/\/bioenergostims.eu\/lt\/wp-json\/wp\/v2\/pages\/366\/revisions"}],"wp:attachment":[{"href":"https:\/\/bioenergostims.eu\/lt\/wp-json\/wp\/v2\/media?parent=366"}],"curies":[{"name":"wp","href":"https:\/\/api.w.org\/{rel}","templated":true}]}}