{"id":373,"date":"2024-07-05T12:36:55","date_gmt":"2024-07-05T12:36:55","guid":{"rendered":"https:\/\/bioenergostims.eu\/?page_id=373"},"modified":"2024-10-02T09:34:53","modified_gmt":"2024-10-02T09:34:53","slug":"pristatymo-erminai","status":"publish","type":"page","link":"https:\/\/bioenergostims.eu\/lt\/pristatymo-erminai\/","title":{"rendered":"Pristatymo s\u0105lygos"},"content":{"rendered":"<div data-elementor-type=\"wp-page\" data-elementor-id=\"373\" class=\"elementor elementor-373\" data-elementor-post-type=\"page\">\n\t\t\t\t<div class=\"elementor-element elementor-element-578ef9c4 e-flex e-con-boxed e-con e-parent\" data-id=\"578ef9c4\" data-element_type=\"container\" data-e-type=\"container\">\n\t\t\t\t\t<div class=\"e-con-inner\">\n\t\t\t\t<div class=\"elementor-element elementor-element-fb83343 elementor-widget elementor-widget-heading\" data-id=\"fb83343\" data-element_type=\"widget\" data-e-type=\"widget\" data-widget_type=\"heading.default\">\n\t\t\t\t<div class=\"elementor-widget-container\">\n\t\t\t\t\t<h2 class=\"elementor-heading-title elementor-size-default\">Pristatymo s\u0105lygos<\/h2>\t\t\t\t<\/div>\n\t\t\t\t<\/div>\n\t\t\t\t\t<\/div>\n\t\t\t\t<\/div>\n\t\t<div class=\"elementor-element elementor-element-61fffa9f e-flex e-con-boxed e-con e-parent\" data-id=\"61fffa9f\" data-element_type=\"container\" data-e-type=\"container\">\n\t\t\t\t\t<div class=\"e-con-inner\">\n\t\t\t\t<div class=\"elementor-element elementor-element-7332ca12 elementor-widget elementor-widget-text-editor\" data-id=\"7332ca12\" data-element_type=\"widget\" data-e-type=\"widget\" data-widget_type=\"text-editor.default\">\n\t\t\t\t<div class=\"elementor-widget-container\">\n\t\t\t\t\t\t\t\t\t<p>Siuntas pristatome \u012f 27 Europos S\u0105jungos, Jungtin\u0117s Karalyst\u0117s ir EEE \u0161alis. D\u0117l kit\u0173 pristatymo b\u016bd\u0173 susisiekite su m\u016bs\u0173 komanda.<\/p>\t\t\t\t\t\t\t\t<\/div>\n\t\t\t\t<\/div>\n\t\t\t\t\t<\/div>\n\t\t\t\t<\/div>\n\t\t<div class=\"elementor-element elementor-element-405268b2 e-flex e-con-boxed e-con e-parent\" data-id=\"405268b2\" data-element_type=\"container\" data-e-type=\"container\">\n\t\t\t\t\t<div class=\"e-con-inner\">\n\t\t\t\t<div class=\"elementor-element elementor-element-5425542d elementor-widget elementor-widget-heading\" data-id=\"5425542d\" data-element_type=\"widget\" data-e-type=\"widget\" data-widget_type=\"heading.default\">\n\t\t\t\t<div class=\"elementor-widget-container\">\n\t\t\t\t\t<h3 class=\"elementor-heading-title elementor-size-default\">Greitas u\u017esakym\u0173 apdorojimas<\/h3>\t\t\t\t<\/div>\n\t\t\t\t<\/div>\n\t\t\t\t\t<\/div>\n\t\t\t\t<\/div>\n\t\t<div class=\"elementor-element elementor-element-6e5c8ed1 e-flex e-con-boxed e-con e-parent\" data-id=\"6e5c8ed1\" data-element_type=\"container\" data-e-type=\"container\">\n\t\t\t\t\t<div class=\"e-con-inner\">\n\t\t\t\t<div class=\"elementor-element elementor-element-3991e15a elementor-widget elementor-widget-text-editor\" data-id=\"3991e15a\" data-element_type=\"widget\" data-e-type=\"widget\" data-widget_type=\"text-editor.default\">\n\t\t\t\t<div class=\"elementor-widget-container\">\n\t\t\t\t\t\t\t\t\t<p>J\u016bs\u0173 u\u017esakymas apdorojamas ir i\u0161siun\u010diamas tik gavus mok\u0117jim\u0105! U\u017esakymas apdorojamas per 1 darbo dien\u0105. U\u017esakymai, pateikti savaitgaliais ar \u0161ven\u010di\u0173 dienomis, apdorojami kit\u0105 darbo dien\u0105.<\/p><p>I\u0161siuntimas t\u0105 pa\u010di\u0105 darbo dien\u0105, jei u\u017esakoma iki 13:00 val.<\/p><p>U\u017esakym\u0173 i\u0161siuntimas po 13:00 - kit\u0105 darbo dien\u0105.<\/p>\t\t\t\t\t\t\t\t<\/div>\n\t\t\t\t<\/div>\n\t\t\t\t<div class=\"elementor-element elementor-element-5ebd3970 elementor-widget elementor-widget-heading\" data-id=\"5ebd3970\" data-element_type=\"widget\" data-e-type=\"widget\" data-widget_type=\"heading.default\">\n\t\t\t\t<div class=\"elementor-widget-container\">\n\t\t\t\t\t<h3 class=\"elementor-heading-title elementor-size-default\">NEMOKAMAS u\u017esakymo pa\u0117mimas<\/h3>\t\t\t\t<\/div>\n\t\t\t\t<\/div>\n\t\t\t\t\t<\/div>\n\t\t\t\t<\/div>\n\t\t<div class=\"elementor-element elementor-element-d5341f4 e-flex e-con-boxed e-con e-parent\" data-id=\"d5341f4\" data-element_type=\"container\" data-e-type=\"container\">\n\t\t\t\t\t<div class=\"e-con-inner\">\n\t\t\t\t<div class=\"elementor-element elementor-element-341bd4b elementor-widget elementor-widget-text-editor\" data-id=\"341bd4b\" data-element_type=\"widget\" data-e-type=\"widget\" data-widget_type=\"text-editor.default\">\n\t\t\t\t<div class=\"elementor-widget-container\">\n\t\t\t\t\t\t\t\t\t<p>U\u017esakymus galima nemokamai atsiimti internetin\u0117je parduotuv\u0117je bioenergostims.eu, klient\u0173 aptarnavimo biure, esan\u010diame P\u0113rses iela 16, Rygoje, darbo dienomis nuo 9:00 iki 17:00.<\/p>\t\t\t\t\t\t\t\t<\/div>\n\t\t\t\t<\/div>\n\t\t\t\t<div class=\"elementor-element elementor-element-5d08bb7 elementor-widget elementor-widget-heading\" data-id=\"5d08bb7\" data-element_type=\"widget\" data-e-type=\"widget\" data-widget_type=\"heading.default\">\n\t\t\t\t<div class=\"elementor-widget-container\">\n\t\t\t\t\t<h3 class=\"elementor-heading-title elementor-size-default\">Pristatymas Latvijoje<\/h3>\t\t\t\t<\/div>\n\t\t\t\t<\/div>\n\t\t\t\t\t<\/div>\n\t\t\t\t<\/div>\n\t\t<div class=\"elementor-element elementor-element-3be84b63 e-flex e-con-boxed e-con e-parent\" data-id=\"3be84b63\" data-element_type=\"container\" data-e-type=\"container\">\n\t\t\t\t\t<div class=\"e-con-inner\">\n\t\t\t\t<div class=\"elementor-element elementor-element-51e611d7 elementor-widget elementor-widget-text-editor\" data-id=\"51e611d7\" data-element_type=\"widget\" data-e-type=\"widget\" data-widget_type=\"text-editor.default\">\n\t\t\t\t<div class=\"elementor-widget-container\">\n\t\t\t\t\t\t\t\t\t<p><\/p><p>Pristatymas paprastai trunka 1 darbo dien\u0105, i\u0161skyrus u\u017esakymo i\u0161siuntimo dien\u0105. Pristatymas savaitgaliais ir \u0161ven\u010di\u0173 dienomis gali b\u016bti ribotas arba v\u0117luoti.<\/p><p>PRISTATYMAS \u012e PA\u0160T\u0104 U\u017esakymas bus pristatytas \u012f pa\u0161t\u0105 kliento nurodytu adresu.\u00a0<\/p><p>PRISTATYMAS \u012e OMNIVA, DPD, VENIPAK, LATVIJOS PA\u0160T\u0104. U\u017esakymas bus pristatytas \u012f kliento pasirinkt\u0105 siunt\u0173 automat\u0105.\u00a0<\/p><p>PRISTATYMAS PER KURJER\u012e (DPD, VENIPAK, LATVIJAS PASTS). U\u017esakymas bus pristatytas kliento nurodytu adresu.\u00a0<\/p><p><\/p>\t\t\t\t\t\t\t\t<\/div>\n\t\t\t\t<\/div>\n\t\t\t\t<div class=\"elementor-element elementor-element-829ca6b elementor-widget elementor-widget-heading\" data-id=\"829ca6b\" data-element_type=\"widget\" data-e-type=\"widget\" data-widget_type=\"heading.default\">\n\t\t\t\t<div class=\"elementor-widget-container\">\n\t\t\t\t\t<h3 class=\"elementor-heading-title elementor-size-default\">Pristatymas \u012f Lietuv\u0105 ir Estij\u0105<\/h3>\t\t\t\t<\/div>\n\t\t\t\t<\/div>\n\t\t\t\t\t<\/div>\n\t\t\t\t<\/div>\n\t\t<div class=\"elementor-element elementor-element-71849f1d e-flex e-con-boxed e-con e-parent\" data-id=\"71849f1d\" data-element_type=\"container\" data-e-type=\"container\">\n\t\t\t\t\t<div class=\"e-con-inner\">\n\t\t\t\t<div class=\"elementor-element elementor-element-1f48e5f elementor-widget elementor-widget-text-editor\" data-id=\"1f48e5f\" data-element_type=\"widget\" data-e-type=\"widget\" data-widget_type=\"text-editor.default\">\n\t\t\t\t<div class=\"elementor-widget-container\">\n\t\t\t\t\t\t\t\t\t<p><\/p><p>Pristatymas paprastai trunka iki 2 darbo dien\u0173, i\u0161skyrus u\u017esakymo i\u0161siuntimo dien\u0105. Pristatymas savaitgaliais ir \u0161ven\u010di\u0173 dienomis gali b\u016bti ribotas arba v\u0117luoti.<\/p><p>PRISTATYMAS \u012e PA\u0160T\u0104 U\u017esakymas bus pristatytas \u012f pa\u0161t\u0105 kliento nurodytu adresu.\u00a0<\/p><p>PRISTATYMAS \u012e OMNIVA, DPD, VENIPAK, LP EXPRESS. J\u016bs\u0173 u\u017esakymas bus pristatytas \u012f pasirinkt\u0105 siunt\u0173 pristatymo ma\u0161in\u0105.\u00a0<\/p><p>PRISTATYMAS PER KURJER\u012e (DPD, VENIPAK, LATVIJAS PASTS). U\u017esakymas bus pristatytas kliento nurodytu adresu.\u00a0<\/p><p><\/p>\t\t\t\t\t\t\t\t<\/div>\n\t\t\t\t<\/div>\n\t\t\t\t\t<\/div>\n\t\t\t\t<\/div>\n\t\t<div class=\"elementor-element elementor-element-887f31e e-flex e-con-boxed e-con e-parent\" data-id=\"887f31e\" data-element_type=\"container\" data-e-type=\"container\">\n\t\t\t\t\t<div class=\"e-con-inner\">\n\t\t\t\t<div class=\"elementor-element elementor-element-571a744 elementor-widget elementor-widget-heading\" data-id=\"571a744\" data-element_type=\"widget\" data-e-type=\"widget\" data-widget_type=\"heading.default\">\n\t\t\t\t<div class=\"elementor-widget-container\">\n\t\t\t\t\t<h3 class=\"elementor-heading-title elementor-size-default\">Pristatymas ES, JK, EEE<\/h3>\t\t\t\t<\/div>\n\t\t\t\t<\/div>\n\t\t\t\t\t<\/div>\n\t\t\t\t<\/div>\n\t\t<div class=\"elementor-element elementor-element-1ea70bb8 e-flex e-con-boxed e-con e-parent\" data-id=\"1ea70bb8\" data-element_type=\"container\" data-e-type=\"container\">\n\t\t\t\t\t<div class=\"e-con-inner\">\n\t\t\t\t<div class=\"elementor-element elementor-element-7e7cf6ee elementor-widget elementor-widget-text-editor\" data-id=\"7e7cf6ee\" data-element_type=\"widget\" data-e-type=\"widget\" data-widget_type=\"text-editor.default\">\n\t\t\t\t<div class=\"elementor-widget-container\">\n\t\t\t\t\t\t\t\t\t<p><\/p><p>Pristatymas paprastai trunka nuo 3 iki 7 darbo dien\u0173, i\u0161skyrus u\u017esakymo i\u0161siuntimo dien\u0105. Pristatymas savaitgaliais ir \u0161ven\u010di\u0173 dienomis gali b\u016bti ribotas arba v\u0117luoti.<\/p><p><strong>Vis\u0173 u\u017esakym\u0173 pristatymas stebimas. Kai u\u017esakymas bus apdorotas, jums bus i\u0161si\u0173stas pristatymo sekimo numeris.<\/strong><\/p><p>PRISTATYMAS \u012e PA\u0160T\u0104 U\u017esakymas bus pristatytas \u012f pa\u0161t\u0105 kliento nurodytu adresu.\u00a0<\/p><p>PRISTATYMAS PER KURJER\u012e (DPD, EMS). U\u017esakymas bus pristatytas kliento nurodytu adresu. Pristatymo mokes\u010diai skiriasi priklausomai nuo kliento nurodytos vietos. Pristatymo trukm\u0117 nuo 3 iki 7 darbo dien\u0173.<\/p><p><\/p>\t\t\t\t\t\t\t\t<\/div>\n\t\t\t\t<\/div>\n\t\t\t\t\t<\/div>\n\t\t\t\t<\/div>\n\t\t<div class=\"elementor-element elementor-element-8547615 e-flex e-con-boxed e-con e-parent\" data-id=\"8547615\" data-element_type=\"container\" data-e-type=\"container\">\n\t\t\t\t\t<div class=\"e-con-inner\">\n\t\t\t\t<div class=\"elementor-element elementor-element-a7767e8 elementor-widget elementor-widget-heading\" data-id=\"a7767e8\" data-element_type=\"widget\" data-e-type=\"widget\" data-widget_type=\"heading.default\">\n\t\t\t\t<div class=\"elementor-widget-container\">\n\t\t\t\t\t<h3 class=\"elementor-heading-title elementor-size-default\">Mokes\u010diai ir muitai u\u017e ES rib\u0173<\/h3>\t\t\t\t<\/div>\n\t\t\t\t<\/div>\n\t\t\t\t\t<\/div>\n\t\t\t\t<\/div>\n\t\t<div class=\"elementor-element elementor-element-1409268 e-flex e-con-boxed e-con e-parent\" data-id=\"1409268\" data-element_type=\"container\" data-e-type=\"container\">\n\t\t\t\t\t<div class=\"e-con-inner\">\n\t\t\t\t<div class=\"elementor-element elementor-element-c0cca89 elementor-widget elementor-widget-text-editor\" data-id=\"c0cca89\" data-element_type=\"widget\" data-e-type=\"widget\" data-widget_type=\"text-editor.default\">\n\t\t\t\t<div class=\"elementor-widget-container\">\n\t\t\t\t\t\t\t\t\t<p><\/p><p>U\u017e ES rib\u0173 esantiems klientams gali b\u016bti taikomi mokes\u010diai arba importo muitai. Kad i\u0161vengtum\u0117te netik\u0117t\u0173 i\u0161laid\u0173, rekomenduojame prie\u0161 pateikiant u\u017esakym\u0105 susisiekti su vietos muitin\u0117s \u012fstaiga ir su\u017einoti galimus mokes\u010dius ir (arba) muitus. Visiems pristatymams u\u017e ES rib\u0173 nurodytos kainos nurodytos be muit\u0173 ir mokes\u010di\u0173.<br \/>Siun\u010diant tarptautiniu mastu, j\u016bs esate atsakingi u\u017e paskirties \u0161alies taikomus muitus ir mokes\u010dius. www.bioenergostims.eu \u0161i\u0173 mokes\u010di\u0173 netaiko.<\/p><p>Kiekvienos prek\u0117s kilm\u0117s \u0161alis nurodoma u\u017esakymo dokumentuose (tik u\u017esakymams ne ES \u0161alyse).<\/p><p><\/p>\t\t\t\t\t\t\t\t<\/div>\n\t\t\t\t<\/div>\n\t\t\t\t\t<\/div>\n\t\t\t\t<\/div>\n\t\t<div class=\"elementor-element elementor-element-727ecda e-flex e-con-boxed e-con e-parent\" data-id=\"727ecda\" data-element_type=\"container\" data-e-type=\"container\">\n\t\t\t\t\t<div class=\"e-con-inner\">\n\t\t\t\t<div class=\"elementor-element elementor-element-64ab0e6 elementor-widget elementor-widget-text-editor\" data-id=\"64ab0e6\" data-element_type=\"widget\" data-e-type=\"widget\" data-widget_type=\"text-editor.default\">\n\t\t\t\t<div class=\"elementor-widget-container\">\n\t\t\t\t\t\t\t\t\t<p><\/p><p>Pristatymo mokestis apskai\u010diuojamas ir nurodomas u\u017esakymo metu ir adresu. Pristatymo mokes\u010diai skiriasi priklausomai nuo pirk\u0117jo nurodytos vietos.\u00a0<\/p><p><\/p>\t\t\t\t\t\t\t\t<\/div>\n\t\t\t\t<\/div>\n\t\t\t\t\t<\/div>\n\t\t\t\t<\/div>\n\t\t\t\t<\/div>","protected":false},"excerpt":{"rendered":"<p>Pieg\u0101des noteikumi M\u0113s veicam pieg\u0101di uz 27 Eiropas Savien\u012bbas valst\u012bm, UK un EEZ. Par cit\u0101m pieg\u0101des iesp\u0113jam l\u016bdzu sazin\u0101ties ar m\u016bsu komandu. \u0100tra pas\u016bt\u012bjumu apstr\u0101de Pas\u016bt\u012bjums tiek apstr\u0101d\u0101ts un izs\u016bt\u012bts tikai p\u0113c pas\u016bt\u012bjuma apmaksas sa\u0146em\u0161anas! Pas\u016bt\u012bjuma apstr\u0101des laiks ir 1 darba diena. Pas\u016bt\u012bjumi, kas veikti br\u012bvdien\u0101s vai sv\u0113tku dien\u0101s tiek apstr\u0101d\u0101ti n\u0101kamaj\u0101 darba dien\u0101. Pas\u016bt\u012bjuma [&hellip;]<\/p>","protected":false},"author":1,"featured_media":0,"parent":0,"menu_order":0,"comment_status":"closed","ping_status":"closed","template":"","meta":{"footnotes":""},"class_list":["post-373","page","type-page","status-publish","hentry"],"yoast_head":"<!-- This site is optimized with the Yoast SEO Premium plugin v24.8 (Yoast SEO v24.8) - https:\/\/yoast.com\/wordpress\/plugins\/seo\/ -->\n<title>Pieg\u0101des noteikumi - BIOENERGOSTIMS e-shop<\/title>\n<meta name=\"robots\" content=\"noindex, follow\" \/>\n<meta property=\"og:locale\" content=\"lt_LT\" \/>\n<meta property=\"og:type\" content=\"article\" \/>\n<meta property=\"og:title\" content=\"Pieg\u0101des noteikumi\" \/>\n<meta property=\"og:description\" content=\"Pieg\u0101des noteikumi M\u0113s veicam pieg\u0101di uz 27 Eiropas Savien\u012bbas valst\u012bm, UK un EEZ. Par cit\u0101m pieg\u0101des iesp\u0113jam l\u016bdzu sazin\u0101ties ar m\u016bsu komandu. \u0100tra pas\u016bt\u012bjumu apstr\u0101de Pas\u016bt\u012bjums tiek apstr\u0101d\u0101ts un izs\u016bt\u012bts tikai p\u0113c pas\u016bt\u012bjuma apmaksas sa\u0146em\u0161anas! Pas\u016bt\u012bjuma apstr\u0101des laiks ir 1 darba diena. Pas\u016bt\u012bjumi, kas veikti br\u012bvdien\u0101s vai sv\u0113tku dien\u0101s tiek apstr\u0101d\u0101ti n\u0101kamaj\u0101 darba dien\u0101. Pas\u016bt\u012bjuma [&hellip;]\" \/>\n<meta property=\"og:url\" content=\"https:\/\/bioenergostims.eu\/lt\/pristatymo-erminai\/\" \/>\n<meta property=\"og:site_name\" content=\"BIOENERGOSTIMS e-shop\" \/>\n<meta property=\"article:modified_time\" content=\"2024-10-02T09:34:53+00:00\" \/>\n<meta name=\"twitter:card\" content=\"summary_large_image\" \/>\n<meta name=\"twitter:label1\" content=\"Est. reading time\" \/>\n\t<meta name=\"twitter:data1\" content=\"3 minut\u0117s\" \/>\n<script type=\"application\/ld+json\" class=\"yoast-schema-graph\">{\"@context\":\"https:\/\/schema.org\",\"@graph\":[{\"@type\":\"WebPage\",\"@id\":\"https:\/\/bioenergostims.eu\/piegades-noteikumi\/\",\"url\":\"https:\/\/bioenergostims.eu\/piegades-noteikumi\/\",\"name\":\"Pieg\u0101des noteikumi - BIOENERGOSTIMS e-shop\",\"isPartOf\":{\"@id\":\"https:\/\/bioenergostims.eu\/#website\"},\"datePublished\":\"2024-07-05T12:36:55+00:00\",\"dateModified\":\"2024-10-02T09:34:53+00:00\",\"breadcrumb\":{\"@id\":\"https:\/\/bioenergostims.eu\/piegades-noteikumi\/#breadcrumb\"},\"inLanguage\":\"lt-LT\",\"potentialAction\":[{\"@type\":\"ReadAction\",\"target\":[\"https:\/\/bioenergostims.eu\/piegades-noteikumi\/\"]}]},{\"@type\":\"BreadcrumbList\",\"@id\":\"https:\/\/bioenergostims.eu\/piegades-noteikumi\/#breadcrumb\",\"itemListElement\":[{\"@type\":\"ListItem\",\"position\":1,\"name\":\"Home\",\"item\":\"https:\/\/bioenergostims.eu\/\"},{\"@type\":\"ListItem\",\"position\":2,\"name\":\"Pieg\u0101des noteikumi\"}]},{\"@type\":\"WebSite\",\"@id\":\"https:\/\/bioenergostims.eu\/#website\",\"url\":\"https:\/\/bioenergostims.eu\/\",\"name\":\"BIOENERGOSTIMS e-shop\",\"description\":\"BIOENERGOSTIMS EnergySelenium\",\"publisher\":{\"@id\":\"https:\/\/bioenergostims.eu\/#organization\"},\"potentialAction\":[{\"@type\":\"SearchAction\",\"target\":{\"@type\":\"EntryPoint\",\"urlTemplate\":\"https:\/\/bioenergostims.eu\/?s={search_term_string}\"},\"query-input\":{\"@type\":\"PropertyValueSpecification\",\"valueRequired\":true,\"valueName\":\"search_term_string\"}}],\"inLanguage\":\"lt-LT\"},{\"@type\":\"Organization\",\"@id\":\"https:\/\/bioenergostims.eu\/#organization\",\"name\":\"BIOENERGOSTIMS e-shop\",\"url\":\"https:\/\/bioenergostims.eu\/\",\"logo\":{\"@type\":\"ImageObject\",\"inLanguage\":\"lt-LT\",\"@id\":\"https:\/\/bioenergostims.eu\/#\/schema\/logo\/image\/\",\"url\":\"https:\/\/bioenergostims.eu\/wp-content\/uploads\/2024\/06\/Screenshot-2024-07-04-160517.png\",\"contentUrl\":\"https:\/\/bioenergostims.eu\/wp-content\/uploads\/2024\/06\/Screenshot-2024-07-04-160517.png\",\"width\":380,\"height\":116,\"caption\":\"BIOENERGOSTIMS e-shop\"},\"image\":{\"@id\":\"https:\/\/bioenergostims.eu\/#\/schema\/logo\/image\/\"}}]}<\/script>\n<!-- \/ Yoast SEO Premium plugin. -->","yoast_head_json":{"title":"Pristatymo s\u0105lygos - BIOENERGOSTIMS el. parduotuv\u0117","robots":{"index":"noindex","follow":"follow"},"og_locale":"lt_LT","og_type":"article","og_title":"Pieg\u0101des noteikumi","og_description":"Pieg\u0101des noteikumi M\u0113s veicam pieg\u0101di uz 27 Eiropas Savien\u012bbas valst\u012bm, UK un EEZ. Par cit\u0101m pieg\u0101des iesp\u0113jam l\u016bdzu sazin\u0101ties ar m\u016bsu komandu. \u0100tra pas\u016bt\u012bjumu apstr\u0101de Pas\u016bt\u012bjums tiek apstr\u0101d\u0101ts un izs\u016bt\u012bts tikai p\u0113c pas\u016bt\u012bjuma apmaksas sa\u0146em\u0161anas! Pas\u016bt\u012bjuma apstr\u0101des laiks ir 1 darba diena. Pas\u016bt\u012bjumi, kas veikti br\u012bvdien\u0101s vai sv\u0113tku dien\u0101s tiek apstr\u0101d\u0101ti n\u0101kamaj\u0101 darba dien\u0101. Pas\u016bt\u012bjuma [&hellip;]","og_url":"https:\/\/bioenergostims.eu\/lt\/pristatymo-erminai\/","og_site_name":"BIOENERGOSTIMS e-shop","article_modified_time":"2024-10-02T09:34:53+00:00","twitter_card":"summary_large_image","twitter_misc":{"Est. reading time":"3 minut\u0117s"},"schema":{"@context":"https:\/\/schema.org","@graph":[{"@type":"WebPage","@id":"https:\/\/bioenergostims.eu\/piegades-noteikumi\/","url":"https:\/\/bioenergostims.eu\/piegades-noteikumi\/","name":"Pristatymo s\u0105lygos - BIOENERGOSTIMS el. parduotuv\u0117","isPartOf":{"@id":"https:\/\/bioenergostims.eu\/#website"},"datePublished":"2024-07-05T12:36:55+00:00","dateModified":"2024-10-02T09:34:53+00:00","breadcrumb":{"@id":"https:\/\/bioenergostims.eu\/piegades-noteikumi\/#breadcrumb"},"inLanguage":"lt-LT","potentialAction":[{"@type":"ReadAction","target":["https:\/\/bioenergostims.eu\/piegades-noteikumi\/"]}]},{"@type":"BreadcrumbList","@id":"https:\/\/bioenergostims.eu\/piegades-noteikumi\/#breadcrumb","itemListElement":[{"@type":"ListItem","position":1,"name":"Home","item":"https:\/\/bioenergostims.eu\/"},{"@type":"ListItem","position":2,"name":"Pieg\u0101des noteikumi"}]},{"@type":"WebSite","@id":"https:\/\/bioenergostims.eu\/#website","url":"https:\/\/bioenergostims.eu\/","name":"BIOENERGOSTIMS el. parduotuv\u0117","description":"BIOENERGOSTIMAI EnergijaSelenas","publisher":{"@id":"https:\/\/bioenergostims.eu\/#organization"},"potentialAction":[{"@type":"SearchAction","target":{"@type":"EntryPoint","urlTemplate":"https:\/\/bioenergostims.eu\/?s={search_term_string}"},"query-input":{"@type":"PropertyValueSpecification","valueRequired":true,"valueName":"search_term_string"}}],"inLanguage":"lt-LT"},{"@type":"Organization","@id":"https:\/\/bioenergostims.eu\/#organization","name":"BIOENERGOSTIMS el. parduotuv\u0117","url":"https:\/\/bioenergostims.eu\/","logo":{"@type":"ImageObject","inLanguage":"lt-LT","@id":"https:\/\/bioenergostims.eu\/#\/schema\/logo\/image\/","url":"https:\/\/bioenergostims.eu\/wp-content\/uploads\/2024\/06\/Screenshot-2024-07-04-160517.png","contentUrl":"https:\/\/bioenergostims.eu\/wp-content\/uploads\/2024\/06\/Screenshot-2024-07-04-160517.png","width":380,"height":116,"caption":"BIOENERGOSTIMS e-shop"},"image":{"@id":"https:\/\/bioenergostims.eu\/#\/schema\/logo\/image\/"}}]}},"_links":{"self":[{"href":"https:\/\/bioenergostims.eu\/lt\/wp-json\/wp\/v2\/pages\/373","targetHints":{"allow":["GET"]}}],"collection":[{"href":"https:\/\/bioenergostims.eu\/lt\/wp-json\/wp\/v2\/pages"}],"about":[{"href":"https:\/\/bioenergostims.eu\/lt\/wp-json\/wp\/v2\/types\/page"}],"author":[{"embeddable":true,"href":"https:\/\/bioenergostims.eu\/lt\/wp-json\/wp\/v2\/users\/1"}],"replies":[{"embeddable":true,"href":"https:\/\/bioenergostims.eu\/lt\/wp-json\/wp\/v2\/comments?post=373"}],"version-history":[{"count":0,"href":"https:\/\/bioenergostims.eu\/lt\/wp-json\/wp\/v2\/pages\/373\/revisions"}],"wp:attachment":[{"href":"https:\/\/bioenergostims.eu\/lt\/wp-json\/wp\/v2\/media?parent=373"}],"curies":[{"name":"wp","href":"https:\/\/api.w.org\/{rel}","templated":true}]}}