{"id":55,"date":"2024-06-16T07:52:48","date_gmt":"2024-06-16T07:52:48","guid":{"rendered":"https:\/\/bioenergostims.eu\/contact\/"},"modified":"2025-08-20T12:51:19","modified_gmt":"2025-08-20T12:51:19","slug":"kontaktas-2","status":"publish","type":"page","link":"https:\/\/bioenergostims.eu\/lt\/kontaktas-2\/","title":{"rendered":"Susisiekite su"},"content":{"rendered":"<div data-elementor-type=\"wp-page\" data-elementor-id=\"55\" class=\"elementor elementor-55\" data-elementor-post-type=\"page\">\n\t\t\t\t<div class=\"elementor-element elementor-element-6b053088 e-con-full e-flex e-con e-parent\" data-id=\"6b053088\" data-element_type=\"container\" data-e-type=\"container\">\n\t\t<div class=\"elementor-element elementor-element-771c3aec e-con-full e-flex e-con e-child\" data-id=\"771c3aec\" data-element_type=\"container\" data-e-type=\"container\" data-settings=\"{&quot;background_background&quot;:&quot;classic&quot;}\">\n\t\t\t\t<\/div>\n\t\t<div class=\"elementor-element elementor-element-478d564f e-con-full e-flex e-con e-child\" data-id=\"478d564f\" data-element_type=\"container\" data-e-type=\"container\">\n\t\t\t\t<div class=\"elementor-element elementor-element-251850fd elementor-widget elementor-widget-heading\" data-id=\"251850fd\" data-element_type=\"widget\" data-e-type=\"widget\" data-widget_type=\"heading.default\">\n\t\t\t\t<div class=\"elementor-widget-container\">\n\t\t\t\t\t<h1 class=\"elementor-heading-title elementor-size-default\">Susisiekite su mumis!<\/h1>\t\t\t\t<\/div>\n\t\t\t\t<\/div>\n\t\t\t\t<div class=\"elementor-element elementor-element-40ca8f2d elementor-widget__width-initial elementor-widget-mobile__width-inherit elementor-widget elementor-widget-text-editor\" data-id=\"40ca8f2d\" data-element_type=\"widget\" data-e-type=\"widget\" data-widget_type=\"text-editor.default\">\n\t\t\t\t<div class=\"elementor-widget-container\">\n\t\t\t\t\t\t\t\t\t<p>Prekes pristatome \u012f Europos S\u0105jungos, Jungtin\u0117s Karalyst\u0117s ir EEE \u0161alis. D\u0117l kit\u0173 pristatymo b\u016bd\u0173 susisiekite su m\u016bs\u0173 komanda.<\/p><p>U\u017esisakykite produkt\u0173 sveikatos parduotuv\u0117se, geriausiose Latvijos vaistin\u0117se ir M\u0112NESS vaistini\u0173 tinkle arba i\u0161 m\u016bs\u0173 partneri\u0173.<\/p><p>Kreipkit\u0117s \u012f savo \u0161eimos gydytoj\u0105.<\/p><p>Produkt\u0173 galima \u012fsigyti gamintojo konsultaciniame biure Rygoje, P\u0113rses iela 16 - 204, darbo dienomis nuo 9.00 iki 17.00 val.<\/p><p>[info@bioenergostims.eu]<\/p>\t\t\t\t\t\t\t\t<\/div>\n\t\t\t\t<\/div>\n\t\t\t\t<div class=\"elementor-element elementor-element-ff424ba elementor-widget elementor-widget-heading\" data-id=\"ff424ba\" data-element_type=\"widget\" data-e-type=\"widget\" data-widget_type=\"heading.default\">\n\t\t\t\t<div class=\"elementor-widget-container\">\n\t\t\t\t\t<h2 class=\"elementor-heading-title elementor-size-default\">Tel.: +371 677 01 241<\/h2>\t\t\t\t<\/div>\n\t\t\t\t<\/div>\n\t\t\t\t<div class=\"elementor-element elementor-element-42d61f9 elementor-widget elementor-widget-text-editor\" data-id=\"42d61f9\" data-element_type=\"widget\" data-e-type=\"widget\" data-widget_type=\"text-editor.default\">\n\t\t\t\t<div class=\"elementor-widget-container\">\n\t\t\t\t\t\t\t\t\t<p>U\u017epildykite toliau pateikt\u0105 form\u0105 ir mes su jumis susisieksime kuo grei\u010diau!<\/p>\t\t\t\t\t\t\t\t<\/div>\n\t\t\t\t<\/div>\n\t\t\t\t<div class=\"elementor-element elementor-element-3f054749 elementor-button-align-start elementor-mobile-button-align-center elementor-widget elementor-widget-form\" data-id=\"3f054749\" data-element_type=\"widget\" data-e-type=\"widget\" data-settings=\"{&quot;step_next_label&quot;:&quot;Next&quot;,&quot;step_previous_label&quot;:&quot;Previous&quot;,&quot;button_width&quot;:&quot;100&quot;,&quot;step_type&quot;:&quot;number_text&quot;,&quot;step_icon_shape&quot;:&quot;circle&quot;}\" data-widget_type=\"form.default\">\n\t\t\t\t<div class=\"elementor-widget-container\">\n\t\t\t\t\t\t\t<form class=\"elementor-form\" method=\"post\" name=\"Contact Form\" aria-label=\"Kontaktin\u0117 forma\" action=\"\">\n\t\t\t<input type=\"hidden\" name=\"post_id\" value=\"55\"\/>\n\t\t\t<input type=\"hidden\" name=\"form_id\" value=\"3f054749\"\/>\n\t\t\t<input type=\"hidden\" name=\"referer_title\" value=\"BIOENERGOSTIMS e-shop\" \/>\n\n\t\t\t\n\t\t\t<div class=\"elementor-form-fields-wrapper elementor-labels-\">\n\t\t\t\t\t\t\t\t<div class=\"elementor-field-type-text elementor-field-group elementor-column elementor-field-group-name elementor-col-50\">\n\t\t\t\t\t\t\t\t\t\t\t\t<label for=\"form-field-name\" class=\"elementor-field-label elementor-screen-only\">\n\t\t\t\t\t\t\t\tPavadinimas\t\t\t\t\t\t\t<\/label>\n\t\t\t\t\t\t\t\t\t\t\t\t\t\t<input size=\"1\" type=\"text\" name=\"form_fields[name]\" id=\"form-field-name\" class=\"elementor-field elementor-size-md  elementor-field-textual\" placeholder=\"Pavadinimas\">\n\t\t\t\t\t\t\t\t\t\t\t<\/div>\n\t\t\t\t\t\t\t\t<div class=\"elementor-field-type-email elementor-field-group elementor-column elementor-field-group-email elementor-col-50 elementor-field-required\">\n\t\t\t\t\t\t\t\t\t\t\t\t<label for=\"form-field-email\" class=\"elementor-field-label elementor-screen-only\">\n\t\t\t\t\t\t\t\tEl. pa\u0161tas\t\t\t\t\t\t\t<\/label>\n\t\t\t\t\t\t\t\t\t\t\t\t\t\t<input size=\"1\" type=\"email\" name=\"form_fields[email]\" id=\"form-field-email\" class=\"elementor-field elementor-size-md  elementor-field-textual\" placeholder=\"J\u016bs\u0173 el. pa\u0161tas\" required=\"required\">\n\t\t\t\t\t\t\t\t\t\t\t<\/div>\n\t\t\t\t\t\t\t\t<div class=\"elementor-field-type-select elementor-field-group elementor-column elementor-field-group-field_651f872 elementor-col-50\">\n\t\t\t\t\t\t\t\t\t\t\t\t<label for=\"form-field-field_651f872\" class=\"elementor-field-label elementor-screen-only\">\n\t\t\t\t\t\t\t\tPasirinkite tem\u0105\t\t\t\t\t\t\t<\/label>\n\t\t\t\t\t\t\t\t<div class=\"elementor-field elementor-select-wrapper remove-before\">\n\t\t\t<div class=\"select-caret-down-wrapper\">\n\t\t\t\t<svg aria-hidden=\"true\" class=\"e-font-icon-svg e-eicon-caret-down\" viewbox=\"0 0 571.4 571.4\" xmlns=\"http:\/\/www.w3.org\/2000\/svg\"><path d=\"M571 393Q571 407 561 418L311 668Q300 679 286 679T261 668L11 418Q0 407 0 393T11 368 36 357H536Q550 357 561 368T571 393Z\"><\/path><\/svg>\t\t\t<\/div>\n\t\t\t<select name=\"form_fields[field_651f872]\" id=\"form-field-field_651f872\" class=\"elementor-field-textual elementor-size-md\">\n\t\t\t\t\t\t\t\t\t<option value=\"Choose Topic\">Pasirinkite tem\u0105<\/option>\n\t\t\t\t\t\t\t\t\t<option value=\"Produktu ieg\u0101de\">Produkt\u0173 pirkimas<\/option>\n\t\t\t\t\t\t\t\t\t<option value=\"Konsult\u0101cija\">Konsultuokit\u0117s<\/option>\n\t\t\t\t\t\t\t\t\t<option value=\"Sadarb\u012bba\">Bendradarbiavimas<\/option>\n\t\t\t\t\t\t\t\t\t<option value=\"Cits jaut\u0101jums\">Kitas klausimas<\/option>\n\t\t\t\t\t\t\t<\/select>\n\t\t<\/div>\n\t\t\t\t\t\t<\/div>\n\t\t\t\t\t\t\t\t<div class=\"elementor-field-type-text elementor-field-group elementor-column elementor-field-group-field_a735fff elementor-col-50 elementor-field-required\">\n\t\t\t\t\t\t\t\t\t\t\t\t<label for=\"form-field-field_a735fff\" class=\"elementor-field-label elementor-screen-only\">\n\t\t\t\t\t\t\t\t\u017dinut\u0117\t\t\t\t\t\t\t<\/label>\n\t\t\t\t\t\t\t\t\t\t\t\t\t\t<input size=\"1\" type=\"text\" name=\"form_fields[field_a735fff]\" id=\"form-field-field_a735fff\" class=\"elementor-field elementor-size-md  elementor-field-textual\" placeholder=\"Naujien\u0173 tekstas\" required=\"required\">\n\t\t\t\t\t\t\t\t\t\t\t<\/div>\n\t\t\t\t\t\t\t\t<div class=\"elementor-field-group elementor-column elementor-field-type-submit elementor-col-100 e-form__buttons\">\n\t\t\t\t\t<button class=\"elementor-button elementor-size-md elementor-animation-shrink\" type=\"submit\">\n\t\t\t\t\t\t<span class=\"elementor-button-content-wrapper\">\n\t\t\t\t\t\t\t\t\t\t\t\t\t\t\t\t\t\t\t\t\t\t<span class=\"elementor-button-text\">Si\u0173sti adresu<\/span>\n\t\t\t\t\t\t\t\t\t\t\t\t\t<\/span>\n\t\t\t\t\t<\/button>\n\t\t\t\t<\/div>\n\t\t\t<\/div>\n\t\t<input type=\"hidden\" name=\"trp-form-language\" value=\"lt\"\/><\/form>\n\t\t\t\t\t\t<\/div>\n\t\t\t\t<\/div>\n\t\t\t\t<\/div>\n\t\t\t\t<\/div>\n\t\t\t\t<\/div>","protected":false},"excerpt":{"rendered":"<p>Sazinies ar mums! M\u0113s veicam pieg\u0101di uz Eiropas Savien\u012bbas valst\u012bm, UK un EEZ. Par cit\u0101m pieg\u0101des iesp\u0113jam l\u016bdzu sazin\u0101ties ar m\u016bsu komandu. Pieprasiet produktus vesel\u012bbas veikalos, lab\u0101kaj\u0101s Latvijas aptiek\u0101s un M\u0112NESS aptieku t\u012bkl\u0101 vai pie m\u016bsu partneriem. Jaut\u0101jiet savam \u0123imenes \u0101rstam. Produktus var iegad\u0101ties ra\u017eot\u0101ja konsultat\u012bvaj\u0101 noda\u013c\u0101 R\u012bg\u0101, P\u0113rses iel\u0101 16 \u2013 204., darbadien\u0101s no [&hellip;]<\/p>","protected":false},"author":1,"featured_media":0,"parent":0,"menu_order":0,"comment_status":"closed","ping_status":"closed","template":"","meta":{"footnotes":""},"class_list":["post-55","page","type-page","status-publish","hentry"],"yoast_head":"<!-- This site is optimized with the Yoast SEO Premium plugin v24.8 (Yoast SEO v24.8) - https:\/\/yoast.com\/wordpress\/plugins\/seo\/ -->\n<title>Contact - BIOENERGOSTIMS e-shop<\/title>\n<meta name=\"robots\" content=\"index, follow, max-snippet:-1, max-image-preview:large, max-video-preview:-1\" \/>\n<link rel=\"canonical\" href=\"https:\/\/bioenergostims.eu\/lt\/kontaktas-2\/\" \/>\n<meta property=\"og:locale\" content=\"lt_LT\" \/>\n<meta property=\"og:type\" content=\"article\" \/>\n<meta property=\"og:title\" content=\"Contact\" \/>\n<meta property=\"og:description\" content=\"Sazinies ar mums! M\u0113s veicam pieg\u0101di uz Eiropas Savien\u012bbas valst\u012bm, UK un EEZ. Par cit\u0101m pieg\u0101des iesp\u0113jam l\u016bdzu sazin\u0101ties ar m\u016bsu komandu. Pieprasiet produktus vesel\u012bbas veikalos, lab\u0101kaj\u0101s Latvijas aptiek\u0101s un M\u0112NESS aptieku t\u012bkl\u0101 vai pie m\u016bsu partneriem. Jaut\u0101jiet savam \u0123imenes \u0101rstam. Produktus var iegad\u0101ties ra\u017eot\u0101ja konsultat\u012bvaj\u0101 noda\u013c\u0101 R\u012bg\u0101, P\u0113rses iel\u0101 16 \u2013 204., darbadien\u0101s no [&hellip;]\" \/>\n<meta property=\"og:url\" content=\"https:\/\/bioenergostims.eu\/lt\/kontaktas-2\/\" \/>\n<meta property=\"og:site_name\" content=\"BIOENERGOSTIMS e-shop\" \/>\n<meta property=\"article:modified_time\" content=\"2025-08-20T12:51:19+00:00\" \/>\n<meta name=\"twitter:card\" content=\"summary_large_image\" \/>\n<meta name=\"twitter:label1\" content=\"Est. reading time\" \/>\n\t<meta name=\"twitter:data1\" content=\"1 minut\u0117\" \/>\n<script type=\"application\/ld+json\" class=\"yoast-schema-graph\">{\"@context\":\"https:\/\/schema.org\",\"@graph\":[{\"@type\":\"WebPage\",\"@id\":\"https:\/\/bioenergostims.eu\/contact-2\/\",\"url\":\"https:\/\/bioenergostims.eu\/contact-2\/\",\"name\":\"Contact - BIOENERGOSTIMS e-shop\",\"isPartOf\":{\"@id\":\"https:\/\/bioenergostims.eu\/#website\"},\"datePublished\":\"2024-06-16T07:52:48+00:00\",\"dateModified\":\"2025-08-20T12:51:19+00:00\",\"breadcrumb\":{\"@id\":\"https:\/\/bioenergostims.eu\/contact-2\/#breadcrumb\"},\"inLanguage\":\"lt-LT\",\"potentialAction\":[{\"@type\":\"ReadAction\",\"target\":[\"https:\/\/bioenergostims.eu\/contact-2\/\"]}]},{\"@type\":\"BreadcrumbList\",\"@id\":\"https:\/\/bioenergostims.eu\/contact-2\/#breadcrumb\",\"itemListElement\":[{\"@type\":\"ListItem\",\"position\":1,\"name\":\"Home\",\"item\":\"https:\/\/bioenergostims.eu\/\"},{\"@type\":\"ListItem\",\"position\":2,\"name\":\"Contact\"}]},{\"@type\":\"WebSite\",\"@id\":\"https:\/\/bioenergostims.eu\/#website\",\"url\":\"https:\/\/bioenergostims.eu\/\",\"name\":\"BIOENERGOSTIMS e-shop\",\"description\":\"BIOENERGOSTIMS EnergySelenium\",\"publisher\":{\"@id\":\"https:\/\/bioenergostims.eu\/#organization\"},\"potentialAction\":[{\"@type\":\"SearchAction\",\"target\":{\"@type\":\"EntryPoint\",\"urlTemplate\":\"https:\/\/bioenergostims.eu\/?s={search_term_string}\"},\"query-input\":{\"@type\":\"PropertyValueSpecification\",\"valueRequired\":true,\"valueName\":\"search_term_string\"}}],\"inLanguage\":\"lt-LT\"},{\"@type\":\"Organization\",\"@id\":\"https:\/\/bioenergostims.eu\/#organization\",\"name\":\"BIOENERGOSTIMS e-shop\",\"url\":\"https:\/\/bioenergostims.eu\/\",\"logo\":{\"@type\":\"ImageObject\",\"inLanguage\":\"lt-LT\",\"@id\":\"https:\/\/bioenergostims.eu\/#\/schema\/logo\/image\/\",\"url\":\"https:\/\/bioenergostims.eu\/wp-content\/uploads\/2024\/06\/Screenshot-2024-07-04-160517.png\",\"contentUrl\":\"https:\/\/bioenergostims.eu\/wp-content\/uploads\/2024\/06\/Screenshot-2024-07-04-160517.png\",\"width\":380,\"height\":116,\"caption\":\"BIOENERGOSTIMS e-shop\"},\"image\":{\"@id\":\"https:\/\/bioenergostims.eu\/#\/schema\/logo\/image\/\"}}]}<\/script>\n<!-- \/ Yoast SEO Premium plugin. -->","yoast_head_json":{"title":"Susisiekite - BIOENERGOSTIMS el. parduotuv\u0117","robots":{"index":"index","follow":"follow","max-snippet":"max-snippet:-1","max-image-preview":"max-image-preview:large","max-video-preview":"max-video-preview:-1"},"canonical":"https:\/\/bioenergostims.eu\/lt\/kontaktas-2\/","og_locale":"lt_LT","og_type":"article","og_title":"Contact","og_description":"Sazinies ar mums! M\u0113s veicam pieg\u0101di uz Eiropas Savien\u012bbas valst\u012bm, UK un EEZ. Par cit\u0101m pieg\u0101des iesp\u0113jam l\u016bdzu sazin\u0101ties ar m\u016bsu komandu. Pieprasiet produktus vesel\u012bbas veikalos, lab\u0101kaj\u0101s Latvijas aptiek\u0101s un M\u0112NESS aptieku t\u012bkl\u0101 vai pie m\u016bsu partneriem. Jaut\u0101jiet savam \u0123imenes \u0101rstam. Produktus var iegad\u0101ties ra\u017eot\u0101ja konsultat\u012bvaj\u0101 noda\u013c\u0101 R\u012bg\u0101, P\u0113rses iel\u0101 16 \u2013 204., darbadien\u0101s no [&hellip;]","og_url":"https:\/\/bioenergostims.eu\/lt\/kontaktas-2\/","og_site_name":"BIOENERGOSTIMS e-shop","article_modified_time":"2025-08-20T12:51:19+00:00","twitter_card":"summary_large_image","twitter_misc":{"Est. reading time":"1 minut\u0117"},"schema":{"@context":"https:\/\/schema.org","@graph":[{"@type":"WebPage","@id":"https:\/\/bioenergostims.eu\/contact-2\/","url":"https:\/\/bioenergostims.eu\/contact-2\/","name":"Susisiekite - BIOENERGOSTIMS el. parduotuv\u0117","isPartOf":{"@id":"https:\/\/bioenergostims.eu\/#website"},"datePublished":"2024-06-16T07:52:48+00:00","dateModified":"2025-08-20T12:51:19+00:00","breadcrumb":{"@id":"https:\/\/bioenergostims.eu\/contact-2\/#breadcrumb"},"inLanguage":"lt-LT","potentialAction":[{"@type":"ReadAction","target":["https:\/\/bioenergostims.eu\/contact-2\/"]}]},{"@type":"BreadcrumbList","@id":"https:\/\/bioenergostims.eu\/contact-2\/#breadcrumb","itemListElement":[{"@type":"ListItem","position":1,"name":"Home","item":"https:\/\/bioenergostims.eu\/"},{"@type":"ListItem","position":2,"name":"Contact"}]},{"@type":"WebSite","@id":"https:\/\/bioenergostims.eu\/#website","url":"https:\/\/bioenergostims.eu\/","name":"BIOENERGOSTIMS el. parduotuv\u0117","description":"BIOENERGOSTIMAI EnergijaSelenas","publisher":{"@id":"https:\/\/bioenergostims.eu\/#organization"},"potentialAction":[{"@type":"SearchAction","target":{"@type":"EntryPoint","urlTemplate":"https:\/\/bioenergostims.eu\/?s={search_term_string}"},"query-input":{"@type":"PropertyValueSpecification","valueRequired":true,"valueName":"search_term_string"}}],"inLanguage":"lt-LT"},{"@type":"Organization","@id":"https:\/\/bioenergostims.eu\/#organization","name":"BIOENERGOSTIMS el. parduotuv\u0117","url":"https:\/\/bioenergostims.eu\/","logo":{"@type":"ImageObject","inLanguage":"lt-LT","@id":"https:\/\/bioenergostims.eu\/#\/schema\/logo\/image\/","url":"https:\/\/bioenergostims.eu\/wp-content\/uploads\/2024\/06\/Screenshot-2024-07-04-160517.png","contentUrl":"https:\/\/bioenergostims.eu\/wp-content\/uploads\/2024\/06\/Screenshot-2024-07-04-160517.png","width":380,"height":116,"caption":"BIOENERGOSTIMS e-shop"},"image":{"@id":"https:\/\/bioenergostims.eu\/#\/schema\/logo\/image\/"}}]}},"_links":{"self":[{"href":"https:\/\/bioenergostims.eu\/lt\/wp-json\/wp\/v2\/pages\/55","targetHints":{"allow":["GET"]}}],"collection":[{"href":"https:\/\/bioenergostims.eu\/lt\/wp-json\/wp\/v2\/pages"}],"about":[{"href":"https:\/\/bioenergostims.eu\/lt\/wp-json\/wp\/v2\/types\/page"}],"author":[{"embeddable":true,"href":"https:\/\/bioenergostims.eu\/lt\/wp-json\/wp\/v2\/users\/1"}],"replies":[{"embeddable":true,"href":"https:\/\/bioenergostims.eu\/lt\/wp-json\/wp\/v2\/comments?post=55"}],"version-history":[{"count":0,"href":"https:\/\/bioenergostims.eu\/lt\/wp-json\/wp\/v2\/pages\/55\/revisions"}],"wp:attachment":[{"href":"https:\/\/bioenergostims.eu\/lt\/wp-json\/wp\/v2\/media?parent=55"}],"curies":[{"name":"wp","href":"https:\/\/api.w.org\/{rel}","templated":true}]}}