{"id":573,"date":"2024-07-17T10:52:18","date_gmt":"2024-07-17T10:52:18","guid":{"rendered":"https:\/\/bioenergostims.eu\/?page_id=573"},"modified":"2025-06-03T20:04:26","modified_gmt":"2025-06-03T20:04:26","slug":"2-postas","status":"publish","type":"page","link":"https:\/\/bioenergostims.eu\/lt\/2-postas\/","title":{"rendered":"Prane\u0161imai"},"content":{"rendered":"<div data-elementor-type=\"wp-page\" data-elementor-id=\"573\" class=\"elementor elementor-573\" data-elementor-post-type=\"page\">\n\t\t\t\t<div class=\"elementor-element elementor-element-c41bd5a e-con-full e-flex e-con e-parent\" data-id=\"c41bd5a\" data-element_type=\"container\" data-e-type=\"container\">\n\t\t\t\t<div class=\"elementor-element elementor-element-71caeac elementor-posts--align-left elementor-grid-3 elementor-grid-tablet-2 elementor-grid-mobile-1 elementor-posts--thumbnail-top elementor-card-shadow-yes elementor-posts__hover-gradient elementor-widget elementor-widget-posts\" data-id=\"71caeac\" data-element_type=\"widget\" data-e-type=\"widget\" data-settings=\"{&quot;pagination_type&quot;:&quot;load_more_infinite_scroll&quot;,&quot;cards_columns&quot;:&quot;3&quot;,&quot;cards_columns_tablet&quot;:&quot;2&quot;,&quot;cards_columns_mobile&quot;:&quot;1&quot;,&quot;cards_row_gap&quot;:{&quot;unit&quot;:&quot;px&quot;,&quot;size&quot;:35,&quot;sizes&quot;:[]},&quot;cards_row_gap_tablet&quot;:{&quot;unit&quot;:&quot;px&quot;,&quot;size&quot;:&quot;&quot;,&quot;sizes&quot;:[]},&quot;cards_row_gap_mobile&quot;:{&quot;unit&quot;:&quot;px&quot;,&quot;size&quot;:&quot;&quot;,&quot;sizes&quot;:[]},&quot;load_more_spinner&quot;:{&quot;value&quot;:&quot;fas fa-spinner&quot;,&quot;library&quot;:&quot;fa-solid&quot;}}\" data-widget_type=\"posts.cards\">\n\t\t\t\t<div class=\"elementor-widget-container\">\n\t\t\t\t\t\t\t<div class=\"elementor-posts-container elementor-posts elementor-posts--skin-cards elementor-grid\" role=\"list\">\n\t\t\t\t<article class=\"elementor-post elementor-grid-item post-1681 post type-post status-publish format-standard has-post-thumbnail hentry category-publikacijas category-selendeficits\" role=\"listitem\">\n\t\t\t<div class=\"elementor-post__card\">\n\t\t\t\t<a class=\"elementor-post__thumbnail__link\" href=\"https:\/\/bioenergostims.eu\/lt\/selena_ruin_acknowledgements\/\" tabindex=\"-1\" ><div class=\"elementor-post__thumbnail\"><img fetchpriority=\"high\" decoding=\"async\" width=\"800\" height=\"671\" src=\"https:\/\/bioenergostims.eu\/wp-content\/uploads\/2025\/08\/selena-trukuma-pazimes.jpg\" class=\"attachment-large size-large wp-image-13745\" alt=\"seleno tr\u016bkumo po\u017eymiai\" srcset=\"https:\/\/bioenergostims.eu\/wp-content\/uploads\/2025\/08\/selena-trukuma-pazimes.jpg 940w, https:\/\/bioenergostims.eu\/wp-content\/uploads\/2025\/08\/selena-trukuma-pazimes-300x251.jpg 300w, https:\/\/bioenergostims.eu\/wp-content\/uploads\/2025\/08\/selena-trukuma-pazimes-768x644.jpg 768w, https:\/\/bioenergostims.eu\/wp-content\/uploads\/2025\/08\/selena-trukuma-pazimes-600x503.jpg 600w\" sizes=\"(max-width: 800px) 100vw, 800px\" \/><\/div><\/a>\n\t\t\t\t<div class=\"elementor-post__badge\">PUBLIKACIJOS<\/div>\n\t\t\t\t<div class=\"elementor-post__text\">\n\t\t\t\t<div class=\"elementor-post__excerpt\">\n\t\t\t<p>Seleno tr\u016bkumo po\u017eymiai gali pasireik\u0161ti kaip prasta ar nepakankama sveikata, o tai gali tur\u0117ti tam tikr\u0173 pasekmi\u0173. Daugelyje \u0161ali\u0173 atlikti moksliniai tyrimai rodo, kad seleno tr\u016bkumas gali pasireik\u0161ti:<\/p>\n\t\t<\/div>\n\t\t\t\t\t<div class=\"elementor-post__read-more-wrapper\">\n\t\t\n\t\t<a class=\"elementor-post__read-more\" href=\"https:\/\/bioenergostims.eu\/lt\/selena_ruin_acknowledgements\/\" aria-label=\"Read more about Sel\u0113na tr\u016bkuma paz\u012bmes\" tabindex=\"-1\" >\n\t\t\tSkaityti daugiau \"\t\t<\/a>\n\n\t\t\t\t\t<\/div>\n\t\t\t\t<\/div>\n\t\t\t\t<div class=\"elementor-post__meta-data\">\n\t\t\t\t\t<span class=\"elementor-post-date\">\n\t\t\t2025 m. rugpj\u016b\u010dio 27 d.\t\t<\/span>\n\t\t\t\t<\/div>\n\t\t\t\t\t<\/div>\n\t\t<\/article>\n\t\t\t\t<article class=\"elementor-post elementor-grid-item post-11980 post type-post status-publish format-standard has-post-thumbnail hentry category-publikacijas\" role=\"listitem\">\n\t\t\t<div class=\"elementor-post__card\">\n\t\t\t\t<a class=\"elementor-post__thumbnail__link\" href=\"https:\/\/bioenergostims.eu\/lt\/multivitaminu-mitai-ir-tiesos\/\" tabindex=\"-1\" ><div class=\"elementor-post__thumbnail\"><img decoding=\"async\" width=\"800\" height=\"671\" src=\"https:\/\/bioenergostims.eu\/wp-content\/uploads\/2025\/08\/multivitamini.jpg\" class=\"attachment-large size-large wp-image-13788\" alt=\"multivitaminai\" srcset=\"https:\/\/bioenergostims.eu\/wp-content\/uploads\/2025\/08\/multivitamini.jpg 940w, https:\/\/bioenergostims.eu\/wp-content\/uploads\/2025\/08\/multivitamini-300x251.jpg 300w, https:\/\/bioenergostims.eu\/wp-content\/uploads\/2025\/08\/multivitamini-768x644.jpg 768w, https:\/\/bioenergostims.eu\/wp-content\/uploads\/2025\/08\/multivitamini-600x503.jpg 600w\" sizes=\"(max-width: 800px) 100vw, 800px\" \/><\/div><\/a>\n\t\t\t\t<div class=\"elementor-post__badge\">PUBLIKACIJOS<\/div>\n\t\t\t\t<div class=\"elementor-post__text\">\n\t\t\t\t<div class=\"elementor-post__excerpt\">\n\t\t\t<p>Multivitaminai parduodami kaip patog\u016bs ir universal\u016bs sprendimai. Ta\u010diau moksliniai \u012frodymai vis da\u017eniau rodo, kad \u0161ie produktai gali b\u016bti ne tokie veiksmingi, kaip da\u017enai vaizduojama.<\/p>\n\t\t<\/div>\n\t\t\t\t\t<div class=\"elementor-post__read-more-wrapper\">\n\t\t\n\t\t<a class=\"elementor-post__read-more\" href=\"https:\/\/bioenergostims.eu\/lt\/multivitaminu-mitai-ir-tiesos\/\" aria-label=\"Read more about Multivitam\u012bni: M\u012bti un paties\u012bba\" tabindex=\"-1\" >\n\t\t\tSkaityti daugiau \"\t\t<\/a>\n\n\t\t\t\t\t<\/div>\n\t\t\t\t<\/div>\n\t\t\t\t<div class=\"elementor-post__meta-data\">\n\t\t\t\t\t<span class=\"elementor-post-date\">\n\t\t\t2025 m. rugpj\u016b\u010dio 27 d.\t\t<\/span>\n\t\t\t\t<\/div>\n\t\t\t\t\t<\/div>\n\t\t<\/article>\n\t\t\t\t<article class=\"elementor-post elementor-grid-item post-12358 post type-post status-publish format-standard has-post-thumbnail hentry category-publikacijas\" role=\"listitem\">\n\t\t\t<div class=\"elementor-post__card\">\n\t\t\t\t<a class=\"elementor-post__thumbnail__link\" href=\"https:\/\/bioenergostims.eu\/lt\/salcio-simptomai\/\" tabindex=\"-1\" ><div class=\"elementor-post__thumbnail\"><img decoding=\"async\" width=\"800\" height=\"671\" src=\"https:\/\/bioenergostims.eu\/wp-content\/uploads\/2024\/11\/saaukstesanas-simptomi.jpg\" class=\"attachment-large size-large wp-image-13769\" alt=\"per\u0161alimo simptomai\" srcset=\"https:\/\/bioenergostims.eu\/wp-content\/uploads\/2024\/11\/saaukstesanas-simptomi.jpg 940w, https:\/\/bioenergostims.eu\/wp-content\/uploads\/2024\/11\/saaukstesanas-simptomi-300x251.jpg 300w, https:\/\/bioenergostims.eu\/wp-content\/uploads\/2024\/11\/saaukstesanas-simptomi-768x644.jpg 768w, https:\/\/bioenergostims.eu\/wp-content\/uploads\/2024\/11\/saaukstesanas-simptomi-600x503.jpg 600w\" sizes=\"(max-width: 800px) 100vw, 800px\" \/><\/div><\/a>\n\t\t\t\t<div class=\"elementor-post__badge\">PUBLIKACIJOS<\/div>\n\t\t\t\t<div class=\"elementor-post__text\">\n\t\t\t\t<div class=\"elementor-post__excerpt\">\n\t\t\t<p>Kad gal\u0117tum\u0117te veiksmingai kovoti su per\u0161alimo simptomais, turite \u017einoti j\u0173 po\u017eymius. Kaip pirmiausia i\u0161vengti per\u0161alimo?<\/p>\n\t\t<\/div>\n\t\t\t\t\t<div class=\"elementor-post__read-more-wrapper\">\n\t\t\n\t\t<a class=\"elementor-post__read-more\" href=\"https:\/\/bioenergostims.eu\/lt\/salcio-simptomai\/\" aria-label=\"Read more about Saaukst\u0113\u0161an\u0101s simptomi: K\u0101 atpaz\u012bt un nov\u0113rst\" tabindex=\"-1\" >\n\t\t\tSkaityti daugiau \"\t\t<\/a>\n\n\t\t\t\t\t<\/div>\n\t\t\t\t<\/div>\n\t\t\t\t<div class=\"elementor-post__meta-data\">\n\t\t\t\t\t<span class=\"elementor-post-date\">\n\t\t\t2025 m. rugpj\u016b\u010dio 27 d.\t\t<\/span>\n\t\t\t\t<\/div>\n\t\t\t\t\t<\/div>\n\t\t<\/article>\n\t\t\t\t<article class=\"elementor-post elementor-grid-item post-12528 post type-post status-publish format-standard has-post-thumbnail hentry category-uncategorized-lv\" role=\"listitem\">\n\t\t\t<div class=\"elementor-post__card\">\n\t\t\t\t<a class=\"elementor-post__thumbnail__link\" href=\"https:\/\/bioenergostims.eu\/lt\/24-valandu-vaistine-riga-latvija-2024\/\" tabindex=\"-1\" ><div class=\"elementor-post__thumbnail\"><img loading=\"lazy\" decoding=\"async\" width=\"800\" height=\"671\" src=\"https:\/\/bioenergostims.eu\/wp-content\/uploads\/2025\/01\/diennakts-aptieka-2025.jpg\" class=\"attachment-large size-large wp-image-13211\" alt=\"24 valandas per par\u0105 veikianti vaistin\u0117\" srcset=\"https:\/\/bioenergostims.eu\/wp-content\/uploads\/2025\/01\/diennakts-aptieka-2025.jpg 940w, https:\/\/bioenergostims.eu\/wp-content\/uploads\/2025\/01\/diennakts-aptieka-2025-300x251.jpg 300w, https:\/\/bioenergostims.eu\/wp-content\/uploads\/2025\/01\/diennakts-aptieka-2025-768x644.jpg 768w, https:\/\/bioenergostims.eu\/wp-content\/uploads\/2025\/01\/diennakts-aptieka-2025-600x503.jpg 600w\" sizes=\"(max-width: 800px) 100vw, 800px\" \/><\/div><\/a>\n\t\t\t\t<div class=\"elementor-post__badge\">Uncategorized @lv<\/div>\n\t\t\t\t<div class=\"elementor-post__text\">\n\t\t\t\t<div class=\"elementor-post__excerpt\">\n\t\t\t<p>Vis\u0105 par\u0105 veikian\u010di\u0173 vaistini\u0173 s\u0105ra\u0161as nuolat atnaujinamas. Prekybos centruose vaistin\u0117s paprastai dirba iki 21:00 val.<\/p>\n\t\t<\/div>\n\t\t\t\t\t<div class=\"elementor-post__read-more-wrapper\">\n\t\t\n\t\t<a class=\"elementor-post__read-more\" href=\"https:\/\/bioenergostims.eu\/lt\/24-valandu-vaistine-riga-latvija-2024\/\" aria-label=\"Read more about Diennakts aptieka R\u012bg\u0101 un Latvij\u0101 (2025)\" tabindex=\"-1\" >\n\t\t\tSkaityti daugiau \"\t\t<\/a>\n\n\t\t\t\t\t<\/div>\n\t\t\t\t<\/div>\n\t\t\t\t<div class=\"elementor-post__meta-data\">\n\t\t\t\t\t<span class=\"elementor-post-date\">\n\t\t\t2025 m. rugpj\u016b\u010dio 27 d.\t\t<\/span>\n\t\t\t\t<\/div>\n\t\t\t\t\t<\/div>\n\t\t<\/article>\n\t\t\t\t<article class=\"elementor-post elementor-grid-item post-13800 post type-post status-publish format-standard has-post-thumbnail hentry category-uncategorized-lv\" role=\"listitem\">\n\t\t\t<div class=\"elementor-post__card\">\n\t\t\t\t<a class=\"elementor-post__thumbnail__link\" href=\"https:\/\/bioenergostims.eu\/lt\/skydliaukes-sveikata-tirotropinio-hormono-normos-simptomai\/\" tabindex=\"-1\" ><div class=\"elementor-post__thumbnail\"><img loading=\"lazy\" decoding=\"async\" width=\"800\" height=\"671\" src=\"https:\/\/bioenergostims.eu\/wp-content\/uploads\/2025\/08\/vairogdziedzera-veseliba-tireotropais-hormons.jpg\" class=\"attachment-large size-large wp-image-13846\" alt=\"skydliauk\u0117s sveikata tirotropinis hormonas\" srcset=\"https:\/\/bioenergostims.eu\/wp-content\/uploads\/2025\/08\/vairogdziedzera-veseliba-tireotropais-hormons.jpg 940w, https:\/\/bioenergostims.eu\/wp-content\/uploads\/2025\/08\/vairogdziedzera-veseliba-tireotropais-hormons-300x251.jpg 300w, https:\/\/bioenergostims.eu\/wp-content\/uploads\/2025\/08\/vairogdziedzera-veseliba-tireotropais-hormons-768x644.jpg 768w, https:\/\/bioenergostims.eu\/wp-content\/uploads\/2025\/08\/vairogdziedzera-veseliba-tireotropais-hormons-600x503.jpg 600w\" sizes=\"(max-width: 800px) 100vw, 800px\" \/><\/div><\/a>\n\t\t\t\t<div class=\"elementor-post__badge\">Uncategorized @lv<\/div>\n\t\t\t\t<div class=\"elementor-post__text\">\n\t\t\t\t<div class=\"elementor-post__excerpt\">\n\t\t\t<p>Skydliauk\u0117s sveikata yra labai svarbi bendrai gerovei. Ar \u017einote, kokios yra TSH normos ir kaip atpa\u017einti skydliauk\u0117s funkcijos sutrikimo simptomus? \u0160iame straipsnyje su\u017einosite apie ....<\/p>\n\t\t<\/div>\n\t\t\t\t\t<div class=\"elementor-post__read-more-wrapper\">\n\t\t\n\t\t<a class=\"elementor-post__read-more\" href=\"https:\/\/bioenergostims.eu\/lt\/skydliaukes-sveikata-tirotropinio-hormono-normos-simptomai\/\" aria-label=\"Read more about Vairogdziedzera vesel\u012bba: Viss, kas j\u0101zina par TSH normu, simptomiem un atbalstu\" tabindex=\"-1\" >\n\t\t\tSkaityti daugiau \"\t\t<\/a>\n\n\t\t\t\t\t<\/div>\n\t\t\t\t<\/div>\n\t\t\t\t<div class=\"elementor-post__meta-data\">\n\t\t\t\t\t<span class=\"elementor-post-date\">\n\t\t\t2025 m. rugpj\u016b\u010dio 27 d.\t\t<\/span>\n\t\t\t\t<\/div>\n\t\t\t\t\t<\/div>\n\t\t<\/article>\n\t\t\t\t<article class=\"elementor-post elementor-grid-item post-9516 post type-post status-publish format-standard has-post-thumbnail hentry category-selens\" role=\"listitem\">\n\t\t\t<div class=\"elementor-post__card\">\n\t\t\t\t<a class=\"elementor-post__thumbnail__link\" href=\"https:\/\/bioenergostims.eu\/lt\/selenas-sveikatai-kas-yra-selenas\/\" tabindex=\"-1\" ><div class=\"elementor-post__thumbnail\"><img loading=\"lazy\" decoding=\"async\" width=\"800\" height=\"671\" src=\"https:\/\/bioenergostims.eu\/wp-content\/uploads\/2025\/08\/selens-veselibai.jpg\" class=\"attachment-large size-large wp-image-13750\" alt=\"selenas sveikatai\" srcset=\"https:\/\/bioenergostims.eu\/wp-content\/uploads\/2025\/08\/selens-veselibai.jpg 940w, https:\/\/bioenergostims.eu\/wp-content\/uploads\/2025\/08\/selens-veselibai-300x251.jpg 300w, https:\/\/bioenergostims.eu\/wp-content\/uploads\/2025\/08\/selens-veselibai-768x644.jpg 768w, https:\/\/bioenergostims.eu\/wp-content\/uploads\/2025\/08\/selens-veselibai-600x503.jpg 600w\" sizes=\"(max-width: 800px) 100vw, 800px\" \/><\/div><\/a>\n\t\t\t\t<div class=\"elementor-post__badge\">Selenas<\/div>\n\t\t\t\t<div class=\"elementor-post__text\">\n\t\t\t\t<div class=\"elementor-post__excerpt\">\n\t\t\t<p>Selenas yra labai svarbus mikroelementas sveikatai ir b\u016btinas normaliam \u017emogaus organizmo funkcionavimui. Kokias sveikatos problemas padeda spr\u0119sti selenas?<\/p>\n\t\t<\/div>\n\t\t\t\t\t<div class=\"elementor-post__read-more-wrapper\">\n\t\t\n\t\t<a class=\"elementor-post__read-more\" href=\"https:\/\/bioenergostims.eu\/lt\/selenas-sveikatai-kas-yra-selenas\/\" aria-label=\"Read more about Sel\u0113ns vesel\u012bbai. Vai viss &#8220;sel\u0113ns&#8221; ir vien\u0101ds??\" tabindex=\"-1\" >\n\t\t\tSkaityti daugiau \"\t\t<\/a>\n\n\t\t\t\t\t<\/div>\n\t\t\t\t<\/div>\n\t\t\t\t<div class=\"elementor-post__meta-data\">\n\t\t\t\t\t<span class=\"elementor-post-date\">\n\t\t\t2025 m. rugpj\u016b\u010dio 27 d.\t\t<\/span>\n\t\t\t\t<\/div>\n\t\t\t\t\t<\/div>\n\t\t<\/article>\n\t\t\t\t<\/div>\n\t\t\t\t\t<span class=\"e-load-more-spinner\">\n\t\t\t\t<svg aria-hidden=\"true\" class=\"e-font-icon-svg e-fas-spinner\" viewbox=\"0 0 512 512\" xmlns=\"http:\/\/www.w3.org\/2000\/svg\"><path d=\"M304 48c0 26.51-21.49 48-48 48s-48-21.49-48-48 21.49-48 48-48 48 21.49 48 48zm-48 368c-26.51 0-48 21.49-48 48s21.49 48 48 48 48-21.49 48-48-21.49-48-48-48zm208-208c-26.51 0-48 21.49-48 48s21.49 48 48 48 48-21.49 48-48-21.49-48-48-48zM96 256c0-26.51-21.49-48-48-48S0 229.49 0 256s21.49 48 48 48 48-21.49 48-48zm12.922 99.078c-26.51 0-48 21.49-48 48s21.49 48 48 48 48-21.49 48-48c0-26.509-21.491-48-48-48zm294.156 0c-26.51 0-48 21.49-48 48s21.49 48 48 48 48-21.49 48-48c0-26.509-21.49-48-48-48zM108.922 60.922c-26.51 0-48 21.49-48 48s21.49 48 48 48 48-21.49 48-48-21.491-48-48-48z\"><\/path><\/svg>\t\t\t<\/span>\n\t\t\n\t\t\t\t\t\t<\/div>\n\t\t\t\t<\/div>\n\t\t\t\t<\/div>\n\t\t\t\t<\/div>","protected":false},"excerpt":{"rendered":"","protected":false},"author":1,"featured_media":0,"parent":0,"menu_order":0,"comment_status":"closed","ping_status":"closed","template":"","meta":{"footnotes":""},"class_list":["post-573","page","type-page","status-publish","hentry"],"yoast_head":"<!-- This site is optimized with the Yoast SEO Premium plugin v24.8 (Yoast SEO v24.8) - https:\/\/yoast.com\/wordpress\/plugins\/seo\/ -->\n<title>Posts - BIOENERGOSTIMS e-shop<\/title>\n<meta name=\"robots\" content=\"index, follow, max-snippet:-1, max-image-preview:large, max-video-preview:-1\" \/>\n<link rel=\"canonical\" href=\"https:\/\/bioenergostims.eu\/lt\/2-postas\/\" \/>\n<meta property=\"og:locale\" content=\"lt_LT\" \/>\n<meta property=\"og:type\" content=\"article\" \/>\n<meta property=\"og:title\" content=\"Posts\" \/>\n<meta property=\"og:url\" content=\"https:\/\/bioenergostims.eu\/lt\/2-postas\/\" \/>\n<meta property=\"og:site_name\" content=\"BIOENERGOSTIMS e-shop\" \/>\n<meta property=\"article:modified_time\" content=\"2025-06-03T20:04:26+00:00\" \/>\n<meta name=\"twitter:card\" content=\"summary_large_image\" \/>\n<meta name=\"twitter:label1\" content=\"Est. reading time\" \/>\n\t<meta name=\"twitter:data1\" content=\"2 minut\u0117s\" \/>\n<script type=\"application\/ld+json\" class=\"yoast-schema-graph\">{\"@context\":\"https:\/\/schema.org\",\"@graph\":[{\"@type\":\"WebPage\",\"@id\":\"https:\/\/bioenergostims.eu\/posts-2\/\",\"url\":\"https:\/\/bioenergostims.eu\/posts-2\/\",\"name\":\"Posts - BIOENERGOSTIMS e-shop\",\"isPartOf\":{\"@id\":\"https:\/\/bioenergostims.eu\/#website\"},\"datePublished\":\"2024-07-17T10:52:18+00:00\",\"dateModified\":\"2025-06-03T20:04:26+00:00\",\"breadcrumb\":{\"@id\":\"https:\/\/bioenergostims.eu\/posts-2\/#breadcrumb\"},\"inLanguage\":\"lt-LT\",\"potentialAction\":[{\"@type\":\"ReadAction\",\"target\":[\"https:\/\/bioenergostims.eu\/posts-2\/\"]}]},{\"@type\":\"BreadcrumbList\",\"@id\":\"https:\/\/bioenergostims.eu\/posts-2\/#breadcrumb\",\"itemListElement\":[{\"@type\":\"ListItem\",\"position\":1,\"name\":\"Home\",\"item\":\"https:\/\/bioenergostims.eu\/\"},{\"@type\":\"ListItem\",\"position\":2,\"name\":\"Posts\"}]},{\"@type\":\"WebSite\",\"@id\":\"https:\/\/bioenergostims.eu\/#website\",\"url\":\"https:\/\/bioenergostims.eu\/\",\"name\":\"BIOENERGOSTIMS e-shop\",\"description\":\"BIOENERGOSTIMS EnergySelenium\",\"publisher\":{\"@id\":\"https:\/\/bioenergostims.eu\/#organization\"},\"potentialAction\":[{\"@type\":\"SearchAction\",\"target\":{\"@type\":\"EntryPoint\",\"urlTemplate\":\"https:\/\/bioenergostims.eu\/?s={search_term_string}\"},\"query-input\":{\"@type\":\"PropertyValueSpecification\",\"valueRequired\":true,\"valueName\":\"search_term_string\"}}],\"inLanguage\":\"lt-LT\"},{\"@type\":\"Organization\",\"@id\":\"https:\/\/bioenergostims.eu\/#organization\",\"name\":\"BIOENERGOSTIMS e-shop\",\"url\":\"https:\/\/bioenergostims.eu\/\",\"logo\":{\"@type\":\"ImageObject\",\"inLanguage\":\"lt-LT\",\"@id\":\"https:\/\/bioenergostims.eu\/#\/schema\/logo\/image\/\",\"url\":\"https:\/\/bioenergostims.eu\/wp-content\/uploads\/2024\/06\/Screenshot-2024-07-04-160517.png\",\"contentUrl\":\"https:\/\/bioenergostims.eu\/wp-content\/uploads\/2024\/06\/Screenshot-2024-07-04-160517.png\",\"width\":380,\"height\":116,\"caption\":\"BIOENERGOSTIMS e-shop\"},\"image\":{\"@id\":\"https:\/\/bioenergostims.eu\/#\/schema\/logo\/image\/\"}}]}<\/script>\n<!-- \/ Yoast SEO Premium plugin. -->","yoast_head_json":{"title":"\u012era\u0161ai - BIOENERGOSTIMS e-parduotuv\u0117","robots":{"index":"index","follow":"follow","max-snippet":"max-snippet:-1","max-image-preview":"max-image-preview:large","max-video-preview":"max-video-preview:-1"},"canonical":"https:\/\/bioenergostims.eu\/lt\/2-postas\/","og_locale":"lt_LT","og_type":"article","og_title":"Posts","og_url":"https:\/\/bioenergostims.eu\/lt\/2-postas\/","og_site_name":"BIOENERGOSTIMS e-shop","article_modified_time":"2025-06-03T20:04:26+00:00","twitter_card":"summary_large_image","twitter_misc":{"Est. reading time":"2 minut\u0117s"},"schema":{"@context":"https:\/\/schema.org","@graph":[{"@type":"WebPage","@id":"https:\/\/bioenergostims.eu\/posts-2\/","url":"https:\/\/bioenergostims.eu\/posts-2\/","name":"\u012era\u0161ai - BIOENERGOSTIMS e-parduotuv\u0117","isPartOf":{"@id":"https:\/\/bioenergostims.eu\/#website"},"datePublished":"2024-07-17T10:52:18+00:00","dateModified":"2025-06-03T20:04:26+00:00","breadcrumb":{"@id":"https:\/\/bioenergostims.eu\/posts-2\/#breadcrumb"},"inLanguage":"lt-LT","potentialAction":[{"@type":"ReadAction","target":["https:\/\/bioenergostims.eu\/posts-2\/"]}]},{"@type":"BreadcrumbList","@id":"https:\/\/bioenergostims.eu\/posts-2\/#breadcrumb","itemListElement":[{"@type":"ListItem","position":1,"name":"Home","item":"https:\/\/bioenergostims.eu\/"},{"@type":"ListItem","position":2,"name":"Posts"}]},{"@type":"WebSite","@id":"https:\/\/bioenergostims.eu\/#website","url":"https:\/\/bioenergostims.eu\/","name":"BIOENERGOSTIMS el. parduotuv\u0117","description":"BIOENERGOSTIMAI EnergijaSelenas","publisher":{"@id":"https:\/\/bioenergostims.eu\/#organization"},"potentialAction":[{"@type":"SearchAction","target":{"@type":"EntryPoint","urlTemplate":"https:\/\/bioenergostims.eu\/?s={search_term_string}"},"query-input":{"@type":"PropertyValueSpecification","valueRequired":true,"valueName":"search_term_string"}}],"inLanguage":"lt-LT"},{"@type":"Organization","@id":"https:\/\/bioenergostims.eu\/#organization","name":"BIOENERGOSTIMS el. parduotuv\u0117","url":"https:\/\/bioenergostims.eu\/","logo":{"@type":"ImageObject","inLanguage":"lt-LT","@id":"https:\/\/bioenergostims.eu\/#\/schema\/logo\/image\/","url":"https:\/\/bioenergostims.eu\/wp-content\/uploads\/2024\/06\/Screenshot-2024-07-04-160517.png","contentUrl":"https:\/\/bioenergostims.eu\/wp-content\/uploads\/2024\/06\/Screenshot-2024-07-04-160517.png","width":380,"height":116,"caption":"BIOENERGOSTIMS e-shop"},"image":{"@id":"https:\/\/bioenergostims.eu\/#\/schema\/logo\/image\/"}}]}},"_links":{"self":[{"href":"https:\/\/bioenergostims.eu\/lt\/wp-json\/wp\/v2\/pages\/573","targetHints":{"allow":["GET"]}}],"collection":[{"href":"https:\/\/bioenergostims.eu\/lt\/wp-json\/wp\/v2\/pages"}],"about":[{"href":"https:\/\/bioenergostims.eu\/lt\/wp-json\/wp\/v2\/types\/page"}],"author":[{"embeddable":true,"href":"https:\/\/bioenergostims.eu\/lt\/wp-json\/wp\/v2\/users\/1"}],"replies":[{"embeddable":true,"href":"https:\/\/bioenergostims.eu\/lt\/wp-json\/wp\/v2\/comments?post=573"}],"version-history":[{"count":0,"href":"https:\/\/bioenergostims.eu\/lt\/wp-json\/wp\/v2\/pages\/573\/revisions"}],"wp:attachment":[{"href":"https:\/\/bioenergostims.eu\/lt\/wp-json\/wp\/v2\/media?parent=573"}],"curies":[{"name":"wp","href":"https:\/\/api.w.org\/{rel}","templated":true}]}}