{"id":58,"date":"2024-06-16T07:52:49","date_gmt":"2024-06-16T07:52:49","guid":{"rendered":"https:\/\/bioenergostims.eu\/about-us\/"},"modified":"2025-08-25T09:28:28","modified_gmt":"2025-08-25T09:28:28","slug":"apie-mus-2","status":"publish","type":"page","link":"https:\/\/bioenergostims.eu\/lt\/apie-mus-2\/","title":{"rendered":"M\u016bs\u0173 istorija"},"content":{"rendered":"<div data-elementor-type=\"wp-page\" data-elementor-id=\"58\" class=\"elementor elementor-58\" data-elementor-post-type=\"page\">\n\t\t\t\t\t\t<section class=\"elementor-section elementor-top-section elementor-element elementor-element-a3af5ce elementor-section-full_width elementor-section-height-min-height elementor-section-items-stretch elementor-section-content-middle elementor-reverse-tablet elementor-reverse-mobile elementor-section-height-default\" data-id=\"a3af5ce\" data-element_type=\"section\" data-e-type=\"section\">\n\t\t\t\t\t\t<div class=\"elementor-container elementor-column-gap-narrow\">\n\t\t\t\t\t<div class=\"elementor-column elementor-col-50 elementor-top-column elementor-element elementor-element-74c1834\" data-id=\"74c1834\" data-element_type=\"column\" data-e-type=\"column\" data-settings=\"{&quot;background_background&quot;:&quot;classic&quot;,&quot;background_motion_fx_motion_fx_scrolling&quot;:&quot;yes&quot;,&quot;background_motion_fx_translateY_effect&quot;:&quot;yes&quot;,&quot;background_motion_fx_translateY_speed&quot;:{&quot;unit&quot;:&quot;px&quot;,&quot;size&quot;:4,&quot;sizes&quot;:[]},&quot;background_motion_fx_translateY_affectedRange&quot;:{&quot;unit&quot;:&quot;%&quot;,&quot;size&quot;:&quot;&quot;,&quot;sizes&quot;:{&quot;start&quot;:0,&quot;end&quot;:100}},&quot;background_motion_fx_devices&quot;:[&quot;desktop&quot;,&quot;tablet&quot;,&quot;mobile&quot;]}\">\n\t\t\t<div class=\"elementor-widget-wrap elementor-element-populated\">\n\t\t\t\t\t\t<div class=\"elementor-element elementor-element-6682716 elementor-widget elementor-widget-spacer\" data-id=\"6682716\" data-element_type=\"widget\" data-e-type=\"widget\" data-widget_type=\"spacer.default\">\n\t\t\t\t<div class=\"elementor-widget-container\">\n\t\t\t\t\t\t\t<div class=\"elementor-spacer\">\n\t\t\t<div class=\"elementor-spacer-inner\"><\/div>\n\t\t<\/div>\n\t\t\t\t\t\t<\/div>\n\t\t\t\t<\/div>\n\t\t\t\t\t<\/div>\n\t\t<\/div>\n\t\t\t\t<div class=\"elementor-column elementor-col-50 elementor-top-column elementor-element elementor-element-569eb48\" data-id=\"569eb48\" data-element_type=\"column\" data-e-type=\"column\">\n\t\t\t<div class=\"elementor-widget-wrap elementor-element-populated\">\n\t\t\t\t\t\t<div class=\"elementor-element elementor-element-ce337df elementor-widget elementor-widget-heading\" data-id=\"ce337df\" data-element_type=\"widget\" data-e-type=\"widget\" data-widget_type=\"heading.default\">\n\t\t\t\t<div class=\"elementor-widget-container\">\n\t\t\t\t\t<h1 class=\"elementor-heading-title elementor-size-default\">ANNO 1994 M.<\/h1>\t\t\t\t<\/div>\n\t\t\t\t<\/div>\n\t\t\t\t<div class=\"elementor-element elementor-element-154dc11 elementor-widget__width-initial elementor-widget elementor-widget-text-editor\" data-id=\"154dc11\" data-element_type=\"widget\" data-e-type=\"widget\" data-widget_type=\"text-editor.default\">\n\t\t\t\t<div class=\"elementor-widget-container\">\n\t\t\t\t\t\t\t\t\t<p>BIOMEDICININ\u0116 EUROPOS AKADEMIJA buvo \u012fkurta 1994 m.<\/p><p>Esame mokslu pagr\u012fsta \u012fmon\u0117, kurianti, gaminanti ir platinanti naujos kartos maisto papildus. \u012emon\u0117 kuria ir gamina modernius, originalius produktus, atitinkan\u010dius Europos geros gamybos praktikos standartus. Produktai yra registruoti Baltijos \u0161alyse ir parduodami Europos S\u0105jungos ir EEE rinkose.<\/p>\t\t\t\t\t\t\t\t<\/div>\n\t\t\t\t<\/div>\n\t\t\t\t\t<\/div>\n\t\t<\/div>\n\t\t\t\t\t<\/div>\n\t\t<\/section>\n\t\t\t\t<section class=\"elementor-section elementor-top-section elementor-element elementor-element-775b151 elementor-section-full_width elementor-section-height-min-height elementor-section-items-stretch elementor-section-content-middle elementor-section-height-default\" data-id=\"775b151\" data-element_type=\"section\" data-e-type=\"section\">\n\t\t\t\t\t\t<div class=\"elementor-container elementor-column-gap-no\">\n\t\t\t\t\t<div class=\"elementor-column elementor-col-50 elementor-top-column elementor-element elementor-element-45cc00e\" data-id=\"45cc00e\" data-element_type=\"column\" data-e-type=\"column\">\n\t\t\t<div class=\"elementor-widget-wrap elementor-element-populated\">\n\t\t\t\t\t\t<div class=\"elementor-element elementor-element-8c84597 elementor-widget__width-initial elementor-widget elementor-widget-heading\" data-id=\"8c84597\" data-element_type=\"widget\" data-e-type=\"widget\" data-widget_type=\"heading.default\">\n\t\t\t\t<div class=\"elementor-widget-container\">\n\t\t\t\t\t<h1 class=\"elementor-heading-title elementor-size-default\">M\u016bs\u0173 istorija<\/h1>\t\t\t\t<\/div>\n\t\t\t\t<\/div>\n\t\t\t\t<div class=\"elementor-element elementor-element-206e4dd elementor-widget elementor-widget-text-editor\" data-id=\"206e4dd\" data-element_type=\"widget\" data-e-type=\"widget\" data-widget_type=\"text-editor.default\">\n\t\t\t\t<div class=\"elementor-widget-container\">\n\t\t\t\t\t\t\t\t\t<p>M\u016bs\u0173 istorija prasid\u0117jo nuo vieno nepaprasto mokslininko aistros ir atkaklumo.<\/p><p>Dr. B. Pitranas nuo ma\u017eens \u017eav\u0117josi mokslo pasauliu ir savo gyvenim\u0105 paskyr\u0117 moksliniams tyrimams bei atradimams, kurie kei\u010dia pasaul\u012f \u012f ger\u0105j\u0105 pus\u0119. Jis studijavo biotechnologij\u0105, o jo tyrimai buvo orientuoti \u012f gyvyb\u0117s mokslus ir biomedicin\u0105. Pagrindinis jo tikslas buvo rasti b\u016bd\u0173, kaip pagerinti \u017emoni\u0173 gyvenimo kokyb\u0119 pasitelkiant naujausias technologijas ir mokslo pasiekimus.<\/p><p>Per daugel\u012f met\u0173 Dr. Pitr\u0101ns atliko daugyb\u0119 mokslini\u0173 tyrim\u0173, dalyvavo tarptautin\u0117se konferencijose ir paskelb\u0117 kelet\u0105 svarbi\u0173 mokslini\u0173 straipsni\u0173. Jo aistra ir gilios \u017einios l\u0117m\u0117 kelet\u0105 novatori\u0161k\u0173 atradim\u0173.<\/p><p>Vienas i\u0161 \u0161i\u0173 pasiekim\u0173, suk\u0117lusi\u0173 ypating\u0105 susidom\u0117jim\u0105, buvo naujas metodas, NGSP technologija - naujas preparat\u0173 ruo\u0161imo b\u016bdas u\u017etikrino, kad produktai b\u016bt\u0173 saug\u016bs ir veiksmingi, taip pat suteik\u0117 nauj\u0173 galimybi\u0173 ir didesn\u0117s naudos vartotojams.<\/p><p>Tod\u0117l buvo sukurtas BIOENERGOSTIMS su EnergySelenium - vienintelis pasaulyje produktas, kurio doz\u0117je yra garantuotas biologi\u0161kai prieinamo seleno kiekis, kurio sud\u0117tyje yra Oligo-Selenium - sinergetinis keli\u0173 moksli\u0161kai \u012frodyt\u0173 ir klini\u0161kai patvirtint\u0173 maistini\u0173 seleno form\u0173 sinerginis derinys, esantis \"TopPure\" klas\u0117s maisto preki\u0173 \u017eenkluose, 100% tirpiame ir 100% jonizuotame.<\/p>\t\t\t\t\t\t\t\t<\/div>\n\t\t\t\t<\/div>\n\t\t\t\t\t<\/div>\n\t\t<\/div>\n\t\t\t\t<div class=\"elementor-column elementor-col-50 elementor-top-column elementor-element elementor-element-fd3d5aa\" data-id=\"fd3d5aa\" data-element_type=\"column\" data-e-type=\"column\" data-settings=\"{&quot;background_background&quot;:&quot;classic&quot;,&quot;background_motion_fx_motion_fx_scrolling&quot;:&quot;yes&quot;,&quot;background_motion_fx_translateY_effect&quot;:&quot;yes&quot;,&quot;background_motion_fx_translateY_speed&quot;:{&quot;unit&quot;:&quot;px&quot;,&quot;size&quot;:4,&quot;sizes&quot;:[]},&quot;background_motion_fx_translateY_affectedRange&quot;:{&quot;unit&quot;:&quot;%&quot;,&quot;size&quot;:&quot;&quot;,&quot;sizes&quot;:{&quot;start&quot;:0,&quot;end&quot;:100}},&quot;background_motion_fx_devices&quot;:[&quot;desktop&quot;,&quot;tablet&quot;,&quot;mobile&quot;]}\">\n\t\t\t<div class=\"elementor-widget-wrap elementor-element-populated\">\n\t\t\t\t\t\t<div class=\"elementor-element elementor-element-3eea43c elementor-widget elementor-widget-spacer\" data-id=\"3eea43c\" data-element_type=\"widget\" data-e-type=\"widget\" data-widget_type=\"spacer.default\">\n\t\t\t\t<div class=\"elementor-widget-container\">\n\t\t\t\t\t\t\t<div class=\"elementor-spacer\">\n\t\t\t<div class=\"elementor-spacer-inner\"><\/div>\n\t\t<\/div>\n\t\t\t\t\t\t<\/div>\n\t\t\t\t<\/div>\n\t\t\t\t\t<\/div>\n\t\t<\/div>\n\t\t\t\t\t<\/div>\n\t\t<\/section>\n\t\t\t\t<section class=\"elementor-section elementor-top-section elementor-element elementor-element-1fa0187 elementor-section-full_width elementor-section-height-min-height elementor-section-items-stretch elementor-section-content-top elementor-reverse-tablet elementor-reverse-mobile elementor-section-height-default\" data-id=\"1fa0187\" data-element_type=\"section\" data-e-type=\"section\">\n\t\t\t\t\t\t<div class=\"elementor-container elementor-column-gap-default\">\n\t\t\t\t\t<div class=\"elementor-column elementor-col-50 elementor-top-column elementor-element elementor-element-9f4d3b9\" data-id=\"9f4d3b9\" data-element_type=\"column\" data-e-type=\"column\" data-settings=\"{&quot;background_background&quot;:&quot;classic&quot;,&quot;background_motion_fx_motion_fx_scrolling&quot;:&quot;yes&quot;,&quot;background_motion_fx_translateY_effect&quot;:&quot;yes&quot;,&quot;background_motion_fx_translateY_speed&quot;:{&quot;unit&quot;:&quot;px&quot;,&quot;size&quot;:4,&quot;sizes&quot;:[]},&quot;background_motion_fx_translateY_affectedRange&quot;:{&quot;unit&quot;:&quot;%&quot;,&quot;size&quot;:&quot;&quot;,&quot;sizes&quot;:{&quot;start&quot;:0,&quot;end&quot;:100}},&quot;background_motion_fx_devices&quot;:[&quot;desktop&quot;,&quot;tablet&quot;,&quot;mobile&quot;]}\">\n\t\t\t<div class=\"elementor-widget-wrap elementor-element-populated\">\n\t\t\t\t\t\t<div class=\"elementor-element elementor-element-722747e elementor-widget elementor-widget-spacer\" data-id=\"722747e\" data-element_type=\"widget\" data-e-type=\"widget\" data-widget_type=\"spacer.default\">\n\t\t\t\t<div class=\"elementor-widget-container\">\n\t\t\t\t\t\t\t<div class=\"elementor-spacer\">\n\t\t\t<div class=\"elementor-spacer-inner\"><\/div>\n\t\t<\/div>\n\t\t\t\t\t\t<\/div>\n\t\t\t\t<\/div>\n\t\t\t\t\t<\/div>\n\t\t<\/div>\n\t\t\t\t<div class=\"elementor-column elementor-col-50 elementor-top-column elementor-element elementor-element-6253591\" data-id=\"6253591\" data-element_type=\"column\" data-e-type=\"column\">\n\t\t\t<div class=\"elementor-widget-wrap elementor-element-populated\">\n\t\t\t\t\t\t<div class=\"elementor-element elementor-element-0aaa7c3 elementor-widget elementor-widget-heading\" data-id=\"0aaa7c3\" data-element_type=\"widget\" data-e-type=\"widget\" data-widget_type=\"heading.default\">\n\t\t\t\t<div class=\"elementor-widget-container\">\n\t\t\t\t\t<h1 class=\"elementor-heading-title elementor-size-default\">BIOENERGOSTIMS strategija<\/h1>\t\t\t\t<\/div>\n\t\t\t\t<\/div>\n\t\t\t\t<div class=\"elementor-element elementor-element-2a8af28 elementor-widget elementor-widget-text-editor\" data-id=\"2a8af28\" data-element_type=\"widget\" data-e-type=\"widget\" data-widget_type=\"text-editor.default\">\n\t\t\t\t<div class=\"elementor-widget-container\">\n\t\t\t\t\t\t\t\t\t<p>Moksliniai atradimai tapo pagrindu kuriant naujovi\u0161kus produktus, kuriais remiantis buvo sukurti veiksmingi kasdieni\u0173 sveikatos problem\u0173 sprendimai. M\u016bs\u0173 produktai kruop\u0161\u010diai kuriami ir i\u0161bandomi siekiant u\u017etikrinti auk\u0161\u010diausi\u0105 kokyb\u0119 ir saugum\u0105.<\/p><p>M\u016bs\u0173 misija - u\u017etikrinti, kad moksliniai atradimai b\u016bt\u0173 pritaikyti praktikoje, siekiant pagerinti \u017emoni\u0173 visame pasaulyje gyvenimo kokyb\u0119, pagerinti produkt\u0173 veikim\u0105 ir suma\u017einti \u0161alutin\u012f j\u0173 poveik\u012f.<\/p><p>Tikime, kad mokslas ir inovacijos yra raktas \u012f geresn\u0119 ateit\u012f, ir esame pasiry\u017e\u0119 eiti \u0161iuo keliu su tokia pat aistra ir ry\u017etu.<\/p>\t\t\t\t\t\t\t\t<\/div>\n\t\t\t\t<\/div>\n\t\t\t\t\t<\/div>\n\t\t<\/div>\n\t\t\t\t\t<\/div>\n\t\t<\/section>\n\t\t\t\t<\/div>","protected":false},"excerpt":{"rendered":"<p>ANNO 1994 BIOMEDICAL EUROPEAN ACADEMY ir dibin\u0101ts 1994.gad\u0101. M\u0113s \u012bstenojam zin\u0101tniski pamatotu uz\u0146\u0113m\u0113jdarb\u012bbu, jaunas paaudzes uztura bag\u0101tin\u0101t\u0101ju izstr\u0101di, ra\u017eo\u0161anu un izplat\u012b\u0161anu. Uz\u0146\u0113mums izstr\u0101d\u0101 un ra\u017eo m\u016bsdien\u012bgus, Eiropas Labas ra\u017eo\u0161anas prakses standartiem atbilsto\u0161us ori\u0123in\u0101lus produktus. Produkti ir re\u0123istr\u0113ti Baltijas valst\u012bs un pieejami Eiropas Savien\u012bbas valstu un EEZ tirg\u016b. M\u016bsu v\u0113sture M\u016bsu st\u0101sts s\u0101k\u0101s ar viena izcila [&hellip;]<\/p>","protected":false},"author":1,"featured_media":0,"parent":0,"menu_order":0,"comment_status":"closed","ping_status":"closed","template":"elementor_header_footer","meta":{"footnotes":""},"class_list":["post-58","page","type-page","status-publish","hentry"],"yoast_head":"<!-- This site is optimized with the Yoast SEO Premium plugin v24.8 (Yoast SEO v24.8) - https:\/\/yoast.com\/wordpress\/plugins\/seo\/ -->\n<title>M\u016bsu St\u0101sts - BIOENERGOSTIMS e-shop<\/title>\n<meta name=\"robots\" content=\"index, follow, max-snippet:-1, max-image-preview:large, max-video-preview:-1\" \/>\n<link rel=\"canonical\" href=\"https:\/\/bioenergostims.eu\/lt\/apie-mus-2\/\" \/>\n<meta property=\"og:locale\" content=\"lt_LT\" \/>\n<meta property=\"og:type\" content=\"article\" \/>\n<meta property=\"og:title\" content=\"M\u016bsu St\u0101sts\" \/>\n<meta property=\"og:description\" content=\"ANNO 1994 BIOMEDICAL EUROPEAN ACADEMY ir dibin\u0101ts 1994.gad\u0101. M\u0113s \u012bstenojam zin\u0101tniski pamatotu uz\u0146\u0113m\u0113jdarb\u012bbu, jaunas paaudzes uztura bag\u0101tin\u0101t\u0101ju izstr\u0101di, ra\u017eo\u0161anu un izplat\u012b\u0161anu. Uz\u0146\u0113mums izstr\u0101d\u0101 un ra\u017eo m\u016bsdien\u012bgus, Eiropas Labas ra\u017eo\u0161anas prakses standartiem atbilsto\u0161us ori\u0123in\u0101lus produktus. Produkti ir re\u0123istr\u0113ti Baltijas valst\u012bs un pieejami Eiropas Savien\u012bbas valstu un EEZ tirg\u016b. M\u016bsu v\u0113sture M\u016bsu st\u0101sts s\u0101k\u0101s ar viena izcila [&hellip;]\" \/>\n<meta property=\"og:url\" content=\"https:\/\/bioenergostims.eu\/lt\/apie-mus-2\/\" \/>\n<meta property=\"og:site_name\" content=\"BIOENERGOSTIMS e-shop\" \/>\n<meta property=\"article:modified_time\" content=\"2025-08-25T09:28:28+00:00\" \/>\n<meta name=\"twitter:card\" content=\"summary_large_image\" \/>\n<meta name=\"twitter:label1\" content=\"Est. reading time\" \/>\n\t<meta name=\"twitter:data1\" content=\"2 minut\u0117s\" \/>\n<script type=\"application\/ld+json\" class=\"yoast-schema-graph\">{\"@context\":\"https:\/\/schema.org\",\"@graph\":[{\"@type\":\"WebPage\",\"@id\":\"https:\/\/bioenergostims.eu\/about-us-2\/\",\"url\":\"https:\/\/bioenergostims.eu\/about-us-2\/\",\"name\":\"M\u016bsu St\u0101sts - BIOENERGOSTIMS e-shop\",\"isPartOf\":{\"@id\":\"https:\/\/bioenergostims.eu\/#website\"},\"datePublished\":\"2024-06-16T07:52:49+00:00\",\"dateModified\":\"2025-08-25T09:28:28+00:00\",\"breadcrumb\":{\"@id\":\"https:\/\/bioenergostims.eu\/about-us-2\/#breadcrumb\"},\"inLanguage\":\"lt-LT\",\"potentialAction\":[{\"@type\":\"ReadAction\",\"target\":[\"https:\/\/bioenergostims.eu\/about-us-2\/\"]}]},{\"@type\":\"BreadcrumbList\",\"@id\":\"https:\/\/bioenergostims.eu\/about-us-2\/#breadcrumb\",\"itemListElement\":[{\"@type\":\"ListItem\",\"position\":1,\"name\":\"Home\",\"item\":\"https:\/\/bioenergostims.eu\/\"},{\"@type\":\"ListItem\",\"position\":2,\"name\":\"M\u016bsu St\u0101sts\"}]},{\"@type\":\"WebSite\",\"@id\":\"https:\/\/bioenergostims.eu\/#website\",\"url\":\"https:\/\/bioenergostims.eu\/\",\"name\":\"BIOENERGOSTIMS e-shop\",\"description\":\"BIOENERGOSTIMS EnergySelenium\",\"publisher\":{\"@id\":\"https:\/\/bioenergostims.eu\/#organization\"},\"potentialAction\":[{\"@type\":\"SearchAction\",\"target\":{\"@type\":\"EntryPoint\",\"urlTemplate\":\"https:\/\/bioenergostims.eu\/?s={search_term_string}\"},\"query-input\":{\"@type\":\"PropertyValueSpecification\",\"valueRequired\":true,\"valueName\":\"search_term_string\"}}],\"inLanguage\":\"lt-LT\"},{\"@type\":\"Organization\",\"@id\":\"https:\/\/bioenergostims.eu\/#organization\",\"name\":\"BIOENERGOSTIMS e-shop\",\"url\":\"https:\/\/bioenergostims.eu\/\",\"logo\":{\"@type\":\"ImageObject\",\"inLanguage\":\"lt-LT\",\"@id\":\"https:\/\/bioenergostims.eu\/#\/schema\/logo\/image\/\",\"url\":\"https:\/\/bioenergostims.eu\/wp-content\/uploads\/2024\/06\/Screenshot-2024-07-04-160517.png\",\"contentUrl\":\"https:\/\/bioenergostims.eu\/wp-content\/uploads\/2024\/06\/Screenshot-2024-07-04-160517.png\",\"width\":380,\"height\":116,\"caption\":\"BIOENERGOSTIMS e-shop\"},\"image\":{\"@id\":\"https:\/\/bioenergostims.eu\/#\/schema\/logo\/image\/\"}}]}<\/script>\n<!-- \/ Yoast SEO Premium plugin. -->","yoast_head_json":{"title":"M\u016bs\u0173 istorija - BIOENERGOSTIMS el. parduotuv\u0117","robots":{"index":"index","follow":"follow","max-snippet":"max-snippet:-1","max-image-preview":"max-image-preview:large","max-video-preview":"max-video-preview:-1"},"canonical":"https:\/\/bioenergostims.eu\/lt\/apie-mus-2\/","og_locale":"lt_LT","og_type":"article","og_title":"M\u016bsu St\u0101sts","og_description":"ANNO 1994 BIOMEDICAL EUROPEAN ACADEMY ir dibin\u0101ts 1994.gad\u0101. M\u0113s \u012bstenojam zin\u0101tniski pamatotu uz\u0146\u0113m\u0113jdarb\u012bbu, jaunas paaudzes uztura bag\u0101tin\u0101t\u0101ju izstr\u0101di, ra\u017eo\u0161anu un izplat\u012b\u0161anu. Uz\u0146\u0113mums izstr\u0101d\u0101 un ra\u017eo m\u016bsdien\u012bgus, Eiropas Labas ra\u017eo\u0161anas prakses standartiem atbilsto\u0161us ori\u0123in\u0101lus produktus. Produkti ir re\u0123istr\u0113ti Baltijas valst\u012bs un pieejami Eiropas Savien\u012bbas valstu un EEZ tirg\u016b. M\u016bsu v\u0113sture M\u016bsu st\u0101sts s\u0101k\u0101s ar viena izcila [&hellip;]","og_url":"https:\/\/bioenergostims.eu\/lt\/apie-mus-2\/","og_site_name":"BIOENERGOSTIMS e-shop","article_modified_time":"2025-08-25T09:28:28+00:00","twitter_card":"summary_large_image","twitter_misc":{"Est. reading time":"2 minut\u0117s"},"schema":{"@context":"https:\/\/schema.org","@graph":[{"@type":"WebPage","@id":"https:\/\/bioenergostims.eu\/about-us-2\/","url":"https:\/\/bioenergostims.eu\/about-us-2\/","name":"M\u016bs\u0173 istorija - BIOENERGOSTIMS el. parduotuv\u0117","isPartOf":{"@id":"https:\/\/bioenergostims.eu\/#website"},"datePublished":"2024-06-16T07:52:49+00:00","dateModified":"2025-08-25T09:28:28+00:00","breadcrumb":{"@id":"https:\/\/bioenergostims.eu\/about-us-2\/#breadcrumb"},"inLanguage":"lt-LT","potentialAction":[{"@type":"ReadAction","target":["https:\/\/bioenergostims.eu\/about-us-2\/"]}]},{"@type":"BreadcrumbList","@id":"https:\/\/bioenergostims.eu\/about-us-2\/#breadcrumb","itemListElement":[{"@type":"ListItem","position":1,"name":"Home","item":"https:\/\/bioenergostims.eu\/"},{"@type":"ListItem","position":2,"name":"M\u016bsu St\u0101sts"}]},{"@type":"WebSite","@id":"https:\/\/bioenergostims.eu\/#website","url":"https:\/\/bioenergostims.eu\/","name":"BIOENERGOSTIMS el. parduotuv\u0117","description":"BIOENERGOSTIMAI EnergijaSelenas","publisher":{"@id":"https:\/\/bioenergostims.eu\/#organization"},"potentialAction":[{"@type":"SearchAction","target":{"@type":"EntryPoint","urlTemplate":"https:\/\/bioenergostims.eu\/?s={search_term_string}"},"query-input":{"@type":"PropertyValueSpecification","valueRequired":true,"valueName":"search_term_string"}}],"inLanguage":"lt-LT"},{"@type":"Organization","@id":"https:\/\/bioenergostims.eu\/#organization","name":"BIOENERGOSTIMS el. parduotuv\u0117","url":"https:\/\/bioenergostims.eu\/","logo":{"@type":"ImageObject","inLanguage":"lt-LT","@id":"https:\/\/bioenergostims.eu\/#\/schema\/logo\/image\/","url":"https:\/\/bioenergostims.eu\/wp-content\/uploads\/2024\/06\/Screenshot-2024-07-04-160517.png","contentUrl":"https:\/\/bioenergostims.eu\/wp-content\/uploads\/2024\/06\/Screenshot-2024-07-04-160517.png","width":380,"height":116,"caption":"BIOENERGOSTIMS e-shop"},"image":{"@id":"https:\/\/bioenergostims.eu\/#\/schema\/logo\/image\/"}}]}},"_links":{"self":[{"href":"https:\/\/bioenergostims.eu\/lt\/wp-json\/wp\/v2\/pages\/58","targetHints":{"allow":["GET"]}}],"collection":[{"href":"https:\/\/bioenergostims.eu\/lt\/wp-json\/wp\/v2\/pages"}],"about":[{"href":"https:\/\/bioenergostims.eu\/lt\/wp-json\/wp\/v2\/types\/page"}],"author":[{"embeddable":true,"href":"https:\/\/bioenergostims.eu\/lt\/wp-json\/wp\/v2\/users\/1"}],"replies":[{"embeddable":true,"href":"https:\/\/bioenergostims.eu\/lt\/wp-json\/wp\/v2\/comments?post=58"}],"version-history":[{"count":0,"href":"https:\/\/bioenergostims.eu\/lt\/wp-json\/wp\/v2\/pages\/58\/revisions"}],"wp:attachment":[{"href":"https:\/\/bioenergostims.eu\/lt\/wp-json\/wp\/v2\/media?parent=58"}],"curies":[{"name":"wp","href":"https:\/\/api.w.org\/{rel}","templated":true}]}}