{"id":69,"date":"2024-06-16T07:52:51","date_gmt":"2024-06-16T07:52:51","guid":{"rendered":"https:\/\/bioenergostims.eu\/cart-2\/"},"modified":"2024-10-01T11:36:23","modified_gmt":"2024-10-01T11:36:23","slug":"vezimelis-2","status":"publish","type":"page","link":"https:\/\/bioenergostims.eu\/lt\/vezimelis-2\/","title":{"rendered":"Krep\u0161elis"},"content":{"rendered":"<div data-elementor-type=\"wp-page\" data-elementor-id=\"69\" class=\"elementor elementor-69\" data-elementor-post-type=\"page\">\n\t\t\t\t<div class=\"elementor-element elementor-element-651b0ed8 e-flex e-con-boxed e-con e-parent\" data-id=\"651b0ed8\" data-element_type=\"container\" data-e-type=\"container\" data-settings=\"{&quot;background_background&quot;:&quot;classic&quot;}\">\n\t\t\t\t\t<div class=\"e-con-inner\">\n\t\t\t\t<div class=\"elementor-element elementor-element-3253e3b e-cart-layout-two-column elementor-widget elementor-widget-woocommerce-cart\" data-id=\"3253e3b\" data-element_type=\"widget\" data-e-type=\"widget\" data-widget_type=\"woocommerce-cart.default\">\n\t\t\t\t<div class=\"elementor-widget-container\">\n\t\t\t\t\t<div class=\"woocommerce\"><div class=\"woocommerce-notices-wrapper\"><\/div><div class=\"wc-empty-cart-message\">\n\t<div class=\"cart-empty woocommerce-info\" role=\"status\">\n\t\tKrep\u0161elis dar tu\u0161\u010dias.\t<\/div>\n<\/div>\t<p class=\"return-to-shop\">\n\t\t<a class=\"button wc-backward\" href=\"https:\/\/bioenergostims.eu\/lt\/pardavimo-puslapis\/\">\n\t\t\tGr\u012f\u017eti \u012f parduotuv\u0119\t\t<\/a>\n\t<\/p>\n<\/div>\t\t\t\t<\/div>\n\t\t\t\t<\/div>\n\t\t\t\t\t<\/div>\n\t\t\t\t<\/div>\n\t\t\t\t<\/div>","protected":false},"excerpt":{"rendered":"<p>Remove item Thumbnail image Product Price Quantity Subtotal &times; BIOENERGOSTIMS UltraTop 22,60&nbsp;&euro; BIOENERGOSTIMS UltraTop quantity 22,60&nbsp;&euro; Update Cart Apply coupon Cart Totals Subtotal 22,60&nbsp;&euro; Shipping Venipak pikapa pieg\u0101des metode: 2,19&nbsp;&euro; Omniva pakom\u0101ts: 3,19&nbsp;&euro; Shipping to Dunduru 11, Salaspils, LV-2121. Change address Country \/ region: Select a country \/ region&hellip;Afghanistan\u00c5land IslandsAlbaniaAlgeriaAmerican SamoaAndorraAngolaAnguillaAntarcticaAntigua and BarbudaArgentinaArmeniaArubaAustraliaAustriaAzerbaijanBahamasBahrainBangladeshBarbadosBelarusBelauBelgiumBelizeBeninBermudaBhutanBoliviaBonaire, Saint Eustatius [&hellip;]<\/p>","protected":false},"author":1,"featured_media":0,"parent":0,"menu_order":0,"comment_status":"closed","ping_status":"closed","template":"elementor_header_footer","meta":{"footnotes":""},"class_list":["post-69","page","type-page","status-publish","hentry"],"yoast_head":"<!-- This site is optimized with the Yoast SEO Premium plugin v24.8 (Yoast SEO v24.8) - https:\/\/yoast.com\/wordpress\/plugins\/seo\/ -->\n<title>Cart - BIOENERGOSTIMS e-shop<\/title>\n<meta name=\"robots\" content=\"index, follow, max-snippet:-1, max-image-preview:large, max-video-preview:-1\" \/>\n<link rel=\"canonical\" href=\"https:\/\/bioenergostims.eu\/lt\/vezimelis-2\/\" \/>\n<meta property=\"og:locale\" content=\"lt_LT\" \/>\n<meta property=\"og:type\" content=\"article\" \/>\n<meta property=\"og:title\" content=\"Cart\" \/>\n<meta property=\"og:description\" content=\"Remove item Thumbnail image Product Price Quantity Subtotal &times; BIOENERGOSTIMS UltraTop 22,60&nbsp;&euro; BIOENERGOSTIMS UltraTop quantity 22,60&nbsp;&euro; Update Cart Apply coupon Cart Totals Subtotal 22,60&nbsp;&euro; Shipping Venipak pikapa pieg\u0101des metode: 2,19&nbsp;&euro; Omniva pakom\u0101ts: 3,19&nbsp;&euro; Shipping to Dunduru 11, Salaspils, LV-2121. Change address Country \/ region: Select a country \/ region&hellip;Afghanistan\u00c5land IslandsAlbaniaAlgeriaAmerican SamoaAndorraAngolaAnguillaAntarcticaAntigua and BarbudaArgentinaArmeniaArubaAustraliaAustriaAzerbaijanBahamasBahrainBangladeshBarbadosBelarusBelauBelgiumBelizeBeninBermudaBhutanBoliviaBonaire, Saint Eustatius [&hellip;]\" \/>\n<meta property=\"og:url\" content=\"https:\/\/bioenergostims.eu\/lt\/vezimelis-2\/\" \/>\n<meta property=\"og:site_name\" content=\"BIOENERGOSTIMS e-shop\" \/>\n<meta property=\"article:modified_time\" content=\"2024-10-01T11:36:23+00:00\" \/>\n<meta property=\"og:image\" content=\"https:\/\/bioenergostims.eu\/wp-content\/uploads\/2024\/07\/UT-1000_1000-300x300.png\" \/>\n<meta name=\"twitter:card\" content=\"summary_large_image\" \/>\n<meta name=\"twitter:label1\" content=\"Est. reading time\" \/>\n\t<meta name=\"twitter:data1\" content=\"3 minut\u0117s\" \/>\n<script type=\"application\/ld+json\" class=\"yoast-schema-graph\">{\"@context\":\"https:\/\/schema.org\",\"@graph\":[{\"@type\":\"WebPage\",\"@id\":\"https:\/\/bioenergostims.eu\/cart-2\/\",\"url\":\"https:\/\/bioenergostims.eu\/cart-2\/\",\"name\":\"Cart - BIOENERGOSTIMS e-shop\",\"isPartOf\":{\"@id\":\"https:\/\/bioenergostims.eu\/#website\"},\"primaryImageOfPage\":{\"@id\":\"https:\/\/bioenergostims.eu\/cart-2\/#primaryimage\"},\"image\":{\"@id\":\"https:\/\/bioenergostims.eu\/cart-2\/#primaryimage\"},\"thumbnailUrl\":\"https:\/\/bioenergostims.eu\/wp-content\/uploads\/2024\/07\/UT-1000_1000-300x300.png\",\"datePublished\":\"2024-06-16T07:52:51+00:00\",\"dateModified\":\"2024-10-01T11:36:23+00:00\",\"breadcrumb\":{\"@id\":\"https:\/\/bioenergostims.eu\/cart-2\/#breadcrumb\"},\"inLanguage\":\"lt-LT\",\"potentialAction\":[{\"@type\":\"ReadAction\",\"target\":[\"https:\/\/bioenergostims.eu\/cart-2\/\"]}]},{\"@type\":\"ImageObject\",\"inLanguage\":\"lt-LT\",\"@id\":\"https:\/\/bioenergostims.eu\/cart-2\/#primaryimage\",\"url\":\"https:\/\/bioenergostims.eu\/wp-content\/uploads\/2024\/07\/UT-1000_1000-300x300.png\",\"contentUrl\":\"https:\/\/bioenergostims.eu\/wp-content\/uploads\/2024\/07\/UT-1000_1000-300x300.png\"},{\"@type\":\"BreadcrumbList\",\"@id\":\"https:\/\/bioenergostims.eu\/cart-2\/#breadcrumb\",\"itemListElement\":[{\"@type\":\"ListItem\",\"position\":1,\"name\":\"Home\",\"item\":\"https:\/\/bioenergostims.eu\/\"},{\"@type\":\"ListItem\",\"position\":2,\"name\":\"Cart\"}]},{\"@type\":\"WebSite\",\"@id\":\"https:\/\/bioenergostims.eu\/#website\",\"url\":\"https:\/\/bioenergostims.eu\/\",\"name\":\"BIOENERGOSTIMS e-shop\",\"description\":\"BIOENERGOSTIMS EnergySelenium\",\"publisher\":{\"@id\":\"https:\/\/bioenergostims.eu\/#organization\"},\"potentialAction\":[{\"@type\":\"SearchAction\",\"target\":{\"@type\":\"EntryPoint\",\"urlTemplate\":\"https:\/\/bioenergostims.eu\/?s={search_term_string}\"},\"query-input\":{\"@type\":\"PropertyValueSpecification\",\"valueRequired\":true,\"valueName\":\"search_term_string\"}}],\"inLanguage\":\"lt-LT\"},{\"@type\":\"Organization\",\"@id\":\"https:\/\/bioenergostims.eu\/#organization\",\"name\":\"BIOENERGOSTIMS e-shop\",\"url\":\"https:\/\/bioenergostims.eu\/\",\"logo\":{\"@type\":\"ImageObject\",\"inLanguage\":\"lt-LT\",\"@id\":\"https:\/\/bioenergostims.eu\/#\/schema\/logo\/image\/\",\"url\":\"https:\/\/bioenergostims.eu\/wp-content\/uploads\/2024\/06\/Screenshot-2024-07-04-160517.png\",\"contentUrl\":\"https:\/\/bioenergostims.eu\/wp-content\/uploads\/2024\/06\/Screenshot-2024-07-04-160517.png\",\"width\":380,\"height\":116,\"caption\":\"BIOENERGOSTIMS e-shop\"},\"image\":{\"@id\":\"https:\/\/bioenergostims.eu\/#\/schema\/logo\/image\/\"}}]}<\/script>\n<!-- \/ Yoast SEO Premium plugin. -->","yoast_head_json":{"title":"Krep\u0161elis - BIOENERGOSTIMS e-parduotuv\u0117","robots":{"index":"index","follow":"follow","max-snippet":"max-snippet:-1","max-image-preview":"max-image-preview:large","max-video-preview":"max-video-preview:-1"},"canonical":"https:\/\/bioenergostims.eu\/lt\/vezimelis-2\/","og_locale":"lt_LT","og_type":"article","og_title":"Cart","og_description":"Remove item Thumbnail image Product Price Quantity Subtotal &times; BIOENERGOSTIMS UltraTop 22,60&nbsp;&euro; BIOENERGOSTIMS UltraTop quantity 22,60&nbsp;&euro; Update Cart Apply coupon Cart Totals Subtotal 22,60&nbsp;&euro; Shipping Venipak pikapa pieg\u0101des metode: 2,19&nbsp;&euro; Omniva pakom\u0101ts: 3,19&nbsp;&euro; Shipping to Dunduru 11, Salaspils, LV-2121. Change address Country \/ region: Select a country \/ region&hellip;Afghanistan\u00c5land IslandsAlbaniaAlgeriaAmerican SamoaAndorraAngolaAnguillaAntarcticaAntigua and BarbudaArgentinaArmeniaArubaAustraliaAustriaAzerbaijanBahamasBahrainBangladeshBarbadosBelarusBelauBelgiumBelizeBeninBermudaBhutanBoliviaBonaire, Saint Eustatius [&hellip;]","og_url":"https:\/\/bioenergostims.eu\/lt\/vezimelis-2\/","og_site_name":"BIOENERGOSTIMS e-shop","article_modified_time":"2024-10-01T11:36:23+00:00","og_image":[{"url":"https:\/\/bioenergostims.eu\/wp-content\/uploads\/2024\/07\/UT-1000_1000-300x300.png","type":"","width":"","height":""}],"twitter_card":"summary_large_image","twitter_misc":{"Est. reading time":"3 minut\u0117s"},"schema":{"@context":"https:\/\/schema.org","@graph":[{"@type":"WebPage","@id":"https:\/\/bioenergostims.eu\/cart-2\/","url":"https:\/\/bioenergostims.eu\/cart-2\/","name":"Krep\u0161elis - BIOENERGOSTIMS e-parduotuv\u0117","isPartOf":{"@id":"https:\/\/bioenergostims.eu\/#website"},"primaryImageOfPage":{"@id":"https:\/\/bioenergostims.eu\/cart-2\/#primaryimage"},"image":{"@id":"https:\/\/bioenergostims.eu\/cart-2\/#primaryimage"},"thumbnailUrl":"https:\/\/bioenergostims.eu\/wp-content\/uploads\/2024\/07\/UT-1000_1000-300x300.png","datePublished":"2024-06-16T07:52:51+00:00","dateModified":"2024-10-01T11:36:23+00:00","breadcrumb":{"@id":"https:\/\/bioenergostims.eu\/cart-2\/#breadcrumb"},"inLanguage":"lt-LT","potentialAction":[{"@type":"ReadAction","target":["https:\/\/bioenergostims.eu\/cart-2\/"]}]},{"@type":"ImageObject","inLanguage":"lt-LT","@id":"https:\/\/bioenergostims.eu\/cart-2\/#primaryimage","url":"https:\/\/bioenergostims.eu\/wp-content\/uploads\/2024\/07\/UT-1000_1000-300x300.png","contentUrl":"https:\/\/bioenergostims.eu\/wp-content\/uploads\/2024\/07\/UT-1000_1000-300x300.png"},{"@type":"BreadcrumbList","@id":"https:\/\/bioenergostims.eu\/cart-2\/#breadcrumb","itemListElement":[{"@type":"ListItem","position":1,"name":"Home","item":"https:\/\/bioenergostims.eu\/"},{"@type":"ListItem","position":2,"name":"Cart"}]},{"@type":"WebSite","@id":"https:\/\/bioenergostims.eu\/#website","url":"https:\/\/bioenergostims.eu\/","name":"BIOENERGOSTIMS el. parduotuv\u0117","description":"BIOENERGOSTIMAI EnergijaSelenas","publisher":{"@id":"https:\/\/bioenergostims.eu\/#organization"},"potentialAction":[{"@type":"SearchAction","target":{"@type":"EntryPoint","urlTemplate":"https:\/\/bioenergostims.eu\/?s={search_term_string}"},"query-input":{"@type":"PropertyValueSpecification","valueRequired":true,"valueName":"search_term_string"}}],"inLanguage":"lt-LT"},{"@type":"Organization","@id":"https:\/\/bioenergostims.eu\/#organization","name":"BIOENERGOSTIMS el. parduotuv\u0117","url":"https:\/\/bioenergostims.eu\/","logo":{"@type":"ImageObject","inLanguage":"lt-LT","@id":"https:\/\/bioenergostims.eu\/#\/schema\/logo\/image\/","url":"https:\/\/bioenergostims.eu\/wp-content\/uploads\/2024\/06\/Screenshot-2024-07-04-160517.png","contentUrl":"https:\/\/bioenergostims.eu\/wp-content\/uploads\/2024\/06\/Screenshot-2024-07-04-160517.png","width":380,"height":116,"caption":"BIOENERGOSTIMS e-shop"},"image":{"@id":"https:\/\/bioenergostims.eu\/#\/schema\/logo\/image\/"}}]}},"_links":{"self":[{"href":"https:\/\/bioenergostims.eu\/lt\/wp-json\/wp\/v2\/pages\/69","targetHints":{"allow":["GET"]}}],"collection":[{"href":"https:\/\/bioenergostims.eu\/lt\/wp-json\/wp\/v2\/pages"}],"about":[{"href":"https:\/\/bioenergostims.eu\/lt\/wp-json\/wp\/v2\/types\/page"}],"author":[{"embeddable":true,"href":"https:\/\/bioenergostims.eu\/lt\/wp-json\/wp\/v2\/users\/1"}],"replies":[{"embeddable":true,"href":"https:\/\/bioenergostims.eu\/lt\/wp-json\/wp\/v2\/comments?post=69"}],"version-history":[{"count":0,"href":"https:\/\/bioenergostims.eu\/lt\/wp-json\/wp\/v2\/pages\/69\/revisions"}],"wp:attachment":[{"href":"https:\/\/bioenergostims.eu\/lt\/wp-json\/wp\/v2\/media?parent=69"}],"curies":[{"name":"wp","href":"https:\/\/api.w.org\/{rel}","templated":true}]}}