{"id":401,"date":"2025-08-09T11:26:30","date_gmt":"2025-08-09T11:26:30","guid":{"rendered":"https:\/\/bioenergostims.eu\/?post_type=product&#038;p=401"},"modified":"2026-02-27T13:26:30","modified_gmt":"2026-02-27T13:26:30","slug":"biostims-oligo-selenium","status":"publish","type":"product","link":"https:\/\/bioenergostims.eu\/lt\/produktas-2\/biostims-oligo-selenium\/","title":{"rendered":"BIOSTIMS Exclusive"},"content":{"rendered":"","protected":false},"excerpt":{"rendered":"<h3><strong>250 paros dozi\u0173<\/strong><\/h3>\n<h4>Praturtintas \"Sango\" koral\u0173 mineralais, kad poveikis b\u016bt\u0173 didesnis.<\/h4>\n<p><strong>BIOSTIMS <\/strong><strong>EnergySelenium yra vienintelis produktas pasaulyje, turintis garantuot\u0105 biologi\u0161kai prieinamo seleno doz\u0119.<\/strong><\/p>\n<p>Sud\u0117tyje yra Oligo-Selenium - kelios seleno formos, sinergi\u0161kai sujungtos siekiant didesnio veiksmingumo.<\/p>\n<p>Food-Grade TopPure maistin\u0117s klas\u0117s preparatai su selenu yra moksli\u0161kai \u012frodyti ir klini\u0161kai patvirtinti, juose yra 100% tirpios ir 100% jonizuotos b\u016bsenos.<\/p>\n<p><em>Partijos galiojimo laikas: 2029 01 01<\/em><\/p>","protected":false},"featured_media":403,"template":"","meta":[],"product_brand":[],"product_cat":[27],"product_tag":[31],"class_list":{"0":"post-401","1":"product","2":"type-product","3":"status-publish","4":"has-post-thumbnail","6":"product_cat-biostims","7":"product_tag-biostims","9":"first","10":"instock","11":"sale","12":"taxable","13":"shipping-taxable","14":"purchasable","15":"product-type-simple"},"yoast_head":"<!-- This site is optimized with the Yoast SEO Premium plugin v24.8 (Yoast SEO v24.8) - https:\/\/yoast.com\/wordpress\/plugins\/seo\/ -->\n<title>BIOSTIMS Exclusive - BIOENERGOSTIMS e-shop<\/title>\n<meta name=\"description\" content=\"BIOSTIMS EnergySelenium, 250 devas, ar garant\u0113tu biolo\u0123iski izmantojamu sel\u0113nu. Oligo-Selenium ar Sango kora\u013c\u013cu miner\u0101lviel\u0101m liel\u0101kai efektivit\u0101tei.\" \/>\n<meta name=\"robots\" content=\"index, follow, max-snippet:-1, max-image-preview:large, max-video-preview:-1\" \/>\n<link rel=\"canonical\" href=\"https:\/\/bioenergostims.eu\/lt\/produktas-2\/biostims-oligo-selenium\/\" \/>\n<meta property=\"og:locale\" content=\"lt_LT\" \/>\n<meta property=\"og:type\" content=\"article\" \/>\n<meta property=\"og:title\" content=\"BIOSTIMS Exclusive\" \/>\n<meta property=\"og:description\" content=\"BIOSTIMS EnergySelenium, 250 devas, ar garant\u0113tu biolo\u0123iski izmantojamu sel\u0113nu. Oligo-Selenium ar Sango kora\u013c\u013cu miner\u0101lviel\u0101m liel\u0101kai efektivit\u0101tei.\" \/>\n<meta property=\"og:url\" content=\"https:\/\/bioenergostims.eu\/lt\/produktas-2\/biostims-oligo-selenium\/\" \/>\n<meta property=\"og:site_name\" content=\"BIOENERGOSTIMS e-shop\" \/>\n<meta property=\"article:modified_time\" content=\"2026-02-27T13:26:30+00:00\" \/>\n<meta property=\"og:image\" content=\"https:\/\/bioenergostims.eu\/wp-content\/uploads\/2024\/07\/foto_Inese_Kalnina-0008.jpg\" \/>\n\t<meta property=\"og:image:width\" content=\"666\" \/>\n\t<meta property=\"og:image:height\" content=\"1000\" \/>\n\t<meta property=\"og:image:type\" content=\"image\/jpeg\" \/>\n<meta name=\"twitter:card\" content=\"summary_large_image\" \/>\n<meta name=\"twitter:label1\" content=\"Est. reading time\" \/>\n\t<meta name=\"twitter:data1\" content=\"1 minut\u0117\" \/>\n<script type=\"application\/ld+json\" class=\"yoast-schema-graph\">{\"@context\":\"https:\/\/schema.org\",\"@graph\":[{\"@type\":\"WebPage\",\"@id\":\"https:\/\/bioenergostims.eu\/product\/biostims-oligo-selenium\/\",\"url\":\"https:\/\/bioenergostims.eu\/product\/biostims-oligo-selenium\/\",\"name\":\"BIOSTIMS Exclusive - BIOENERGOSTIMS e-shop\",\"isPartOf\":{\"@id\":\"https:\/\/bioenergostims.eu\/#website\"},\"primaryImageOfPage\":{\"@id\":\"https:\/\/bioenergostims.eu\/product\/biostims-oligo-selenium\/#primaryimage\"},\"image\":{\"@id\":\"https:\/\/bioenergostims.eu\/product\/biostims-oligo-selenium\/#primaryimage\"},\"thumbnailUrl\":\"https:\/\/bioenergostims.eu\/wp-content\/uploads\/2024\/07\/foto_Inese_Kalnina-0008.jpg\",\"datePublished\":\"2025-08-09T11:26:30+00:00\",\"dateModified\":\"2026-02-27T13:26:30+00:00\",\"description\":\"BIOSTIMS EnergySelenium, 250 devas, ar garant\u0113tu biolo\u0123iski izmantojamu sel\u0113nu. Oligo-Selenium ar Sango kora\u013c\u013cu miner\u0101lviel\u0101m liel\u0101kai efektivit\u0101tei.\",\"breadcrumb\":{\"@id\":\"https:\/\/bioenergostims.eu\/product\/biostims-oligo-selenium\/#breadcrumb\"},\"inLanguage\":\"lt-LT\",\"potentialAction\":[{\"@type\":\"ReadAction\",\"target\":[\"https:\/\/bioenergostims.eu\/product\/biostims-oligo-selenium\/\"]}]},{\"@type\":\"ImageObject\",\"inLanguage\":\"lt-LT\",\"@id\":\"https:\/\/bioenergostims.eu\/product\/biostims-oligo-selenium\/#primaryimage\",\"url\":\"https:\/\/bioenergostims.eu\/wp-content\/uploads\/2024\/07\/foto_Inese_Kalnina-0008.jpg\",\"contentUrl\":\"https:\/\/bioenergostims.eu\/wp-content\/uploads\/2024\/07\/foto_Inese_Kalnina-0008.jpg\",\"width\":666,\"height\":1000,\"caption\":\"BIOSTIMS\"},{\"@type\":\"BreadcrumbList\",\"@id\":\"https:\/\/bioenergostims.eu\/product\/biostims-oligo-selenium\/#breadcrumb\",\"itemListElement\":[{\"@type\":\"ListItem\",\"position\":1,\"name\":\"Home\",\"item\":\"https:\/\/bioenergostims.eu\/\"},{\"@type\":\"ListItem\",\"position\":2,\"name\":\"Sale Page\",\"item\":\"https:\/\/bioenergostims.eu\/lt\/sale-page\/\"},{\"@type\":\"ListItem\",\"position\":3,\"name\":\"BIOSTIMS Exclusive\"}]},{\"@type\":\"WebSite\",\"@id\":\"https:\/\/bioenergostims.eu\/#website\",\"url\":\"https:\/\/bioenergostims.eu\/\",\"name\":\"BIOENERGOSTIMS e-shop\",\"description\":\"BIOENERGOSTIMS EnergySelenium\",\"publisher\":{\"@id\":\"https:\/\/bioenergostims.eu\/#organization\"},\"potentialAction\":[{\"@type\":\"SearchAction\",\"target\":{\"@type\":\"EntryPoint\",\"urlTemplate\":\"https:\/\/bioenergostims.eu\/?s={search_term_string}\"},\"query-input\":{\"@type\":\"PropertyValueSpecification\",\"valueRequired\":true,\"valueName\":\"search_term_string\"}}],\"inLanguage\":\"lt-LT\"},{\"@type\":\"Organization\",\"@id\":\"https:\/\/bioenergostims.eu\/#organization\",\"name\":\"BIOENERGOSTIMS e-shop\",\"url\":\"https:\/\/bioenergostims.eu\/\",\"logo\":{\"@type\":\"ImageObject\",\"inLanguage\":\"lt-LT\",\"@id\":\"https:\/\/bioenergostims.eu\/#\/schema\/logo\/image\/\",\"url\":\"https:\/\/bioenergostims.eu\/wp-content\/uploads\/2024\/06\/Screenshot-2024-07-04-160517.png\",\"contentUrl\":\"https:\/\/bioenergostims.eu\/wp-content\/uploads\/2024\/06\/Screenshot-2024-07-04-160517.png\",\"width\":380,\"height\":116,\"caption\":\"BIOENERGOSTIMS e-shop\"},\"image\":{\"@id\":\"https:\/\/bioenergostims.eu\/#\/schema\/logo\/image\/\"}}]}<\/script>\n<!-- \/ Yoast SEO Premium plugin. -->","yoast_head_json":{"title":"BIOSTIMS Exclusive - BIOENERGOSTIMS el. parduotuv\u0117","description":"BIOSTIMS EnergySelenium, 250 dozi\u0173, su garantuotai biologi\u0161kai prieinamu selenu. Oligo selenas su Sango koral\u0173 mineralais didesniam veiksmingumui u\u017etikrinti.","robots":{"index":"index","follow":"follow","max-snippet":"max-snippet:-1","max-image-preview":"max-image-preview:large","max-video-preview":"max-video-preview:-1"},"canonical":"https:\/\/bioenergostims.eu\/lt\/produktas-2\/biostims-oligo-selenium\/","og_locale":"lt_LT","og_type":"article","og_title":"BIOSTIMS Exclusive","og_description":"BIOSTIMS EnergySelenium, 250 devas, ar garant\u0113tu biolo\u0123iski izmantojamu sel\u0113nu. Oligo-Selenium ar Sango kora\u013c\u013cu miner\u0101lviel\u0101m liel\u0101kai efektivit\u0101tei.","og_url":"https:\/\/bioenergostims.eu\/lt\/produktas-2\/biostims-oligo-selenium\/","og_site_name":"BIOENERGOSTIMS e-shop","article_modified_time":"2026-02-27T13:26:30+00:00","og_image":[{"width":666,"height":1000,"url":"https:\/\/bioenergostims.eu\/wp-content\/uploads\/2024\/07\/foto_Inese_Kalnina-0008.jpg","type":"image\/jpeg"}],"twitter_card":"summary_large_image","twitter_misc":{"Est. reading time":"1 minut\u0117"},"schema":{"@context":"https:\/\/schema.org","@graph":[{"@type":"WebPage","@id":"https:\/\/bioenergostims.eu\/product\/biostims-oligo-selenium\/","url":"https:\/\/bioenergostims.eu\/product\/biostims-oligo-selenium\/","name":"BIOSTIMS Exclusive - BIOENERGOSTIMS el. parduotuv\u0117","isPartOf":{"@id":"https:\/\/bioenergostims.eu\/#website"},"primaryImageOfPage":{"@id":"https:\/\/bioenergostims.eu\/product\/biostims-oligo-selenium\/#primaryimage"},"image":{"@id":"https:\/\/bioenergostims.eu\/product\/biostims-oligo-selenium\/#primaryimage"},"thumbnailUrl":"https:\/\/bioenergostims.eu\/wp-content\/uploads\/2024\/07\/foto_Inese_Kalnina-0008.jpg","datePublished":"2025-08-09T11:26:30+00:00","dateModified":"2026-02-27T13:26:30+00:00","description":"BIOSTIMS EnergySelenium, 250 dozi\u0173, su garantuotai biologi\u0161kai prieinamu selenu. Oligo selenas su Sango koral\u0173 mineralais didesniam veiksmingumui u\u017etikrinti.","breadcrumb":{"@id":"https:\/\/bioenergostims.eu\/product\/biostims-oligo-selenium\/#breadcrumb"},"inLanguage":"lt-LT","potentialAction":[{"@type":"ReadAction","target":["https:\/\/bioenergostims.eu\/product\/biostims-oligo-selenium\/"]}]},{"@type":"ImageObject","inLanguage":"lt-LT","@id":"https:\/\/bioenergostims.eu\/product\/biostims-oligo-selenium\/#primaryimage","url":"https:\/\/bioenergostims.eu\/wp-content\/uploads\/2024\/07\/foto_Inese_Kalnina-0008.jpg","contentUrl":"https:\/\/bioenergostims.eu\/wp-content\/uploads\/2024\/07\/foto_Inese_Kalnina-0008.jpg","width":666,"height":1000,"caption":"BIOSTIMS"},{"@type":"BreadcrumbList","@id":"https:\/\/bioenergostims.eu\/product\/biostims-oligo-selenium\/#breadcrumb","itemListElement":[{"@type":"ListItem","position":1,"name":"Home","item":"https:\/\/bioenergostims.eu\/"},{"@type":"ListItem","position":2,"name":"Sale Page","item":"https:\/\/bioenergostims.eu\/lt\/sale-page\/"},{"@type":"ListItem","position":3,"name":"BIOSTIMS Exclusive"}]},{"@type":"WebSite","@id":"https:\/\/bioenergostims.eu\/#website","url":"https:\/\/bioenergostims.eu\/","name":"BIOENERGOSTIMS el. parduotuv\u0117","description":"BIOENERGOSTIMAI EnergijaSelenas","publisher":{"@id":"https:\/\/bioenergostims.eu\/#organization"},"potentialAction":[{"@type":"SearchAction","target":{"@type":"EntryPoint","urlTemplate":"https:\/\/bioenergostims.eu\/?s={search_term_string}"},"query-input":{"@type":"PropertyValueSpecification","valueRequired":true,"valueName":"search_term_string"}}],"inLanguage":"lt-LT"},{"@type":"Organization","@id":"https:\/\/bioenergostims.eu\/#organization","name":"BIOENERGOSTIMS el. parduotuv\u0117","url":"https:\/\/bioenergostims.eu\/","logo":{"@type":"ImageObject","inLanguage":"lt-LT","@id":"https:\/\/bioenergostims.eu\/#\/schema\/logo\/image\/","url":"https:\/\/bioenergostims.eu\/wp-content\/uploads\/2024\/06\/Screenshot-2024-07-04-160517.png","contentUrl":"https:\/\/bioenergostims.eu\/wp-content\/uploads\/2024\/06\/Screenshot-2024-07-04-160517.png","width":380,"height":116,"caption":"BIOENERGOSTIMS e-shop"},"image":{"@id":"https:\/\/bioenergostims.eu\/#\/schema\/logo\/image\/"}}]}},"_links":{"self":[{"href":"https:\/\/bioenergostims.eu\/lt\/wp-json\/wp\/v2\/product\/401","targetHints":{"allow":["GET"]}}],"collection":[{"href":"https:\/\/bioenergostims.eu\/lt\/wp-json\/wp\/v2\/product"}],"about":[{"href":"https:\/\/bioenergostims.eu\/lt\/wp-json\/wp\/v2\/types\/product"}],"wp:featuredmedia":[{"embeddable":true,"href":"https:\/\/bioenergostims.eu\/lt\/wp-json\/wp\/v2\/media\/403"}],"wp:attachment":[{"href":"https:\/\/bioenergostims.eu\/lt\/wp-json\/wp\/v2\/media?parent=401"}],"wp:term":[{"taxonomy":"product_brand","embeddable":true,"href":"https:\/\/bioenergostims.eu\/lt\/wp-json\/wp\/v2\/product_brand?post=401"},{"taxonomy":"product_cat","embeddable":true,"href":"https:\/\/bioenergostims.eu\/lt\/wp-json\/wp\/v2\/product_cat?post=401"},{"taxonomy":"product_tag","embeddable":true,"href":"https:\/\/bioenergostims.eu\/lt\/wp-json\/wp\/v2\/product_tag?post=401"}],"curies":[{"name":"wp","href":"https:\/\/api.w.org\/{rel}","templated":true}]}}