{"id":13458,"date":"2025-06-06T12:47:26","date_gmt":"2025-06-06T12:47:26","guid":{"rendered":"https:\/\/bioenergostims.eu\/?page_id=13458"},"modified":"2025-09-28T07:38:03","modified_gmt":"2025-09-28T07:38:03","slug":"verve-1","status":"publish","type":"page","link":"https:\/\/bioenergostims.eu\/ru\/verve-1\/","title":{"rendered":"\u0420\u0435\u0439\u0442\u0438\u043d\u0433 1"},"content":{"rendered":"<div data-elementor-type=\"wp-page\" data-elementor-id=\"13458\" class=\"elementor elementor-13458\" data-elementor-post-type=\"page\">\n\t\t\t\t<div class=\"elementor-element elementor-element-20268b7 e-flex e-con-boxed e-con e-parent\" data-id=\"20268b7\" data-element_type=\"container\" data-e-type=\"container\">\n\t\t\t\t\t<div class=\"e-con-inner\">\n\t\t\t\t<div class=\"elementor-element elementor-element-12e4f75 elementor-widget elementor-widget-heading\" data-id=\"12e4f75\" data-element_type=\"widget\" data-e-type=\"widget\" data-widget_type=\"heading.default\">\n\t\t\t\t<div class=\"elementor-widget-container\">\n\t\t\t\t\t<h2 class=\"elementor-heading-title elementor-size-default\">\u0421\u043f\u0430\u0441\u0438\u0431\u043e \u0437\u0430 \u043e\u0442\u043a\u0440\u043e\u0432\u0435\u043d\u043d\u043e\u0441\u0442\u044c!<\/h2>\t\t\t\t<\/div>\n\t\t\t\t<\/div>\n\t\t\t\t\t<\/div>\n\t\t\t\t<\/div>\n\t\t<div class=\"elementor-element elementor-element-4f5c782 e-flex e-con-boxed e-con e-parent\" data-id=\"4f5c782\" data-element_type=\"container\" data-e-type=\"container\">\n\t\t\t\t\t<div class=\"e-con-inner\">\n\t\t\t\t<div class=\"elementor-element elementor-element-e74a15c elementor-widget elementor-widget-text-editor\" data-id=\"e74a15c\" data-element_type=\"widget\" data-e-type=\"widget\" data-widget_type=\"text-editor.default\">\n\t\t\t\t<div class=\"elementor-widget-container\">\n\t\t\t\t\t\t\t\t\t<p>\u041d\u0430\u043c \u043e\u0447\u0435\u043d\u044c \u0436\u0430\u043b\u044c \u0441\u043b\u044b\u0448\u0430\u0442\u044c, \u0447\u0442\u043e \u0432\u0430\u0448\u0438 \u0432\u043f\u0435\u0447\u0430\u0442\u043b\u0435\u043d\u0438\u044f \u043d\u0435 \u043e\u043f\u0440\u0430\u0432\u0434\u0430\u043b\u0438 \u043e\u0436\u0438\u0434\u0430\u043d\u0438\u0439. \u041c\u044b \u043e\u0447\u0435\u043d\u044c \u0446\u0435\u043d\u0438\u043c, \u0447\u0442\u043e \u0432\u044b \u043d\u0430\u0448\u043b\u0438 \u0432\u0440\u0435\u043c\u044f \u043f\u043e\u0434\u0435\u043b\u0438\u0442\u044c\u0441\u044f \u0441\u0432\u043e\u0438\u043c \u043c\u043d\u0435\u043d\u0438\u0435\u043c!<\/p>\t\t\t\t\t\t\t\t<\/div>\n\t\t\t\t<\/div>\n\t\t\t\t\t<\/div>\n\t\t\t\t<\/div>\n\t\t<div class=\"elementor-element elementor-element-b77582a e-flex e-con-boxed e-con e-parent\" data-id=\"b77582a\" data-element_type=\"container\" data-e-type=\"container\">\n\t\t\t\t\t<div class=\"e-con-inner\">\n\t\t\t\t<div class=\"elementor-element elementor-element-1a4020d elementor-widget elementor-widget-rating\" data-id=\"1a4020d\" data-element_type=\"widget\" data-e-type=\"widget\" data-widget_type=\"rating.default\">\n\t\t\t\t<div class=\"elementor-widget-container\">\n\t\t\t\t\t\t\t<div class=\"e-rating\" itemtype=\"https:\/\/schema.org\/Rating\" itemscope=\"\" itemprop=\"reviewRating\">\n\t\t\t<meta itemprop=\"worstRating\" content=\"0\">\n\t\t\t<meta itemprop=\"bestRating\" content=\"5\">\n\t\t\t<div class=\"e-rating-wrapper\" itemprop=\"ratingValue\" content=\"3\" role=\"img\" aria-label=\"\u041e\u0446\u0435\u043d\u043a\u0430 3 \u0438\u0437 5\" data-no-translation-aria-label=\"\">\n\t\t\t\t\t\t\t<div class=\"e-icon\">\n\t\t\t\t<div class=\"e-icon-wrapper e-icon-marked\">\n\t\t\t\t\t<svg aria-hidden=\"true\" class=\"e-font-icon-svg e-eicon-star\" viewbox=\"0 0 1000 1000\" xmlns=\"http:\/\/www.w3.org\/2000\/svg\"><path d=\"M450 75L338 312 88 350C46 354 25 417 58 450L238 633 196 896C188 942 238 975 275 954L500 837 725 954C767 975 813 942 804 896L763 633 942 450C975 417 954 358 913 350L663 312 550 75C529 33 471 33 450 75Z\"><\/path><\/svg>\t\t\t\t<\/div>\n\t\t\t\t<div class=\"e-icon-wrapper e-icon-unmarked\">\n\t\t\t\t\t<svg aria-hidden=\"true\" class=\"e-font-icon-svg e-eicon-star\" viewbox=\"0 0 1000 1000\" xmlns=\"http:\/\/www.w3.org\/2000\/svg\"><path d=\"M450 75L338 312 88 350C46 354 25 417 58 450L238 633 196 896C188 942 238 975 275 954L500 837 725 954C767 975 813 942 804 896L763 633 942 450C975 417 954 358 913 350L663 312 550 75C529 33 471 33 450 75Z\"><\/path><\/svg>\t\t\t\t<\/div>\n\t\t\t<\/div>\n\t\t\t\t\t\t<div class=\"e-icon\">\n\t\t\t\t<div class=\"e-icon-wrapper e-icon-marked\">\n\t\t\t\t\t<svg aria-hidden=\"true\" class=\"e-font-icon-svg e-eicon-star\" viewbox=\"0 0 1000 1000\" xmlns=\"http:\/\/www.w3.org\/2000\/svg\"><path d=\"M450 75L338 312 88 350C46 354 25 417 58 450L238 633 196 896C188 942 238 975 275 954L500 837 725 954C767 975 813 942 804 896L763 633 942 450C975 417 954 358 913 350L663 312 550 75C529 33 471 33 450 75Z\"><\/path><\/svg>\t\t\t\t<\/div>\n\t\t\t\t<div class=\"e-icon-wrapper e-icon-unmarked\">\n\t\t\t\t\t<svg aria-hidden=\"true\" class=\"e-font-icon-svg e-eicon-star\" viewbox=\"0 0 1000 1000\" xmlns=\"http:\/\/www.w3.org\/2000\/svg\"><path d=\"M450 75L338 312 88 350C46 354 25 417 58 450L238 633 196 896C188 942 238 975 275 954L500 837 725 954C767 975 813 942 804 896L763 633 942 450C975 417 954 358 913 350L663 312 550 75C529 33 471 33 450 75Z\"><\/path><\/svg>\t\t\t\t<\/div>\n\t\t\t<\/div>\n\t\t\t\t\t\t<div class=\"e-icon\">\n\t\t\t\t<div class=\"e-icon-wrapper e-icon-marked\">\n\t\t\t\t\t<svg aria-hidden=\"true\" class=\"e-font-icon-svg e-eicon-star\" viewbox=\"0 0 1000 1000\" xmlns=\"http:\/\/www.w3.org\/2000\/svg\"><path d=\"M450 75L338 312 88 350C46 354 25 417 58 450L238 633 196 896C188 942 238 975 275 954L500 837 725 954C767 975 813 942 804 896L763 633 942 450C975 417 954 358 913 350L663 312 550 75C529 33 471 33 450 75Z\"><\/path><\/svg>\t\t\t\t<\/div>\n\t\t\t\t<div class=\"e-icon-wrapper e-icon-unmarked\">\n\t\t\t\t\t<svg aria-hidden=\"true\" class=\"e-font-icon-svg e-eicon-star\" viewbox=\"0 0 1000 1000\" xmlns=\"http:\/\/www.w3.org\/2000\/svg\"><path d=\"M450 75L338 312 88 350C46 354 25 417 58 450L238 633 196 896C188 942 238 975 275 954L500 837 725 954C767 975 813 942 804 896L763 633 942 450C975 417 954 358 913 350L663 312 550 75C529 33 471 33 450 75Z\"><\/path><\/svg>\t\t\t\t<\/div>\n\t\t\t<\/div>\n\t\t\t\t\t\t<div class=\"e-icon\">\n\t\t\t\t<div class=\"e-icon-wrapper e-icon-marked\" style=\"--e-rating-icon-marked-width: 0%;\">\n\t\t\t\t\t<svg aria-hidden=\"true\" class=\"e-font-icon-svg e-eicon-star\" viewbox=\"0 0 1000 1000\" xmlns=\"http:\/\/www.w3.org\/2000\/svg\"><path d=\"M450 75L338 312 88 350C46 354 25 417 58 450L238 633 196 896C188 942 238 975 275 954L500 837 725 954C767 975 813 942 804 896L763 633 942 450C975 417 954 358 913 350L663 312 550 75C529 33 471 33 450 75Z\"><\/path><\/svg>\t\t\t\t<\/div>\n\t\t\t\t<div class=\"e-icon-wrapper e-icon-unmarked\">\n\t\t\t\t\t<svg aria-hidden=\"true\" class=\"e-font-icon-svg e-eicon-star\" viewbox=\"0 0 1000 1000\" xmlns=\"http:\/\/www.w3.org\/2000\/svg\"><path d=\"M450 75L338 312 88 350C46 354 25 417 58 450L238 633 196 896C188 942 238 975 275 954L500 837 725 954C767 975 813 942 804 896L763 633 942 450C975 417 954 358 913 350L663 312 550 75C529 33 471 33 450 75Z\"><\/path><\/svg>\t\t\t\t<\/div>\n\t\t\t<\/div>\n\t\t\t\t\t\t<div class=\"e-icon\">\n\t\t\t\t<div class=\"e-icon-wrapper e-icon-marked\" style=\"--e-rating-icon-marked-width: 0%;\">\n\t\t\t\t\t<svg aria-hidden=\"true\" class=\"e-font-icon-svg e-eicon-star\" viewbox=\"0 0 1000 1000\" xmlns=\"http:\/\/www.w3.org\/2000\/svg\"><path d=\"M450 75L338 312 88 350C46 354 25 417 58 450L238 633 196 896C188 942 238 975 275 954L500 837 725 954C767 975 813 942 804 896L763 633 942 450C975 417 954 358 913 350L663 312 550 75C529 33 471 33 450 75Z\"><\/path><\/svg>\t\t\t\t<\/div>\n\t\t\t\t<div class=\"e-icon-wrapper e-icon-unmarked\">\n\t\t\t\t\t<svg aria-hidden=\"true\" class=\"e-font-icon-svg e-eicon-star\" viewbox=\"0 0 1000 1000\" xmlns=\"http:\/\/www.w3.org\/2000\/svg\"><path d=\"M450 75L338 312 88 350C46 354 25 417 58 450L238 633 196 896C188 942 238 975 275 954L500 837 725 954C767 975 813 942 804 896L763 633 942 450C975 417 954 358 913 350L663 312 550 75C529 33 471 33 450 75Z\"><\/path><\/svg>\t\t\t\t<\/div>\n\t\t\t<\/div>\n\t\t\t\t\t\t<\/div>\n\t\t<\/div>\n\t\t\t\t\t\t<\/div>\n\t\t\t\t<\/div>\n\t\t\t\t\t<\/div>\n\t\t\t\t<\/div>\n\t\t<div class=\"elementor-element elementor-element-692c7c8 e-flex e-con-boxed e-con e-parent\" data-id=\"692c7c8\" data-element_type=\"container\" data-e-type=\"container\">\n\t\t\t\t\t<div class=\"e-con-inner\">\n\t\t\t\t<div class=\"elementor-element elementor-element-58ac7d8 elementor-button-align-center elementor-widget elementor-widget-form\" data-id=\"58ac7d8\" data-element_type=\"widget\" data-e-type=\"widget\" data-settings=\"{&quot;button_width&quot;:&quot;50&quot;,&quot;step_next_label&quot;:&quot;Next&quot;,&quot;step_previous_label&quot;:&quot;Previous&quot;,&quot;step_type&quot;:&quot;number_text&quot;,&quot;step_icon_shape&quot;:&quot;circle&quot;}\" data-widget_type=\"form.default\">\n\t\t\t\t<div class=\"elementor-widget-container\">\n\t\t\t\t\t\t\t<form class=\"elementor-form\" method=\"post\" name=\"New Form\" aria-label=\"\u041d\u043e\u0432\u0430\u044f \u0444\u043e\u0440\u043c\u0430\" action=\"\">\n\t\t\t<input type=\"hidden\" name=\"post_id\" value=\"13458\"\/>\n\t\t\t<input type=\"hidden\" name=\"form_id\" value=\"58ac7d8\"\/>\n\t\t\t<input type=\"hidden\" name=\"referer_title\" value=\"V\u0113rt\u0113jums 1 - BIOENERGOSTIMS e-shop\" \/>\n\n\t\t\t\t\t\t\t<input type=\"hidden\" name=\"queried_id\" value=\"13458\"\/>\n\t\t\t\n\t\t\t<div class=\"elementor-form-fields-wrapper elementor-labels-\">\n\t\t\t\t\t\t\t\t<div class=\"elementor-field-type-textarea elementor-field-group elementor-column elementor-field-group-message elementor-col-100\">\n\t\t\t\t\t\t\t\t\t\t\t\t<label for=\"form-field-message\" class=\"elementor-field-label elementor-screen-only\">\n\t\t\t\t\t\t\t\t\u0412\u0430\u0448\u0435 \u0438\u043c\u044f \u0438\u043b\u0438 \u044d\u043b\u0435\u043a\u0442\u0440\u043e\u043d\u043d\u0430\u044f \u043f\u043e\u0447\u0442\u0430 \u043d\u0435 \u0442\u0440\u0435\u0431\u0443\u044e\u0442\u0441\u044f\t\t\t\t\t\t\t<\/label>\n\t\t\t\t\t\t<textarea class=\"elementor-field-textual elementor-field  elementor-size-sm\" name=\"form_fields[message]\" id=\"form-field-message\" rows=\"4\" placeholder=\"\u0415\u0441\u043b\u0438 \u0432\u044b \u043d\u0435 \u0445\u043e\u0442\u0438\u0442\u0435 \u043d\u0438\u0447\u0435\u0433\u043e \u043f\u0438\u0441\u0430\u0442\u044c, SPIED \u041e\u0442\u043f\u0440\u0430\u0432\u044c\u0442\u0435 \u043e\u0442\u0437\u044b\u0432 \u0438 \u043c\u044b \u0435\u0433\u043e \u043f\u043e\u043b\u0443\u0447\u0438\u043c.\"><\/textarea>\t\t\t\t<\/div>\n\t\t\t\t\t\t\t\t<div class=\"elementor-field-group elementor-column elementor-field-type-submit elementor-col-50 e-form__buttons\">\n\t\t\t\t\t<button class=\"elementor-button elementor-size-lg\" type=\"submit\">\n\t\t\t\t\t\t<span class=\"elementor-button-content-wrapper\">\n\t\t\t\t\t\t\t\t\t\t\t\t\t\t\t<span class=\"elementor-button-icon\">\n\t\t\t\t\t\t\t\t\t<svg aria-hidden=\"true\" class=\"e-font-icon-svg e-far-bell\" viewbox=\"0 0 448 512\" xmlns=\"http:\/\/www.w3.org\/2000\/svg\"><path d=\"M439.39 362.29c-19.32-20.76-55.47-51.99-55.47-154.29 0-77.7-54.48-139.9-127.94-155.16V32c0-17.67-14.32-32-31.98-32s-31.98 14.33-31.98 32v20.84C118.56 68.1 64.08 130.3 64.08 208c0 102.3-36.15 133.53-55.47 154.29-6 6.45-8.66 14.16-8.61 21.71.11 16.4 12.98 32 32.1 32h383.8c19.12 0 32-15.6 32.1-32 .05-7.55-2.61-15.27-8.61-21.71zM67.53 368c21.22-27.97 44.42-74.33 44.53-159.42 0-.2-.06-.38-.06-.58 0-61.86 50.14-112 112-112s112 50.14 112 112c0 .2-.06.38-.06.58.11 85.1 23.31 131.46 44.53 159.42H67.53zM224 512c35.32 0 63.97-28.65 63.97-64H160.03c0 35.35 28.65 64 63.97 64z\"><\/path><\/svg>\t\t\t\t\t\t\t\t\t\t\t\t\t\t\t\t\t<\/span>\n\t\t\t\t\t\t\t\t\t\t\t\t\t\t\t\t\t\t\t\t\t\t<span class=\"elementor-button-text\"> \u041e\u0442\u043f\u0440\u0430\u0432\u0438\u0442\u044c \u043e\u0442\u0437\u044b\u0432<\/span>\n\t\t\t\t\t\t\t\t\t\t\t\t\t<\/span>\n\t\t\t\t\t<\/button>\n\t\t\t\t<\/div>\n\t\t\t<\/div>\n\t\t<input type=\"hidden\" name=\"trp-form-language\" value=\"ru\"\/><\/form>\n\t\t\t\t\t\t<\/div>\n\t\t\t\t<\/div>\n\t\t\t\t\t<\/div>\n\t\t\t\t<\/div>\n\t\t<div class=\"elementor-element elementor-element-82379e4 e-flex e-con-boxed e-con e-parent\" data-id=\"82379e4\" data-element_type=\"container\" data-e-type=\"container\">\n\t\t\t\t\t<div class=\"e-con-inner\">\n\t\t<div class=\"elementor-element elementor-element-1c3c484 e-con-full e-flex e-con e-child\" data-id=\"1c3c484\" data-element_type=\"container\" data-e-type=\"container\">\n\t\t\t\t<div class=\"elementor-element elementor-element-0bf4b72 elementor-widget elementor-widget-image\" data-id=\"0bf4b72\" data-element_type=\"widget\" data-e-type=\"widget\" data-widget_type=\"image.default\">\n\t\t\t\t<div class=\"elementor-widget-container\">\n\t\t\t\t\t\t\t\t\t\t\t\t\t\t\t<img fetchpriority=\"high\" decoding=\"async\" width=\"300\" height=\"268\" src=\"https:\/\/bioenergostims.eu\/wp-content\/uploads\/2025\/06\/Screenshot-2025-04-23-103913-300x268.jpg\" class=\"attachment-medium size-medium wp-image-13460\" alt=\"\" srcset=\"https:\/\/bioenergostims.eu\/wp-content\/uploads\/2025\/06\/Screenshot-2025-04-23-103913-300x268.jpg 300w, https:\/\/bioenergostims.eu\/wp-content\/uploads\/2025\/06\/Screenshot-2025-04-23-103913-768x686.jpg 768w, https:\/\/bioenergostims.eu\/wp-content\/uploads\/2025\/06\/Screenshot-2025-04-23-103913-600x536.jpg 600w, https:\/\/bioenergostims.eu\/wp-content\/uploads\/2025\/06\/Screenshot-2025-04-23-103913.jpg 931w\" sizes=\"(max-width: 300px) 100vw, 300px\" \/>\t\t\t\t\t\t\t\t\t\t\t\t\t\t\t<\/div>\n\t\t\t\t<\/div>\n\t\t\t\t<\/div>\n\t\t<div class=\"elementor-element elementor-element-80cdbd2 e-con-full e-flex e-con e-child\" data-id=\"80cdbd2\" data-element_type=\"container\" data-e-type=\"container\" data-settings=\"{&quot;background_background&quot;:&quot;classic&quot;}\">\n\t\t<div class=\"elementor-element elementor-element-6db331c e-con-full e-flex e-con e-child\" data-id=\"6db331c\" data-element_type=\"container\" data-e-type=\"container\">\n\t\t\t\t<div class=\"elementor-element elementor-element-dfd5ba6 elementor-widget elementor-widget-heading\" data-id=\"dfd5ba6\" data-element_type=\"widget\" data-e-type=\"widget\" data-widget_type=\"heading.default\">\n\t\t\t\t<div class=\"elementor-widget-container\">\n\t\t\t\t\t<h3 class=\"elementor-heading-title elementor-size-default\">\u0414\u043b\u044f \u043d\u0430\u0441 \u043e\u0447\u0435\u043d\u044c \u0432\u0430\u0436\u043d\u043e \u043f\u043e\u043d\u0438\u043c\u0430\u0442\u044c, \u0433\u0434\u0435 \u043c\u044b \u043c\u043e\u0436\u0435\u043c \u0440\u0430\u0431\u043e\u0442\u0430\u0442\u044c \u043b\u0443\u0447\u0448\u0435 \u0438 \u0441\u043e\u0432\u0435\u0440\u0448\u0435\u043d\u0441\u0442\u0432\u043e\u0432\u0430\u0442\u044c \u043d\u0430\u0448\u0438 \u043f\u0440\u043e\u0434\u0443\u043a\u0442\u044b \u0438 \u0443\u0441\u043b\u0443\u0433\u0438.<\/h3>\t\t\t\t<\/div>\n\t\t\t\t<\/div>\n\t\t\t\t<\/div>\n\t\t\t\t<\/div>\n\t\t\t\t\t<\/div>\n\t\t\t\t<\/div>\n\t\t\t\t<\/div>","protected":false},"excerpt":{"rendered":"<p>\u0411\u043b\u0430\u0433\u043e\u0434\u0430\u0440\u0438\u043c \u0432\u0430\u0441 \u0437\u0430 \u043e\u0442\u043a\u0440\u043e\u0432\u0435\u043d\u043d\u043e\u0441\u0442\u044c! \u041d\u0430\u043c \u043e\u0447\u0435\u043d\u044c \u0436\u0430\u043b\u044c \u0441\u043b\u044b\u0448\u0430\u0442\u044c, \u0447\u0442\u043e \u0432\u0430\u0448 \u043e\u043f\u044b\u0442 \u043d\u0435 \u043e\u043f\u0440\u0430\u0432\u0434\u0430\u043b \u043e\u0436\u0438\u0434\u0430\u043d\u0438\u0439. \u041c\u044b \u043e\u0447\u0435\u043d\u044c \u0446\u0435\u043d\u0438\u043c, \u0447\u0442\u043e \u0432\u044b \u043d\u0430\u0448\u043b\u0438 \u0432\u0440\u0435\u043c\u044f \u043f\u043e\u0434\u0435\u043b\u0438\u0442\u044c\u0441\u044f \u0441\u0432\u043e\u0438\u043c \u043c\u043d\u0435\u043d\u0438\u0435\u043c! \u0414\u043b\u044f \u043d\u0430\u0441 \u043e\u0447\u0435\u043d\u044c \u0432\u0430\u0436\u043d\u043e \u043f\u043e\u043d\u0438\u043c\u0430\u0442\u044c, \u0433\u0434\u0435 \u043c\u044b \u043c\u043e\u0436\u0435\u043c \u0440\u0430\u0431\u043e\u0442\u0430\u0442\u044c \u043b\u0443\u0447\u0448\u0435 \u0438 \u0441\u043e\u0432\u0435\u0440\u0448\u0435\u043d\u0441\u0442\u0432\u043e\u0432\u0430\u0442\u044c \u043d\u0430\u0448\u0438 \u043f\u0440\u043e\u0434\u0443\u043a\u0442\u044b \u0438 \u0443\u0441\u043b\u0443\u0433\u0438.<\/p>","protected":false},"author":1,"featured_media":0,"parent":0,"menu_order":0,"comment_status":"closed","ping_status":"closed","template":"","meta":{"footnotes":""},"class_list":["post-13458","page","type-page","status-publish","hentry"],"yoast_head":"<!-- This site is optimized with the Yoast SEO Premium plugin v24.8 (Yoast SEO v24.8) - https:\/\/yoast.com\/wordpress\/plugins\/seo\/ -->\n<title>V\u0113rt\u0113jums 1 - BIOENERGOSTIMS e-shop<\/title>\n<meta name=\"robots\" content=\"index, follow, max-snippet:-1, max-image-preview:large, max-video-preview:-1\" \/>\n<link rel=\"canonical\" href=\"https:\/\/bioenergostims.eu\/ru\/verve-1\/\" \/>\n<meta property=\"og:locale\" content=\"ru_RU\" \/>\n<meta property=\"og:type\" content=\"article\" \/>\n<meta property=\"og:title\" content=\"V\u0113rt\u0113jums 1\" \/>\n<meta property=\"og:description\" content=\"Paldies par J\u016bsu atkl\u0101t\u012bbu! Mums ir \u013coti \u017e\u0113l dzird\u0113t, ka J\u016bsu pieredze nesasniedza cer\u012bbas. Patiesi nov\u0113rt\u0113jam, ka velt\u012bj\u0101t laiku, lai dal\u012btos sav\u0101 viedokl\u012b! Mums ir \u013coti svar\u012bgi saprast, kur varam k\u013c\u016bt lab\u0101ki un uzlabot savus produktus un servisu.\" \/>\n<meta property=\"og:url\" content=\"https:\/\/bioenergostims.eu\/ru\/verve-1\/\" \/>\n<meta property=\"og:site_name\" content=\"BIOENERGOSTIMS e-shop\" \/>\n<meta property=\"article:modified_time\" content=\"2025-09-28T07:38:03+00:00\" \/>\n<meta property=\"og:image\" content=\"https:\/\/bioenergostims.eu\/wp-content\/uploads\/2025\/06\/Screenshot-2025-04-23-103913.jpg\" \/>\n\t<meta property=\"og:image:width\" content=\"931\" \/>\n\t<meta property=\"og:image:height\" content=\"832\" \/>\n\t<meta property=\"og:image:type\" content=\"image\/jpeg\" \/>\n<meta name=\"twitter:card\" content=\"summary_large_image\" \/>\n<meta name=\"twitter:label1\" content=\"\u041f\u0440\u0438\u043c\u0435\u0440\u043d\u043e\u0435 \u0432\u0440\u0435\u043c\u044f \u0434\u043b\u044f \u0447\u0442\u0435\u043d\u0438\u044f\" \/>\n\t<meta name=\"twitter:data1\" content=\"1 \u043c\u0438\u043d\u0443\u0442\u0430\" \/>\n<script type=\"application\/ld+json\" class=\"yoast-schema-graph\">{\"@context\":\"https:\/\/schema.org\",\"@graph\":[{\"@type\":\"WebPage\",\"@id\":\"https:\/\/bioenergostims.eu\/vertejums-1\/\",\"url\":\"https:\/\/bioenergostims.eu\/vertejums-1\/\",\"name\":\"V\u0113rt\u0113jums 1 - BIOENERGOSTIMS e-shop\",\"isPartOf\":{\"@id\":\"https:\/\/bioenergostims.eu\/#website\"},\"primaryImageOfPage\":{\"@id\":\"https:\/\/bioenergostims.eu\/vertejums-1\/#primaryimage\"},\"image\":{\"@id\":\"https:\/\/bioenergostims.eu\/vertejums-1\/#primaryimage\"},\"thumbnailUrl\":\"https:\/\/bioenergostims.eu\/wp-content\/uploads\/2025\/06\/Screenshot-2025-04-23-103913-300x268.jpg\",\"datePublished\":\"2025-06-06T12:47:26+00:00\",\"dateModified\":\"2025-09-28T07:38:03+00:00\",\"breadcrumb\":{\"@id\":\"https:\/\/bioenergostims.eu\/vertejums-1\/#breadcrumb\"},\"inLanguage\":\"ru-RU\",\"potentialAction\":[{\"@type\":\"ReadAction\",\"target\":[\"https:\/\/bioenergostims.eu\/vertejums-1\/\"]}]},{\"@type\":\"ImageObject\",\"inLanguage\":\"ru-RU\",\"@id\":\"https:\/\/bioenergostims.eu\/vertejums-1\/#primaryimage\",\"url\":\"https:\/\/bioenergostims.eu\/wp-content\/uploads\/2025\/06\/Screenshot-2025-04-23-103913-300x268.jpg\",\"contentUrl\":\"https:\/\/bioenergostims.eu\/wp-content\/uploads\/2025\/06\/Screenshot-2025-04-23-103913-300x268.jpg\"},{\"@type\":\"BreadcrumbList\",\"@id\":\"https:\/\/bioenergostims.eu\/vertejums-1\/#breadcrumb\",\"itemListElement\":[{\"@type\":\"ListItem\",\"position\":1,\"name\":\"Home\",\"item\":\"https:\/\/bioenergostims.eu\/\"},{\"@type\":\"ListItem\",\"position\":2,\"name\":\"V\u0113rt\u0113jums 1\"}]},{\"@type\":\"WebSite\",\"@id\":\"https:\/\/bioenergostims.eu\/#website\",\"url\":\"https:\/\/bioenergostims.eu\/\",\"name\":\"BIOENERGOSTIMS e-shop\",\"description\":\"BIOENERGOSTIMS EnergySelenium\",\"publisher\":{\"@id\":\"https:\/\/bioenergostims.eu\/#organization\"},\"potentialAction\":[{\"@type\":\"SearchAction\",\"target\":{\"@type\":\"EntryPoint\",\"urlTemplate\":\"https:\/\/bioenergostims.eu\/?s={search_term_string}\"},\"query-input\":{\"@type\":\"PropertyValueSpecification\",\"valueRequired\":true,\"valueName\":\"search_term_string\"}}],\"inLanguage\":\"ru-RU\"},{\"@type\":\"Organization\",\"@id\":\"https:\/\/bioenergostims.eu\/#organization\",\"name\":\"BIOENERGOSTIMS e-shop\",\"url\":\"https:\/\/bioenergostims.eu\/\",\"logo\":{\"@type\":\"ImageObject\",\"inLanguage\":\"ru-RU\",\"@id\":\"https:\/\/bioenergostims.eu\/#\/schema\/logo\/image\/\",\"url\":\"https:\/\/bioenergostims.eu\/wp-content\/uploads\/2024\/06\/Screenshot-2024-07-04-160517.png\",\"contentUrl\":\"https:\/\/bioenergostims.eu\/wp-content\/uploads\/2024\/06\/Screenshot-2024-07-04-160517.png\",\"width\":380,\"height\":116,\"caption\":\"BIOENERGOSTIMS e-shop\"},\"image\":{\"@id\":\"https:\/\/bioenergostims.eu\/#\/schema\/logo\/image\/\"}}]}<\/script>\n<!-- \/ Yoast SEO Premium plugin. -->","yoast_head_json":{"title":"\u0420\u0435\u0439\u0442\u0438\u043d\u0433 1 - \u0438\u043d\u0442\u0435\u0440\u043d\u0435\u0442-\u043c\u0430\u0433\u0430\u0437\u0438\u043d BIOENERGOSTIMS","robots":{"index":"index","follow":"follow","max-snippet":"max-snippet:-1","max-image-preview":"max-image-preview:large","max-video-preview":"max-video-preview:-1"},"canonical":"https:\/\/bioenergostims.eu\/ru\/verve-1\/","og_locale":"ru_RU","og_type":"article","og_title":"V\u0113rt\u0113jums 1","og_description":"Paldies par J\u016bsu atkl\u0101t\u012bbu! Mums ir \u013coti \u017e\u0113l dzird\u0113t, ka J\u016bsu pieredze nesasniedza cer\u012bbas. Patiesi nov\u0113rt\u0113jam, ka velt\u012bj\u0101t laiku, lai dal\u012btos sav\u0101 viedokl\u012b! Mums ir \u013coti svar\u012bgi saprast, kur varam k\u013c\u016bt lab\u0101ki un uzlabot savus produktus un servisu.","og_url":"https:\/\/bioenergostims.eu\/ru\/verve-1\/","og_site_name":"BIOENERGOSTIMS e-shop","article_modified_time":"2025-09-28T07:38:03+00:00","og_image":[{"width":931,"height":832,"url":"https:\/\/bioenergostims.eu\/wp-content\/uploads\/2025\/06\/Screenshot-2025-04-23-103913.jpg","type":"image\/jpeg"}],"twitter_card":"summary_large_image","twitter_misc":{"\u041f\u0440\u0438\u043c\u0435\u0440\u043d\u043e\u0435 \u0432\u0440\u0435\u043c\u044f \u0434\u043b\u044f \u0447\u0442\u0435\u043d\u0438\u044f":"1 \u043c\u0438\u043d\u0443\u0442\u0430"},"schema":{"@context":"https:\/\/schema.org","@graph":[{"@type":"WebPage","@id":"https:\/\/bioenergostims.eu\/vertejums-1\/","url":"https:\/\/bioenergostims.eu\/vertejums-1\/","name":"\u0420\u0435\u0439\u0442\u0438\u043d\u0433 1 - \u0438\u043d\u0442\u0435\u0440\u043d\u0435\u0442-\u043c\u0430\u0433\u0430\u0437\u0438\u043d BIOENERGOSTIMS","isPartOf":{"@id":"https:\/\/bioenergostims.eu\/#website"},"primaryImageOfPage":{"@id":"https:\/\/bioenergostims.eu\/vertejums-1\/#primaryimage"},"image":{"@id":"https:\/\/bioenergostims.eu\/vertejums-1\/#primaryimage"},"thumbnailUrl":"https:\/\/bioenergostims.eu\/wp-content\/uploads\/2025\/06\/Screenshot-2025-04-23-103913-300x268.jpg","datePublished":"2025-06-06T12:47:26+00:00","dateModified":"2025-09-28T07:38:03+00:00","breadcrumb":{"@id":"https:\/\/bioenergostims.eu\/vertejums-1\/#breadcrumb"},"inLanguage":"ru-RU","potentialAction":[{"@type":"ReadAction","target":["https:\/\/bioenergostims.eu\/vertejums-1\/"]}]},{"@type":"ImageObject","inLanguage":"ru-RU","@id":"https:\/\/bioenergostims.eu\/vertejums-1\/#primaryimage","url":"https:\/\/bioenergostims.eu\/wp-content\/uploads\/2025\/06\/Screenshot-2025-04-23-103913-300x268.jpg","contentUrl":"https:\/\/bioenergostims.eu\/wp-content\/uploads\/2025\/06\/Screenshot-2025-04-23-103913-300x268.jpg"},{"@type":"BreadcrumbList","@id":"https:\/\/bioenergostims.eu\/vertejums-1\/#breadcrumb","itemListElement":[{"@type":"ListItem","position":1,"name":"Home","item":"https:\/\/bioenergostims.eu\/"},{"@type":"ListItem","position":2,"name":"V\u0113rt\u0113jums 1"}]},{"@type":"WebSite","@id":"https:\/\/bioenergostims.eu\/#website","url":"https:\/\/bioenergostims.eu\/","name":"\u0418\u043d\u0442\u0435\u0440\u043d\u0435\u0442-\u043c\u0430\u0433\u0430\u0437\u0438\u043d BIOENERGOSTIMS","description":"\u0411\u0418\u041e\u042d\u041d\u0415\u0420\u0413\u041e\u0421\u0422\u0418\u041c\u0423\u041b\u042b \u042d\u043d\u0435\u0440\u0433\u0438\u044f\u0421\u0435\u043b\u0435\u043d","publisher":{"@id":"https:\/\/bioenergostims.eu\/#organization"},"potentialAction":[{"@type":"SearchAction","target":{"@type":"EntryPoint","urlTemplate":"https:\/\/bioenergostims.eu\/?s={search_term_string}"},"query-input":{"@type":"PropertyValueSpecification","valueRequired":true,"valueName":"search_term_string"}}],"inLanguage":"ru-RU"},{"@type":"Organization","@id":"https:\/\/bioenergostims.eu\/#organization","name":"\u0418\u043d\u0442\u0435\u0440\u043d\u0435\u0442-\u043c\u0430\u0433\u0430\u0437\u0438\u043d BIOENERGOSTIMS","url":"https:\/\/bioenergostims.eu\/","logo":{"@type":"ImageObject","inLanguage":"ru-RU","@id":"https:\/\/bioenergostims.eu\/#\/schema\/logo\/image\/","url":"https:\/\/bioenergostims.eu\/wp-content\/uploads\/2024\/06\/Screenshot-2024-07-04-160517.png","contentUrl":"https:\/\/bioenergostims.eu\/wp-content\/uploads\/2024\/06\/Screenshot-2024-07-04-160517.png","width":380,"height":116,"caption":"BIOENERGOSTIMS e-shop"},"image":{"@id":"https:\/\/bioenergostims.eu\/#\/schema\/logo\/image\/"}}]}},"_links":{"self":[{"href":"https:\/\/bioenergostims.eu\/ru\/wp-json\/wp\/v2\/pages\/13458","targetHints":{"allow":["GET"]}}],"collection":[{"href":"https:\/\/bioenergostims.eu\/ru\/wp-json\/wp\/v2\/pages"}],"about":[{"href":"https:\/\/bioenergostims.eu\/ru\/wp-json\/wp\/v2\/types\/page"}],"author":[{"embeddable":true,"href":"https:\/\/bioenergostims.eu\/ru\/wp-json\/wp\/v2\/users\/1"}],"replies":[{"embeddable":true,"href":"https:\/\/bioenergostims.eu\/ru\/wp-json\/wp\/v2\/comments?post=13458"}],"version-history":[{"count":0,"href":"https:\/\/bioenergostims.eu\/ru\/wp-json\/wp\/v2\/pages\/13458\/revisions"}],"wp:attachment":[{"href":"https:\/\/bioenergostims.eu\/ru\/wp-json\/wp\/v2\/media?parent=13458"}],"curies":[{"name":"wp","href":"https:\/\/api.w.org\/{rel}","templated":true}]}}