{"id":55,"date":"2024-06-16T07:52:48","date_gmt":"2024-06-16T07:52:48","guid":{"rendered":"https:\/\/bioenergostims.eu\/contact\/"},"modified":"2025-08-20T12:51:19","modified_gmt":"2025-08-20T12:51:19","slug":"contact-2","status":"publish","type":"page","link":"https:\/\/bioenergostims.eu\/ru\/contact-2\/","title":{"rendered":"\u0421\u0432\u044f\u0437\u0430\u0442\u044c\u0441\u044f \u0441"},"content":{"rendered":"<div data-elementor-type=\"wp-page\" data-elementor-id=\"55\" class=\"elementor elementor-55\" data-elementor-post-type=\"page\">\n\t\t\t\t<div class=\"elementor-element elementor-element-6b053088 e-con-full e-flex e-con e-parent\" data-id=\"6b053088\" data-element_type=\"container\" data-e-type=\"container\">\n\t\t<div class=\"elementor-element elementor-element-771c3aec e-con-full e-flex e-con e-child\" data-id=\"771c3aec\" data-element_type=\"container\" data-e-type=\"container\" data-settings=\"{&quot;background_background&quot;:&quot;classic&quot;}\">\n\t\t\t\t<\/div>\n\t\t<div class=\"elementor-element elementor-element-478d564f e-con-full e-flex e-con e-child\" data-id=\"478d564f\" data-element_type=\"container\" data-e-type=\"container\">\n\t\t\t\t<div class=\"elementor-element elementor-element-251850fd elementor-widget elementor-widget-heading\" data-id=\"251850fd\" data-element_type=\"widget\" data-e-type=\"widget\" data-widget_type=\"heading.default\">\n\t\t\t\t<div class=\"elementor-widget-container\">\n\t\t\t\t\t<h1 class=\"elementor-heading-title elementor-size-default\">\u0421\u0432\u044f\u0436\u0438\u0442\u0435\u0441\u044c \u0441 \u043d\u0430\u043c\u0438!<\/h1>\t\t\t\t<\/div>\n\t\t\t\t<\/div>\n\t\t\t\t<div class=\"elementor-element elementor-element-40ca8f2d elementor-widget__width-initial elementor-widget-mobile__width-inherit elementor-widget elementor-widget-text-editor\" data-id=\"40ca8f2d\" data-element_type=\"widget\" data-e-type=\"widget\" data-widget_type=\"text-editor.default\">\n\t\t\t\t<div class=\"elementor-widget-container\">\n\t\t\t\t\t\t\t\t\t<p>\u041c\u044b \u0434\u043e\u0441\u0442\u0430\u0432\u043b\u044f\u0435\u043c \u0442\u043e\u0432\u0430\u0440\u044b \u0432 \u0441\u0442\u0440\u0430\u043d\u044b \u0415\u0432\u0440\u043e\u043f\u0435\u0439\u0441\u043a\u043e\u0433\u043e \u0421\u043e\u044e\u0437\u0430, \u0412\u0435\u043b\u0438\u043a\u043e\u0431\u0440\u0438\u0442\u0430\u043d\u0438\u044e \u0438 \u0441\u0442\u0440\u0430\u043d\u044b \u0415\u042d\u0417. \u0414\u043b\u044f \u043f\u043e\u043b\u0443\u0447\u0435\u043d\u0438\u044f \u0434\u0440\u0443\u0433\u0438\u0445 \u0432\u0430\u0440\u0438\u0430\u043d\u0442\u043e\u0432 \u0434\u043e\u0441\u0442\u0430\u0432\u043a\u0438, \u043f\u043e\u0436\u0430\u043b\u0443\u0439\u0441\u0442\u0430, \u0441\u0432\u044f\u0436\u0438\u0442\u0435\u0441\u044c \u0441 \u043d\u0430\u0448\u0435\u0439 \u043a\u043e\u043c\u0430\u043d\u0434\u043e\u0439.<\/p><p>\u0417\u0430\u043f\u0440\u0430\u0448\u0438\u0432\u0430\u0439\u0442\u0435 \u0442\u043e\u0432\u0430\u0440\u044b \u0432 \u043c\u0430\u0433\u0430\u0437\u0438\u043d\u0430\u0445 \u0437\u0434\u043e\u0440\u043e\u0432\u044c\u044f, \u043b\u0443\u0447\u0448\u0438\u0445 \u043b\u0430\u0442\u0432\u0438\u0439\u0441\u043a\u0438\u0445 \u0430\u043f\u0442\u0435\u043a\u0430\u0445 \u0438 \u0430\u043f\u0442\u0435\u0447\u043d\u043e\u0439 \u0441\u0435\u0442\u0438 M\u0112NESS \u0438\u043b\u0438 \u0443 \u043d\u0430\u0448\u0438\u0445 \u043f\u0430\u0440\u0442\u043d\u0435\u0440\u043e\u0432.<\/p><p>\u0421\u043f\u0440\u043e\u0441\u0438\u0442\u0435 \u0441\u0432\u043e\u0435\u0433\u043e \u0442\u0435\u0440\u0430\u043f\u0435\u0432\u0442\u0430.<\/p><p>\u041f\u0440\u043e\u0434\u0443\u043a\u0446\u0438\u044e \u043c\u043e\u0436\u043d\u043e \u043f\u0440\u0438\u043e\u0431\u0440\u0435\u0441\u0442\u0438 \u0432 \u043a\u043e\u043d\u0441\u0443\u043b\u044c\u0442\u0430\u0446\u0438\u043e\u043d\u043d\u043e\u043c \u043f\u0443\u043d\u043a\u0442\u0435 \u043f\u0440\u043e\u0438\u0437\u0432\u043e\u0434\u0438\u0442\u0435\u043b\u044f \u0432 \u0420\u0438\u0433\u0435, \u043f\u043e \u0430\u0434\u0440\u0435\u0441\u0443 P\u0113rses iela 16 - 204, \u0432 \u0431\u0443\u0434\u043d\u0438\u0435 \u0434\u043d\u0438 \u0441 9.00 \u0434\u043e 17.00.<\/p><p>[info@bioenergostims.eu]<\/p>\t\t\t\t\t\t\t\t<\/div>\n\t\t\t\t<\/div>\n\t\t\t\t<div class=\"elementor-element elementor-element-ff424ba elementor-widget elementor-widget-heading\" data-id=\"ff424ba\" data-element_type=\"widget\" data-e-type=\"widget\" data-widget_type=\"heading.default\">\n\t\t\t\t<div class=\"elementor-widget-container\">\n\t\t\t\t\t<h2 class=\"elementor-heading-title elementor-size-default\">\u0422\u0435\u043b: +371 677 01 241<\/h2>\t\t\t\t<\/div>\n\t\t\t\t<\/div>\n\t\t\t\t<div class=\"elementor-element elementor-element-42d61f9 elementor-widget elementor-widget-text-editor\" data-id=\"42d61f9\" data-element_type=\"widget\" data-e-type=\"widget\" data-widget_type=\"text-editor.default\">\n\t\t\t\t<div class=\"elementor-widget-container\">\n\t\t\t\t\t\t\t\t\t<p>\u0417\u0430\u043f\u043e\u043b\u043d\u0438\u0442\u0435 \u0444\u043e\u0440\u043c\u0443 \u043d\u0438\u0436\u0435, \u0438 \u043c\u044b \u0441\u0432\u044f\u0436\u0435\u043c\u0441\u044f \u0441 \u0432\u0430\u043c\u0438 \u043a\u0430\u043a \u043c\u043e\u0436\u043d\u043e \u0441\u043a\u043e\u0440\u0435\u0435!<\/p>\t\t\t\t\t\t\t\t<\/div>\n\t\t\t\t<\/div>\n\t\t\t\t<div class=\"elementor-element elementor-element-3f054749 elementor-button-align-start elementor-mobile-button-align-center elementor-widget elementor-widget-form\" data-id=\"3f054749\" data-element_type=\"widget\" data-e-type=\"widget\" data-settings=\"{&quot;step_next_label&quot;:&quot;Next&quot;,&quot;step_previous_label&quot;:&quot;Previous&quot;,&quot;button_width&quot;:&quot;100&quot;,&quot;step_type&quot;:&quot;number_text&quot;,&quot;step_icon_shape&quot;:&quot;circle&quot;}\" data-widget_type=\"form.default\">\n\t\t\t\t<div class=\"elementor-widget-container\">\n\t\t\t\t\t\t\t<form class=\"elementor-form\" method=\"post\" name=\"Contact Form\" aria-label=\"\u041a\u043e\u043d\u0442\u0430\u043a\u0442\u043d\u0430\u044f \u0444\u043e\u0440\u043c\u0430\" action=\"\">\n\t\t\t<input type=\"hidden\" name=\"post_id\" value=\"55\"\/>\n\t\t\t<input type=\"hidden\" name=\"form_id\" value=\"3f054749\"\/>\n\t\t\t<input type=\"hidden\" name=\"referer_title\" value=\"BIOENERGOSTIMS e-shop\" \/>\n\n\t\t\t\n\t\t\t<div class=\"elementor-form-fields-wrapper elementor-labels-\">\n\t\t\t\t\t\t\t\t<div class=\"elementor-field-type-text elementor-field-group elementor-column elementor-field-group-name elementor-col-50\">\n\t\t\t\t\t\t\t\t\t\t\t\t<label for=\"form-field-name\" class=\"elementor-field-label elementor-screen-only\">\n\t\t\t\t\t\t\t\t\u0418\u043c\u044f\t\t\t\t\t\t\t<\/label>\n\t\t\t\t\t\t\t\t\t\t\t\t\t\t<input size=\"1\" type=\"text\" name=\"form_fields[name]\" id=\"form-field-name\" class=\"elementor-field elementor-size-md  elementor-field-textual\" placeholder=\"\u0418\u043c\u044f\">\n\t\t\t\t\t\t\t\t\t\t\t<\/div>\n\t\t\t\t\t\t\t\t<div class=\"elementor-field-type-email elementor-field-group elementor-column elementor-field-group-email elementor-col-50 elementor-field-required\">\n\t\t\t\t\t\t\t\t\t\t\t\t<label for=\"form-field-email\" class=\"elementor-field-label elementor-screen-only\">\n\t\t\t\t\t\t\t\t\u042d\u043b\u0435\u043a\u0442\u0440\u043e\u043d\u043d\u0430\u044f \u043f\u043e\u0447\u0442\u0430\t\t\t\t\t\t\t<\/label>\n\t\t\t\t\t\t\t\t\t\t\t\t\t\t<input size=\"1\" type=\"email\" name=\"form_fields[email]\" id=\"form-field-email\" class=\"elementor-field elementor-size-md  elementor-field-textual\" placeholder=\"\u0412\u0430\u0448 \u0430\u0434\u0440\u0435\u0441 \u044d\u043b\u0435\u043a\u0442\u0440\u043e\u043d\u043d\u043e\u0439 \u043f\u043e\u0447\u0442\u044b\" required=\"required\">\n\t\t\t\t\t\t\t\t\t\t\t<\/div>\n\t\t\t\t\t\t\t\t<div class=\"elementor-field-type-select elementor-field-group elementor-column elementor-field-group-field_651f872 elementor-col-50\">\n\t\t\t\t\t\t\t\t\t\t\t\t<label for=\"form-field-field_651f872\" class=\"elementor-field-label elementor-screen-only\">\n\t\t\t\t\t\t\t\t\u0412\u044b\u0431\u0435\u0440\u0438\u0442\u0435 \u0442\u0435\u043c\u0443\t\t\t\t\t\t\t<\/label>\n\t\t\t\t\t\t\t\t<div class=\"elementor-field elementor-select-wrapper remove-before\">\n\t\t\t<div class=\"select-caret-down-wrapper\">\n\t\t\t\t<svg aria-hidden=\"true\" class=\"e-font-icon-svg e-eicon-caret-down\" viewbox=\"0 0 571.4 571.4\" xmlns=\"http:\/\/www.w3.org\/2000\/svg\"><path d=\"M571 393Q571 407 561 418L311 668Q300 679 286 679T261 668L11 418Q0 407 0 393T11 368 36 357H536Q550 357 561 368T571 393Z\"><\/path><\/svg>\t\t\t<\/div>\n\t\t\t<select name=\"form_fields[field_651f872]\" id=\"form-field-field_651f872\" class=\"elementor-field-textual elementor-size-md\">\n\t\t\t\t\t\t\t\t\t<option value=\"Choose Topic\">\u0412\u044b\u0431\u0435\u0440\u0438\u0442\u0435 \u0442\u0435\u043c\u0443<\/option>\n\t\t\t\t\t\t\t\t\t<option value=\"Produktu ieg\u0101de\">\u041f\u0440\u0438\u043e\u0431\u0440\u0435\u0442\u0435\u043d\u0438\u0435 \u043f\u0440\u043e\u0434\u0443\u043a\u0446\u0438\u0438<\/option>\n\t\t\t\t\t\t\t\t\t<option value=\"Konsult\u0101cija\">\u041e\u0431\u0440\u0430\u0442\u0438\u0442\u0435\u0441\u044c \u043a<\/option>\n\t\t\t\t\t\t\t\t\t<option value=\"Sadarb\u012bba\">\u0421\u043e\u0442\u0440\u0443\u0434\u043d\u0438\u0447\u0435\u0441\u0442\u0432\u043e<\/option>\n\t\t\t\t\t\t\t\t\t<option value=\"Cits jaut\u0101jums\">\u0415\u0449\u0435 \u043e\u0434\u0438\u043d \u0432\u043e\u043f\u0440\u043e\u0441<\/option>\n\t\t\t\t\t\t\t<\/select>\n\t\t<\/div>\n\t\t\t\t\t\t<\/div>\n\t\t\t\t\t\t\t\t<div class=\"elementor-field-type-text elementor-field-group elementor-column elementor-field-group-field_a735fff elementor-col-50 elementor-field-required\">\n\t\t\t\t\t\t\t\t\t\t\t\t<label for=\"form-field-field_a735fff\" class=\"elementor-field-label elementor-screen-only\">\n\t\t\t\t\t\t\t\t\u0421\u043e\u043e\u0431\u0449\u0435\u043d\u0438\u0435\t\t\t\t\t\t\t<\/label>\n\t\t\t\t\t\t\t\t\t\t\t\t\t\t<input size=\"1\" type=\"text\" name=\"form_fields[field_a735fff]\" id=\"form-field-field_a735fff\" class=\"elementor-field elementor-size-md  elementor-field-textual\" placeholder=\"\u0422\u0435\u043a\u0441\u0442 \u043d\u043e\u0432\u043e\u0441\u0442\u0438\" required=\"required\">\n\t\t\t\t\t\t\t\t\t\t\t<\/div>\n\t\t\t\t\t\t\t\t<div class=\"elementor-field-group elementor-column elementor-field-type-submit elementor-col-100 e-form__buttons\">\n\t\t\t\t\t<button class=\"elementor-button elementor-size-md elementor-animation-shrink\" type=\"submit\">\n\t\t\t\t\t\t<span class=\"elementor-button-content-wrapper\">\n\t\t\t\t\t\t\t\t\t\t\t\t\t\t\t\t\t\t\t\t\t\t<span class=\"elementor-button-text\">\u041e\u0442\u043f\u0440\u0430\u0432\u0438\u0442\u044c \u043f\u043e \u0430\u0434\u0440\u0435\u0441\u0443<\/span>\n\t\t\t\t\t\t\t\t\t\t\t\t\t<\/span>\n\t\t\t\t\t<\/button>\n\t\t\t\t<\/div>\n\t\t\t<\/div>\n\t\t<input type=\"hidden\" name=\"trp-form-language\" value=\"ru\"\/><\/form>\n\t\t\t\t\t\t<\/div>\n\t\t\t\t<\/div>\n\t\t\t\t<\/div>\n\t\t\t\t<\/div>\n\t\t\t\t<\/div>","protected":false},"excerpt":{"rendered":"<p>Sazinies ar mums! M\u0113s veicam pieg\u0101di uz Eiropas Savien\u012bbas valst\u012bm, UK un EEZ. Par cit\u0101m pieg\u0101des iesp\u0113jam l\u016bdzu sazin\u0101ties ar m\u016bsu komandu. Pieprasiet produktus vesel\u012bbas veikalos, lab\u0101kaj\u0101s Latvijas aptiek\u0101s un M\u0112NESS aptieku t\u012bkl\u0101 vai pie m\u016bsu partneriem. Jaut\u0101jiet savam \u0123imenes \u0101rstam. Produktus var iegad\u0101ties ra\u017eot\u0101ja konsultat\u012bvaj\u0101 noda\u013c\u0101 R\u012bg\u0101, P\u0113rses iel\u0101 16 \u2013 204., darbadien\u0101s no [&hellip;]<\/p>","protected":false},"author":1,"featured_media":0,"parent":0,"menu_order":0,"comment_status":"closed","ping_status":"closed","template":"","meta":{"footnotes":""},"class_list":["post-55","page","type-page","status-publish","hentry"],"yoast_head":"<!-- This site is optimized with the Yoast SEO Premium plugin v24.8 (Yoast SEO v24.8) - https:\/\/yoast.com\/wordpress\/plugins\/seo\/ -->\n<title>Contact - BIOENERGOSTIMS e-shop<\/title>\n<meta name=\"robots\" content=\"index, follow, max-snippet:-1, max-image-preview:large, max-video-preview:-1\" \/>\n<link rel=\"canonical\" href=\"https:\/\/bioenergostims.eu\/ru\/contact-2\/\" \/>\n<meta property=\"og:locale\" content=\"ru_RU\" \/>\n<meta property=\"og:type\" content=\"article\" \/>\n<meta property=\"og:title\" content=\"Contact\" \/>\n<meta property=\"og:description\" content=\"Sazinies ar mums! M\u0113s veicam pieg\u0101di uz Eiropas Savien\u012bbas valst\u012bm, UK un EEZ. Par cit\u0101m pieg\u0101des iesp\u0113jam l\u016bdzu sazin\u0101ties ar m\u016bsu komandu. Pieprasiet produktus vesel\u012bbas veikalos, lab\u0101kaj\u0101s Latvijas aptiek\u0101s un M\u0112NESS aptieku t\u012bkl\u0101 vai pie m\u016bsu partneriem. Jaut\u0101jiet savam \u0123imenes \u0101rstam. Produktus var iegad\u0101ties ra\u017eot\u0101ja konsultat\u012bvaj\u0101 noda\u013c\u0101 R\u012bg\u0101, P\u0113rses iel\u0101 16 \u2013 204., darbadien\u0101s no [&hellip;]\" \/>\n<meta property=\"og:url\" content=\"https:\/\/bioenergostims.eu\/ru\/contact-2\/\" \/>\n<meta property=\"og:site_name\" content=\"BIOENERGOSTIMS e-shop\" \/>\n<meta property=\"article:modified_time\" content=\"2025-08-20T12:51:19+00:00\" \/>\n<meta name=\"twitter:card\" content=\"summary_large_image\" \/>\n<meta name=\"twitter:label1\" content=\"\u041f\u0440\u0438\u043c\u0435\u0440\u043d\u043e\u0435 \u0432\u0440\u0435\u043c\u044f \u0434\u043b\u044f \u0447\u0442\u0435\u043d\u0438\u044f\" \/>\n\t<meta name=\"twitter:data1\" content=\"1 \u043c\u0438\u043d\u0443\u0442\u0430\" \/>\n<script type=\"application\/ld+json\" class=\"yoast-schema-graph\">{\"@context\":\"https:\/\/schema.org\",\"@graph\":[{\"@type\":\"WebPage\",\"@id\":\"https:\/\/bioenergostims.eu\/contact-2\/\",\"url\":\"https:\/\/bioenergostims.eu\/contact-2\/\",\"name\":\"Contact - BIOENERGOSTIMS e-shop\",\"isPartOf\":{\"@id\":\"https:\/\/bioenergostims.eu\/#website\"},\"datePublished\":\"2024-06-16T07:52:48+00:00\",\"dateModified\":\"2025-08-20T12:51:19+00:00\",\"breadcrumb\":{\"@id\":\"https:\/\/bioenergostims.eu\/contact-2\/#breadcrumb\"},\"inLanguage\":\"ru-RU\",\"potentialAction\":[{\"@type\":\"ReadAction\",\"target\":[\"https:\/\/bioenergostims.eu\/contact-2\/\"]}]},{\"@type\":\"BreadcrumbList\",\"@id\":\"https:\/\/bioenergostims.eu\/contact-2\/#breadcrumb\",\"itemListElement\":[{\"@type\":\"ListItem\",\"position\":1,\"name\":\"Home\",\"item\":\"https:\/\/bioenergostims.eu\/\"},{\"@type\":\"ListItem\",\"position\":2,\"name\":\"Contact\"}]},{\"@type\":\"WebSite\",\"@id\":\"https:\/\/bioenergostims.eu\/#website\",\"url\":\"https:\/\/bioenergostims.eu\/\",\"name\":\"BIOENERGOSTIMS e-shop\",\"description\":\"BIOENERGOSTIMS EnergySelenium\",\"publisher\":{\"@id\":\"https:\/\/bioenergostims.eu\/#organization\"},\"potentialAction\":[{\"@type\":\"SearchAction\",\"target\":{\"@type\":\"EntryPoint\",\"urlTemplate\":\"https:\/\/bioenergostims.eu\/?s={search_term_string}\"},\"query-input\":{\"@type\":\"PropertyValueSpecification\",\"valueRequired\":true,\"valueName\":\"search_term_string\"}}],\"inLanguage\":\"ru-RU\"},{\"@type\":\"Organization\",\"@id\":\"https:\/\/bioenergostims.eu\/#organization\",\"name\":\"BIOENERGOSTIMS e-shop\",\"url\":\"https:\/\/bioenergostims.eu\/\",\"logo\":{\"@type\":\"ImageObject\",\"inLanguage\":\"ru-RU\",\"@id\":\"https:\/\/bioenergostims.eu\/#\/schema\/logo\/image\/\",\"url\":\"https:\/\/bioenergostims.eu\/wp-content\/uploads\/2024\/06\/Screenshot-2024-07-04-160517.png\",\"contentUrl\":\"https:\/\/bioenergostims.eu\/wp-content\/uploads\/2024\/06\/Screenshot-2024-07-04-160517.png\",\"width\":380,\"height\":116,\"caption\":\"BIOENERGOSTIMS e-shop\"},\"image\":{\"@id\":\"https:\/\/bioenergostims.eu\/#\/schema\/logo\/image\/\"}}]}<\/script>\n<!-- \/ Yoast SEO Premium plugin. -->","yoast_head_json":{"title":"\u041a\u043e\u043d\u0442\u0430\u043a\u0442\u044b - \u0438\u043d\u0442\u0435\u0440\u043d\u0435\u0442-\u043c\u0430\u0433\u0430\u0437\u0438\u043d \u0411\u0418\u041e\u042d\u041d\u0415\u0420\u0413\u041e\u0421\u0422\u0418\u041c\u0421","robots":{"index":"index","follow":"follow","max-snippet":"max-snippet:-1","max-image-preview":"max-image-preview:large","max-video-preview":"max-video-preview:-1"},"canonical":"https:\/\/bioenergostims.eu\/ru\/contact-2\/","og_locale":"ru_RU","og_type":"article","og_title":"Contact","og_description":"Sazinies ar mums! M\u0113s veicam pieg\u0101di uz Eiropas Savien\u012bbas valst\u012bm, UK un EEZ. Par cit\u0101m pieg\u0101des iesp\u0113jam l\u016bdzu sazin\u0101ties ar m\u016bsu komandu. Pieprasiet produktus vesel\u012bbas veikalos, lab\u0101kaj\u0101s Latvijas aptiek\u0101s un M\u0112NESS aptieku t\u012bkl\u0101 vai pie m\u016bsu partneriem. Jaut\u0101jiet savam \u0123imenes \u0101rstam. Produktus var iegad\u0101ties ra\u017eot\u0101ja konsultat\u012bvaj\u0101 noda\u013c\u0101 R\u012bg\u0101, P\u0113rses iel\u0101 16 \u2013 204., darbadien\u0101s no [&hellip;]","og_url":"https:\/\/bioenergostims.eu\/ru\/contact-2\/","og_site_name":"BIOENERGOSTIMS e-shop","article_modified_time":"2025-08-20T12:51:19+00:00","twitter_card":"summary_large_image","twitter_misc":{"\u041f\u0440\u0438\u043c\u0435\u0440\u043d\u043e\u0435 \u0432\u0440\u0435\u043c\u044f \u0434\u043b\u044f \u0447\u0442\u0435\u043d\u0438\u044f":"1 \u043c\u0438\u043d\u0443\u0442\u0430"},"schema":{"@context":"https:\/\/schema.org","@graph":[{"@type":"WebPage","@id":"https:\/\/bioenergostims.eu\/contact-2\/","url":"https:\/\/bioenergostims.eu\/contact-2\/","name":"\u041a\u043e\u043d\u0442\u0430\u043a\u0442\u044b - \u0438\u043d\u0442\u0435\u0440\u043d\u0435\u0442-\u043c\u0430\u0433\u0430\u0437\u0438\u043d \u0411\u0418\u041e\u042d\u041d\u0415\u0420\u0413\u041e\u0421\u0422\u0418\u041c\u0421","isPartOf":{"@id":"https:\/\/bioenergostims.eu\/#website"},"datePublished":"2024-06-16T07:52:48+00:00","dateModified":"2025-08-20T12:51:19+00:00","breadcrumb":{"@id":"https:\/\/bioenergostims.eu\/contact-2\/#breadcrumb"},"inLanguage":"ru-RU","potentialAction":[{"@type":"ReadAction","target":["https:\/\/bioenergostims.eu\/contact-2\/"]}]},{"@type":"BreadcrumbList","@id":"https:\/\/bioenergostims.eu\/contact-2\/#breadcrumb","itemListElement":[{"@type":"ListItem","position":1,"name":"Home","item":"https:\/\/bioenergostims.eu\/"},{"@type":"ListItem","position":2,"name":"Contact"}]},{"@type":"WebSite","@id":"https:\/\/bioenergostims.eu\/#website","url":"https:\/\/bioenergostims.eu\/","name":"\u0418\u043d\u0442\u0435\u0440\u043d\u0435\u0442-\u043c\u0430\u0433\u0430\u0437\u0438\u043d BIOENERGOSTIMS","description":"\u0411\u0418\u041e\u042d\u041d\u0415\u0420\u0413\u041e\u0421\u0422\u0418\u041c\u0423\u041b\u042b \u042d\u043d\u0435\u0440\u0433\u0438\u044f\u0421\u0435\u043b\u0435\u043d","publisher":{"@id":"https:\/\/bioenergostims.eu\/#organization"},"potentialAction":[{"@type":"SearchAction","target":{"@type":"EntryPoint","urlTemplate":"https:\/\/bioenergostims.eu\/?s={search_term_string}"},"query-input":{"@type":"PropertyValueSpecification","valueRequired":true,"valueName":"search_term_string"}}],"inLanguage":"ru-RU"},{"@type":"Organization","@id":"https:\/\/bioenergostims.eu\/#organization","name":"\u0418\u043d\u0442\u0435\u0440\u043d\u0435\u0442-\u043c\u0430\u0433\u0430\u0437\u0438\u043d BIOENERGOSTIMS","url":"https:\/\/bioenergostims.eu\/","logo":{"@type":"ImageObject","inLanguage":"ru-RU","@id":"https:\/\/bioenergostims.eu\/#\/schema\/logo\/image\/","url":"https:\/\/bioenergostims.eu\/wp-content\/uploads\/2024\/06\/Screenshot-2024-07-04-160517.png","contentUrl":"https:\/\/bioenergostims.eu\/wp-content\/uploads\/2024\/06\/Screenshot-2024-07-04-160517.png","width":380,"height":116,"caption":"BIOENERGOSTIMS e-shop"},"image":{"@id":"https:\/\/bioenergostims.eu\/#\/schema\/logo\/image\/"}}]}},"_links":{"self":[{"href":"https:\/\/bioenergostims.eu\/ru\/wp-json\/wp\/v2\/pages\/55","targetHints":{"allow":["GET"]}}],"collection":[{"href":"https:\/\/bioenergostims.eu\/ru\/wp-json\/wp\/v2\/pages"}],"about":[{"href":"https:\/\/bioenergostims.eu\/ru\/wp-json\/wp\/v2\/types\/page"}],"author":[{"embeddable":true,"href":"https:\/\/bioenergostims.eu\/ru\/wp-json\/wp\/v2\/users\/1"}],"replies":[{"embeddable":true,"href":"https:\/\/bioenergostims.eu\/ru\/wp-json\/wp\/v2\/comments?post=55"}],"version-history":[{"count":0,"href":"https:\/\/bioenergostims.eu\/ru\/wp-json\/wp\/v2\/pages\/55\/revisions"}],"wp:attachment":[{"href":"https:\/\/bioenergostims.eu\/ru\/wp-json\/wp\/v2\/media?parent=55"}],"curies":[{"name":"wp","href":"https:\/\/api.w.org\/{rel}","templated":true}]}}