{"id":993,"date":"2024-07-17T10:52:18","date_gmt":"2024-07-17T10:52:18","guid":{"rendered":"https:\/\/bioenergostims.eu\/posts\/"},"modified":"2025-08-27T10:33:21","modified_gmt":"2025-08-27T10:33:21","slug":"%d0%bf%d0%be%d1%81%d1%82%d1%8b","status":"publish","type":"page","link":"https:\/\/bioenergostims.eu\/ru\/%d0%bf%d0%be%d1%81%d1%82%d1%8b\/","title":{"rendered":"Posts For doctors"},"content":{"rendered":"<div data-elementor-type=\"wp-page\" data-elementor-id=\"993\" class=\"elementor elementor-993\" data-elementor-post-type=\"page\">\n\t\t\t\t<div class=\"elementor-element elementor-element-c41bd5a e-con-full e-flex e-con e-parent\" data-id=\"c41bd5a\" data-element_type=\"container\" data-e-type=\"container\">\n\t\t\t\t<div class=\"elementor-element elementor-element-71caeac elementor-posts--align-left elementor-grid-3 elementor-grid-tablet-2 elementor-grid-mobile-1 elementor-posts--thumbnail-top elementor-card-shadow-yes elementor-posts__hover-gradient elementor-widget elementor-widget-posts\" data-id=\"71caeac\" data-element_type=\"widget\" data-e-type=\"widget\" data-settings=\"{&quot;pagination_type&quot;:&quot;load_more_infinite_scroll&quot;,&quot;cards_columns&quot;:&quot;3&quot;,&quot;cards_columns_tablet&quot;:&quot;2&quot;,&quot;cards_columns_mobile&quot;:&quot;1&quot;,&quot;cards_row_gap&quot;:{&quot;unit&quot;:&quot;px&quot;,&quot;size&quot;:35,&quot;sizes&quot;:[]},&quot;cards_row_gap_tablet&quot;:{&quot;unit&quot;:&quot;px&quot;,&quot;size&quot;:&quot;&quot;,&quot;sizes&quot;:[]},&quot;cards_row_gap_mobile&quot;:{&quot;unit&quot;:&quot;px&quot;,&quot;size&quot;:&quot;&quot;,&quot;sizes&quot;:[]},&quot;load_more_spinner&quot;:{&quot;value&quot;:&quot;fas fa-spinner&quot;,&quot;library&quot;:&quot;fa-solid&quot;}}\" data-widget_type=\"posts.cards\">\n\t\t\t\t<div class=\"elementor-widget-container\">\n\t\t\t\t\t\t\t<div class=\"elementor-posts-container elementor-posts elementor-posts--skin-cards elementor-grid\" role=\"list\">\n\t\t\t\t<article class=\"elementor-post elementor-grid-item post-12057 post type-post status-publish format-standard has-post-thumbnail hentry category-petijumi\" role=\"listitem\">\n\t\t\t<div class=\"elementor-post__card\">\n\t\t\t\t<a class=\"elementor-post__thumbnail__link\" href=\"https:\/\/bioenergostims.eu\/ru\/%d0%ba%d0%bb%d0%b8%d0%bd%d0%b8%d1%87%d0%b5%d1%81%d0%ba%d0%be%d0%b5-%d0%b8%d1%81%d1%81%d0%bb%d0%b5%d0%b4%d0%be%d0%b2%d0%b0%d0%bd%d0%b8%d0%b5-%d1%8d%d1%84%d1%84%d0%b5%d0%ba%d1%82%d0%b8%d0%b2%d0%bd%d0%be\/\" tabindex=\"-1\" ><div class=\"elementor-post__thumbnail\"><img fetchpriority=\"high\" decoding=\"async\" width=\"575\" height=\"830\" src=\"https:\/\/bioenergostims.eu\/wp-content\/uploads\/2024\/10\/Screenshot-2024-10-21-141948.jpg\" class=\"attachment-large size-large wp-image-12063\" alt=\"\" srcset=\"https:\/\/bioenergostims.eu\/wp-content\/uploads\/2024\/10\/Screenshot-2024-10-21-141948.jpg 575w, https:\/\/bioenergostims.eu\/wp-content\/uploads\/2024\/10\/Screenshot-2024-10-21-141948-208x300.jpg 208w\" sizes=\"(max-width: 575px) 100vw, 575px\" \/><\/div><\/a>\n\t\t\t\t<div class=\"elementor-post__badge\">\u0418\u0441\u0441\u043b\u0435\u0434\u043e\u0432\u0430\u043d\u0438\u0435<\/div>\n\t\t\t\t<div class=\"elementor-post__text\">\n\t\t\t\t<div class=\"elementor-post__excerpt\">\n\t\t\t<p>\u0417\u043d\u0430\u0435\u0442\u0435 \u043b\u0438 \u0432\u044b, \u0447\u0442\u043e \u0430\u043a\u0442\u0438\u0432\u043d\u044b\u0435 \u0432\u0435\u0449\u0435\u0441\u0442\u0432\u0430 \u0441\u0435\u043b\u0435\u043d\u0430 \u043c\u043e\u0433\u0443\u0442 \u0432\u043b\u0438\u044f\u0442\u044c \u043d\u0430 \u0432\u0430\u0448\u0435 \u0437\u0434\u043e\u0440\u043e\u0432\u044c\u0435? \u041d\u0430\u0448\u0435 \u043a\u043b\u0438\u043d\u0438\u0447\u0435\u0441\u043a\u043e\u0435 \u0438\u0441\u0441\u043b\u0435\u0434\u043e\u0432\u0430\u043d\u0438\u0435 \u0432\u044b\u044f\u0432\u0438\u043b\u043e \u043f\u043e\u0442\u0435\u043d\u0446\u0438\u0430\u043b\u044c\u043d\u0443\u044e \u044d\u0444\u0444\u0435\u043a\u0442\u0438\u0432\u043d\u043e\u0441\u0442\u044c \u0440\u0430\u0437\u043b\u0438\u0447\u043d\u044b\u0445 \u043a\u043e\u043c\u0431\u0438\u043d\u0430\u0446\u0438\u0439 \u0441\u0435\u043b\u0435\u043d\u0430.<\/p>\n\t\t<\/div>\n\t\t\n\t\t<a class=\"elementor-post__read-more\" href=\"https:\/\/bioenergostims.eu\/ru\/%d0%ba%d0%bb%d0%b8%d0%bd%d0%b8%d1%87%d0%b5%d1%81%d0%ba%d0%be%d0%b5-%d0%b8%d1%81%d1%81%d0%bb%d0%b5%d0%b4%d0%be%d0%b2%d0%b0%d0%bd%d0%b8%d0%b5-%d1%8d%d1%84%d1%84%d0%b5%d0%ba%d1%82%d0%b8%d0%b2%d0%bd%d0%be\/\" aria-label=\"Read more about Kl\u012bnisks p\u0113t\u012bjums: Sel\u0113na potenci\u0101l\u0101 efektivit\u0101te atkar\u012bb\u0101 no sel\u0113na akt\u012bvo vielu kombin\u0101cijas\" tabindex=\"-1\" >\n\t\t\t\u0423\u0437\u043d\u0430\u0442\u044c \u0431\u043e\u043b\u044c\u0448\u0435 \"\t\t<\/a>\n\n\t\t\t\t<\/div>\n\t\t\t\t<div class=\"elementor-post__meta-data\">\n\t\t\t\t\t<span class=\"elementor-post-date\">\n\t\t\t27 \u0430\u0432\u0433\u0443\u0441\u0442\u0430, 2025\t\t<\/span>\n\t\t\t\t<\/div>\n\t\t\t\t\t<\/div>\n\t\t<\/article>\n\t\t\t\t<article class=\"elementor-post elementor-grid-item post-12713 post type-post status-publish format-standard has-post-thumbnail hentry category-petijumi\" role=\"listitem\">\n\t\t\t<div class=\"elementor-post__card\">\n\t\t\t\t<a class=\"elementor-post__thumbnail__link\" href=\"https:\/\/bioenergostims.eu\/ru\/%d1%81%d1%82%d1%80%d0%b0%d1%82%d0%b5%d0%b3%d0%b8%d1%8f-%d0%bf%d1%80%d0%be%d1%84%d0%b8%d0%bb%d0%b0%d0%ba%d1%82%d0%b8%d0%ba%d0%b8-%d1%81%d0%b5%d0%bb%d0%b5%d0%bd%d0%b4%d0%b5%d0%bd%d0%b8%d1%84%d0%b8%d0%ba\/\" tabindex=\"-1\" ><div class=\"elementor-post__thumbnail\"><img decoding=\"async\" width=\"800\" height=\"671\" src=\"https:\/\/bioenergostims.eu\/wp-content\/uploads\/2024\/11\/selendeficita-strategija.jpg\" class=\"attachment-large size-large wp-image-12765\" alt=\"\u0441\u0442\u0440\u0430\u0442\u0435\u0433\u0438\u044f \u0431\u043e\u0440\u044c\u0431\u044b \u0441 \u0434\u0435\u0444\u0438\u0446\u0438\u0442\u043e\u043c \u0441\u0435\u043b\u0435\u043d\u0430\" srcset=\"https:\/\/bioenergostims.eu\/wp-content\/uploads\/2024\/11\/selendeficita-strategija.jpg 940w, https:\/\/bioenergostims.eu\/wp-content\/uploads\/2024\/11\/selendeficita-strategija-300x251.jpg 300w, https:\/\/bioenergostims.eu\/wp-content\/uploads\/2024\/11\/selendeficita-strategija-768x644.jpg 768w, https:\/\/bioenergostims.eu\/wp-content\/uploads\/2024\/11\/selendeficita-strategija-600x503.jpg 600w\" sizes=\"(max-width: 800px) 100vw, 800px\" \/><\/div><\/a>\n\t\t\t\t<div class=\"elementor-post__badge\">\u0418\u0441\u0441\u043b\u0435\u0434\u043e\u0432\u0430\u043d\u0438\u0435<\/div>\n\t\t\t\t<div class=\"elementor-post__text\">\n\t\t\t\t<div class=\"elementor-post__excerpt\">\n\t\t\t<p>\u0414\u0435\u0444\u0438\u0446\u0438\u0442 \u0441\u0435\u043b\u0435\u043d\u0430 - \u0441\u0435\u0440\u044c\u0435\u0437\u043d\u0430\u044f \u043f\u0440\u043e\u0431\u043b\u0435\u043c\u0430, \u0432\u043b\u0438\u044f\u044e\u0449\u0430\u044f \u043d\u0430 \u0437\u0434\u043e\u0440\u043e\u0432\u044c\u0435 \u0438 \u043a\u0430\u0447\u0435\u0441\u0442\u0432\u043e \u0436\u0438\u0437\u043d\u0438 \u0432 \u041b\u0430\u0442\u0432\u0438\u0438. \u0414\u0430\u043d\u043d\u0430\u044f \u0441\u0442\u0440\u0430\u0442\u0435\u0433\u0438\u044f \u043d\u0430\u043f\u0440\u0430\u0432\u043b\u0435\u043d\u0430 \u043d\u0430 \u043f\u0440\u0435\u0434\u043e\u0442\u0432\u0440\u0430\u0449\u0435\u043d\u0438\u0435 \u0434\u0435\u0444\u0438\u0446\u0438\u0442\u0430 \u0441\u0435\u043b\u0435\u043d\u0430 \u0441 \u0446\u0435\u043b\u044c\u044e \u0441\u043d\u0438\u0436\u0435\u043d\u0438\u044f \u0437\u0430\u0431\u043e\u043b\u0435\u0432\u0430\u0435\u043c\u043e\u0441\u0442\u0438 \u0441\u0435\u0440\u0434\u0435\u0447\u043d\u043e-\u0441\u043e\u0441\u0443\u0434\u0438\u0441\u0442\u044b\u043c\u0438, \u043e\u043d\u043a\u043e\u043b\u043e\u0433\u0438\u0447\u0435\u0441\u043a\u0438\u043c\u0438 \u0438 \u0434\u0440\u0443\u0433\u0438\u043c\u0438 \u0431\u043e\u043b\u0435\u0437\u043d\u044f\u043c\u0438. <\/p>\n\t\t<\/div>\n\t\t\n\t\t<a class=\"elementor-post__read-more\" href=\"https:\/\/bioenergostims.eu\/ru\/%d1%81%d1%82%d1%80%d0%b0%d1%82%d0%b5%d0%b3%d0%b8%d1%8f-%d0%bf%d1%80%d0%be%d1%84%d0%b8%d0%bb%d0%b0%d0%ba%d1%82%d0%b8%d0%ba%d0%b8-%d1%81%d0%b5%d0%bb%d0%b5%d0%bd%d0%b4%d0%b5%d0%bd%d0%b8%d1%84%d0%b8%d0%ba\/\" aria-label=\"Read more about Sel\u0113ndefic\u012bta un t\u0101 seku profilakses strat\u0113\u0123ija Latvij\u0101 (2024)\" tabindex=\"-1\" >\n\t\t\t\u0423\u0437\u043d\u0430\u0442\u044c \u0431\u043e\u043b\u044c\u0448\u0435 \"\t\t<\/a>\n\n\t\t\t\t<\/div>\n\t\t\t\t<div class=\"elementor-post__meta-data\">\n\t\t\t\t\t<span class=\"elementor-post-date\">\n\t\t\t25 \u043d\u043e\u044f\u0431\u0440\u044f 2024 \u0433\u043e\u0434\u0430\t\t<\/span>\n\t\t\t\t<\/div>\n\t\t\t\t\t<\/div>\n\t\t<\/article>\n\t\t\t\t<\/div>\n\t\t\t\t\t<span class=\"e-load-more-spinner\">\n\t\t\t\t<svg aria-hidden=\"true\" class=\"e-font-icon-svg e-fas-spinner\" viewbox=\"0 0 512 512\" xmlns=\"http:\/\/www.w3.org\/2000\/svg\"><path d=\"M304 48c0 26.51-21.49 48-48 48s-48-21.49-48-48 21.49-48 48-48 48 21.49 48 48zm-48 368c-26.51 0-48 21.49-48 48s21.49 48 48 48 48-21.49 48-48-21.49-48-48-48zm208-208c-26.51 0-48 21.49-48 48s21.49 48 48 48 48-21.49 48-48-21.49-48-48-48zM96 256c0-26.51-21.49-48-48-48S0 229.49 0 256s21.49 48 48 48 48-21.49 48-48zm12.922 99.078c-26.51 0-48 21.49-48 48s21.49 48 48 48 48-21.49 48-48c0-26.509-21.491-48-48-48zm294.156 0c-26.51 0-48 21.49-48 48s21.49 48 48 48 48-21.49 48-48c0-26.509-21.49-48-48-48zM108.922 60.922c-26.51 0-48 21.49-48 48s21.49 48 48 48 48-21.49 48-48-21.491-48-48-48z\"><\/path><\/svg>\t\t\t<\/span>\n\t\t\n\t\t\t\t\t\t<\/div>\n\t\t\t\t<\/div>\n\t\t\t\t<\/div>\n\t\t\t\t<\/div>","protected":false},"excerpt":{"rendered":"","protected":false},"author":1,"featured_media":0,"parent":0,"menu_order":0,"comment_status":"closed","ping_status":"closed","template":"","meta":{"footnotes":""},"class_list":["post-993","page","type-page","status-publish","hentry"],"yoast_head":"<!-- This site is optimized with the Yoast SEO Premium plugin v24.8 (Yoast SEO v24.8) - https:\/\/yoast.com\/wordpress\/plugins\/seo\/ -->\n<title>Posts \u0100rstiem - BIOENERGOSTIMS e-shop<\/title>\n<meta name=\"robots\" content=\"index, follow, max-snippet:-1, max-image-preview:large, max-video-preview:-1\" \/>\n<link rel=\"canonical\" href=\"https:\/\/bioenergostims.eu\/ru\/\u043f\u043e\u0441\u0442\u044b\/\" \/>\n<meta property=\"og:locale\" content=\"ru_RU\" \/>\n<meta property=\"og:type\" content=\"article\" \/>\n<meta property=\"og:title\" content=\"Posts \u0100rstiem\" \/>\n<meta property=\"og:url\" content=\"https:\/\/bioenergostims.eu\/ru\/\u043f\u043e\u0441\u0442\u044b\/\" \/>\n<meta property=\"og:site_name\" content=\"BIOENERGOSTIMS e-shop\" \/>\n<meta property=\"article:modified_time\" content=\"2025-08-27T10:33:21+00:00\" \/>\n<meta name=\"twitter:card\" content=\"summary_large_image\" \/>\n<meta name=\"twitter:label1\" content=\"\u041f\u0440\u0438\u043c\u0435\u0440\u043d\u043e\u0435 \u0432\u0440\u0435\u043c\u044f \u0434\u043b\u044f \u0447\u0442\u0435\u043d\u0438\u044f\" \/>\n\t<meta name=\"twitter:data1\" content=\"1 \u043c\u0438\u043d\u0443\u0442\u0430\" \/>\n<script type=\"application\/ld+json\" class=\"yoast-schema-graph\">{\"@context\":\"https:\/\/schema.org\",\"@graph\":[{\"@type\":\"WebPage\",\"@id\":\"https:\/\/bioenergostims.eu\/posts\/\",\"url\":\"https:\/\/bioenergostims.eu\/posts\/\",\"name\":\"Posts \u0100rstiem - BIOENERGOSTIMS e-shop\",\"isPartOf\":{\"@id\":\"https:\/\/bioenergostims.eu\/#website\"},\"datePublished\":\"2024-07-17T10:52:18+00:00\",\"dateModified\":\"2025-08-27T10:33:21+00:00\",\"breadcrumb\":{\"@id\":\"https:\/\/bioenergostims.eu\/posts\/#breadcrumb\"},\"inLanguage\":\"ru-RU\",\"potentialAction\":[{\"@type\":\"ReadAction\",\"target\":[\"https:\/\/bioenergostims.eu\/posts\/\"]}]},{\"@type\":\"BreadcrumbList\",\"@id\":\"https:\/\/bioenergostims.eu\/posts\/#breadcrumb\",\"itemListElement\":[{\"@type\":\"ListItem\",\"position\":1,\"name\":\"Home\",\"item\":\"https:\/\/bioenergostims.eu\/\"},{\"@type\":\"ListItem\",\"position\":2,\"name\":\"Posts \u0100rstiem\"}]},{\"@type\":\"WebSite\",\"@id\":\"https:\/\/bioenergostims.eu\/#website\",\"url\":\"https:\/\/bioenergostims.eu\/\",\"name\":\"BIOENERGOSTIMS e-shop\",\"description\":\"BIOENERGOSTIMS EnergySelenium\",\"publisher\":{\"@id\":\"https:\/\/bioenergostims.eu\/#organization\"},\"potentialAction\":[{\"@type\":\"SearchAction\",\"target\":{\"@type\":\"EntryPoint\",\"urlTemplate\":\"https:\/\/bioenergostims.eu\/?s={search_term_string}\"},\"query-input\":{\"@type\":\"PropertyValueSpecification\",\"valueRequired\":true,\"valueName\":\"search_term_string\"}}],\"inLanguage\":\"ru-RU\"},{\"@type\":\"Organization\",\"@id\":\"https:\/\/bioenergostims.eu\/#organization\",\"name\":\"BIOENERGOSTIMS e-shop\",\"url\":\"https:\/\/bioenergostims.eu\/\",\"logo\":{\"@type\":\"ImageObject\",\"inLanguage\":\"ru-RU\",\"@id\":\"https:\/\/bioenergostims.eu\/#\/schema\/logo\/image\/\",\"url\":\"https:\/\/bioenergostims.eu\/wp-content\/uploads\/2024\/06\/Screenshot-2024-07-04-160517.png\",\"contentUrl\":\"https:\/\/bioenergostims.eu\/wp-content\/uploads\/2024\/06\/Screenshot-2024-07-04-160517.png\",\"width\":380,\"height\":116,\"caption\":\"BIOENERGOSTIMS e-shop\"},\"image\":{\"@id\":\"https:\/\/bioenergostims.eu\/#\/schema\/logo\/image\/\"}}]}<\/script>\n<!-- \/ Yoast SEO Premium plugin. -->","yoast_head_json":{"title":"\u041f\u043e\u0441\u0442\u044b \u0434\u043b\u044f \u0432\u0440\u0430\u0447\u0435\u0439 - \u0438\u043d\u0442\u0435\u0440\u043d\u0435\u0442-\u043c\u0430\u0433\u0430\u0437\u0438\u043d BIOENERGOSTIMS","robots":{"index":"index","follow":"follow","max-snippet":"max-snippet:-1","max-image-preview":"max-image-preview:large","max-video-preview":"max-video-preview:-1"},"canonical":"https:\/\/bioenergostims.eu\/ru\/\u043f\u043e\u0441\u0442\u044b\/","og_locale":"ru_RU","og_type":"article","og_title":"Posts \u0100rstiem","og_url":"https:\/\/bioenergostims.eu\/ru\/\u043f\u043e\u0441\u0442\u044b\/","og_site_name":"BIOENERGOSTIMS e-shop","article_modified_time":"2025-08-27T10:33:21+00:00","twitter_card":"summary_large_image","twitter_misc":{"\u041f\u0440\u0438\u043c\u0435\u0440\u043d\u043e\u0435 \u0432\u0440\u0435\u043c\u044f \u0434\u043b\u044f \u0447\u0442\u0435\u043d\u0438\u044f":"1 \u043c\u0438\u043d\u0443\u0442\u0430"},"schema":{"@context":"https:\/\/schema.org","@graph":[{"@type":"WebPage","@id":"https:\/\/bioenergostims.eu\/posts\/","url":"https:\/\/bioenergostims.eu\/posts\/","name":"\u041f\u043e\u0441\u0442\u044b \u0434\u043b\u044f \u0432\u0440\u0430\u0447\u0435\u0439 - \u0438\u043d\u0442\u0435\u0440\u043d\u0435\u0442-\u043c\u0430\u0433\u0430\u0437\u0438\u043d BIOENERGOSTIMS","isPartOf":{"@id":"https:\/\/bioenergostims.eu\/#website"},"datePublished":"2024-07-17T10:52:18+00:00","dateModified":"2025-08-27T10:33:21+00:00","breadcrumb":{"@id":"https:\/\/bioenergostims.eu\/posts\/#breadcrumb"},"inLanguage":"ru-RU","potentialAction":[{"@type":"ReadAction","target":["https:\/\/bioenergostims.eu\/posts\/"]}]},{"@type":"BreadcrumbList","@id":"https:\/\/bioenergostims.eu\/posts\/#breadcrumb","itemListElement":[{"@type":"ListItem","position":1,"name":"Home","item":"https:\/\/bioenergostims.eu\/"},{"@type":"ListItem","position":2,"name":"Posts \u0100rstiem"}]},{"@type":"WebSite","@id":"https:\/\/bioenergostims.eu\/#website","url":"https:\/\/bioenergostims.eu\/","name":"\u0418\u043d\u0442\u0435\u0440\u043d\u0435\u0442-\u043c\u0430\u0433\u0430\u0437\u0438\u043d BIOENERGOSTIMS","description":"\u0411\u0418\u041e\u042d\u041d\u0415\u0420\u0413\u041e\u0421\u0422\u0418\u041c\u0423\u041b\u042b \u042d\u043d\u0435\u0440\u0433\u0438\u044f\u0421\u0435\u043b\u0435\u043d","publisher":{"@id":"https:\/\/bioenergostims.eu\/#organization"},"potentialAction":[{"@type":"SearchAction","target":{"@type":"EntryPoint","urlTemplate":"https:\/\/bioenergostims.eu\/?s={search_term_string}"},"query-input":{"@type":"PropertyValueSpecification","valueRequired":true,"valueName":"search_term_string"}}],"inLanguage":"ru-RU"},{"@type":"Organization","@id":"https:\/\/bioenergostims.eu\/#organization","name":"\u0418\u043d\u0442\u0435\u0440\u043d\u0435\u0442-\u043c\u0430\u0433\u0430\u0437\u0438\u043d BIOENERGOSTIMS","url":"https:\/\/bioenergostims.eu\/","logo":{"@type":"ImageObject","inLanguage":"ru-RU","@id":"https:\/\/bioenergostims.eu\/#\/schema\/logo\/image\/","url":"https:\/\/bioenergostims.eu\/wp-content\/uploads\/2024\/06\/Screenshot-2024-07-04-160517.png","contentUrl":"https:\/\/bioenergostims.eu\/wp-content\/uploads\/2024\/06\/Screenshot-2024-07-04-160517.png","width":380,"height":116,"caption":"BIOENERGOSTIMS e-shop"},"image":{"@id":"https:\/\/bioenergostims.eu\/#\/schema\/logo\/image\/"}}]}},"_links":{"self":[{"href":"https:\/\/bioenergostims.eu\/ru\/wp-json\/wp\/v2\/pages\/993","targetHints":{"allow":["GET"]}}],"collection":[{"href":"https:\/\/bioenergostims.eu\/ru\/wp-json\/wp\/v2\/pages"}],"about":[{"href":"https:\/\/bioenergostims.eu\/ru\/wp-json\/wp\/v2\/types\/page"}],"author":[{"embeddable":true,"href":"https:\/\/bioenergostims.eu\/ru\/wp-json\/wp\/v2\/users\/1"}],"replies":[{"embeddable":true,"href":"https:\/\/bioenergostims.eu\/ru\/wp-json\/wp\/v2\/comments?post=993"}],"version-history":[{"count":0,"href":"https:\/\/bioenergostims.eu\/ru\/wp-json\/wp\/v2\/pages\/993\/revisions"}],"wp:attachment":[{"href":"https:\/\/bioenergostims.eu\/ru\/wp-json\/wp\/v2\/media?parent=993"}],"curies":[{"name":"wp","href":"https:\/\/api.w.org\/{rel}","templated":true}]}}