{"id":407,"date":"2025-08-09T11:42:19","date_gmt":"2025-08-09T11:42:19","guid":{"rendered":"https:\/\/bioenergostims.eu\/?post_type=product&#038;p=407"},"modified":"2026-02-27T13:26:55","modified_gmt":"2026-02-27T13:26:55","slug":"bioenergostims-oligo-selenium","status":"publish","type":"product","link":"https:\/\/bioenergostims.eu\/ru\/product-2\/bioenergostims-oligo-selenium\/","title":{"rendered":"BIOENERGOSTIMS UltraTop"},"content":{"rendered":"","protected":false},"excerpt":{"rendered":"<h3><strong>375 \u0441\u0443\u0442\u043e\u0447\u043d\u044b\u0445 \u0434\u043e\u0437<\/strong><\/h3>\n<p><strong>BIOENERGOSTIMS \u0441 EnergySelenium - \u0435\u0434\u0438\u043d\u0441\u0442\u0432\u0435\u043d\u043d\u044b\u0439 \u0432 \u043c\u0438\u0440\u0435 \u043f\u0440\u043e\u0434\u0443\u043a\u0442 \u0441 \u0433\u0430\u0440\u0430\u043d\u0442\u0438\u0440\u043e\u0432\u0430\u043d\u043d\u043e\u0439 \u0434\u043e\u0437\u043e\u0439 \u0431\u0438\u043e\u0434\u043e\u0441\u0442\u0443\u043f\u043d\u043e\u0433\u043e \u0441\u0435\u043b\u0435\u043d\u0430.<\/strong><\/p>\n<p>\u0421\u043e\u0434\u0435\u0440\u0436\u0438\u0442 Oligo-Selenium - \u043d\u0435\u0441\u043a\u043e\u043b\u044c\u043a\u043e \u043f\u0438\u0449\u0435\u0432\u044b\u0445 \u0444\u043e\u0440\u043c \u0441\u0435\u043b\u0435\u043d\u0430, \u0441\u0438\u043d\u0435\u0440\u0433\u0438\u0447\u0435\u0441\u043a\u0438 \u043e\u0431\u044a\u0435\u0434\u0438\u043d\u0435\u043d\u043d\u044b\u0445 \u0434\u043b\u044f \u0431\u043e\u043b\u044c\u0448\u0435\u0439 \u044d\u0444\u0444\u0435\u043a\u0442\u0438\u0432\u043d\u043e\u0441\u0442\u0438.<\/p>\n<p>Food-Grade TopPure \u041f\u0438\u0449\u0435\u0432\u044b\u0435 \u0444\u043e\u0440\u043c\u044b \u0441\u0435\u043b\u0435\u043d\u0430 \u043d\u0430\u0443\u0447\u043d\u043e \u043e\u0431\u043e\u0441\u043d\u043e\u0432\u0430\u043d\u044b \u0438 \u043a\u043b\u0438\u043d\u0438\u0447\u0435\u0441\u043a\u0438 \u043f\u0440\u043e\u0432\u0435\u0440\u0435\u043d\u044b \u0438 \u0441\u043e\u0434\u0435\u0440\u0436\u0430\u0442 100% \u0432 \u0440\u0430\u0441\u0442\u0432\u043e\u0440\u0438\u043c\u043e\u043c \u0438 100% \u0432 \u0438\u043e\u043d\u0438\u0437\u0438\u0440\u043e\u0432\u0430\u043d\u043d\u043e\u043c \u0441\u043e\u0441\u0442\u043e\u044f\u043d\u0438\u0438.<\/p>\n<p><em>\u0414\u0430\u0442\u0430 \u0438\u0441\u0442\u0435\u0447\u0435\u043d\u0438\u044f \u0441\u0440\u043e\u043a\u0430 \u0433\u043e\u0434\u043d\u043e\u0441\u0442\u0438 \u043f\u0430\u0440\u0442\u0438\u0438: 01.2029<\/em><\/p>","protected":false},"featured_media":14267,"template":"","meta":[],"product_brand":[],"product_cat":[15],"product_tag":[35],"class_list":{"0":"post-407","1":"product","2":"type-product","3":"status-publish","4":"has-post-thumbnail","6":"product_cat-bioenergostims","7":"product_tag-bioenergostims","9":"first","10":"instock","11":"sale","12":"taxable","13":"shipping-taxable","14":"purchasable","15":"product-type-simple"},"yoast_head":"<!-- This site is optimized with the Yoast SEO Premium plugin v24.8 (Yoast SEO v24.8) - https:\/\/yoast.com\/wordpress\/plugins\/seo\/ -->\n<title>BIOENERGOSTIMS UltraTop - BIOENERGOSTIMS e-shop<\/title>\n<meta name=\"description\" content=\"BIOENERGOSTIMS ar EnergySelenium, 375 dienas devas, Garant\u0113ts biolo\u0123iski izmantojams sel\u0113ns dev\u0101. Oligo-Selenium formula maksim\u0101lai efektivit\u0101tei.\" \/>\n<meta name=\"robots\" content=\"index, follow, max-snippet:-1, max-image-preview:large, max-video-preview:-1\" \/>\n<link rel=\"canonical\" href=\"https:\/\/bioenergostims.eu\/ru\/product-2\/bioenergostims-oligo-selenium\/\" \/>\n<meta property=\"og:locale\" content=\"ru_RU\" \/>\n<meta property=\"og:type\" content=\"article\" \/>\n<meta property=\"og:title\" content=\"BIOENERGOSTIMS UltraTop\" \/>\n<meta property=\"og:description\" content=\"BIOENERGOSTIMS ar EnergySelenium, 375 dienas devas, Garant\u0113ts biolo\u0123iski izmantojams sel\u0113ns dev\u0101. Oligo-Selenium formula maksim\u0101lai efektivit\u0101tei.\" \/>\n<meta property=\"og:url\" content=\"https:\/\/bioenergostims.eu\/ru\/product-2\/bioenergostims-oligo-selenium\/\" \/>\n<meta property=\"og:site_name\" content=\"BIOENERGOSTIMS e-shop\" \/>\n<meta property=\"article:modified_time\" content=\"2026-02-27T13:26:55+00:00\" \/>\n<meta property=\"og:image\" content=\"https:\/\/bioenergostims.eu\/wp-content\/uploads\/2025\/08\/foto_Inese_Kalnina-0006.jpg\" \/>\n\t<meta property=\"og:image:width\" content=\"667\" \/>\n\t<meta property=\"og:image:height\" content=\"1000\" \/>\n\t<meta property=\"og:image:type\" content=\"image\/jpeg\" \/>\n<meta name=\"twitter:card\" content=\"summary_large_image\" \/>\n<meta name=\"twitter:label1\" content=\"\u041f\u0440\u0438\u043c\u0435\u0440\u043d\u043e\u0435 \u0432\u0440\u0435\u043c\u044f \u0434\u043b\u044f \u0447\u0442\u0435\u043d\u0438\u044f\" \/>\n\t<meta name=\"twitter:data1\" content=\"1 \u043c\u0438\u043d\u0443\u0442\u0430\" \/>\n<script type=\"application\/ld+json\" class=\"yoast-schema-graph\">{\"@context\":\"https:\/\/schema.org\",\"@graph\":[{\"@type\":\"WebPage\",\"@id\":\"https:\/\/bioenergostims.eu\/product\/bioenergostims-oligo-selenium\/\",\"url\":\"https:\/\/bioenergostims.eu\/product\/bioenergostims-oligo-selenium\/\",\"name\":\"BIOENERGOSTIMS UltraTop - BIOENERGOSTIMS e-shop\",\"isPartOf\":{\"@id\":\"https:\/\/bioenergostims.eu\/#website\"},\"primaryImageOfPage\":{\"@id\":\"https:\/\/bioenergostims.eu\/product\/bioenergostims-oligo-selenium\/#primaryimage\"},\"image\":{\"@id\":\"https:\/\/bioenergostims.eu\/product\/bioenergostims-oligo-selenium\/#primaryimage\"},\"thumbnailUrl\":\"https:\/\/bioenergostims.eu\/wp-content\/uploads\/2025\/08\/foto_Inese_Kalnina-0006.jpg\",\"datePublished\":\"2025-08-09T11:42:19+00:00\",\"dateModified\":\"2026-02-27T13:26:55+00:00\",\"description\":\"BIOENERGOSTIMS ar EnergySelenium, 375 dienas devas, Garant\u0113ts biolo\u0123iski izmantojams sel\u0113ns dev\u0101. Oligo-Selenium formula maksim\u0101lai efektivit\u0101tei.\",\"breadcrumb\":{\"@id\":\"https:\/\/bioenergostims.eu\/product\/bioenergostims-oligo-selenium\/#breadcrumb\"},\"inLanguage\":\"ru-RU\",\"potentialAction\":[{\"@type\":\"ReadAction\",\"target\":[\"https:\/\/bioenergostims.eu\/product\/bioenergostims-oligo-selenium\/\"]}]},{\"@type\":\"ImageObject\",\"inLanguage\":\"ru-RU\",\"@id\":\"https:\/\/bioenergostims.eu\/product\/bioenergostims-oligo-selenium\/#primaryimage\",\"url\":\"https:\/\/bioenergostims.eu\/wp-content\/uploads\/2025\/08\/foto_Inese_Kalnina-0006.jpg\",\"contentUrl\":\"https:\/\/bioenergostims.eu\/wp-content\/uploads\/2025\/08\/foto_Inese_Kalnina-0006.jpg\",\"width\":667,\"height\":1000,\"caption\":\"BIOENERGOSTIMS\"},{\"@type\":\"BreadcrumbList\",\"@id\":\"https:\/\/bioenergostims.eu\/product\/bioenergostims-oligo-selenium\/#breadcrumb\",\"itemListElement\":[{\"@type\":\"ListItem\",\"position\":1,\"name\":\"Home\",\"item\":\"https:\/\/bioenergostims.eu\/\"},{\"@type\":\"ListItem\",\"position\":2,\"name\":\"Sale Page\",\"item\":\"https:\/\/bioenergostims.eu\/lt\/sale-page\/\"},{\"@type\":\"ListItem\",\"position\":3,\"name\":\"BIOENERGOSTIMS UltraTop\"}]},{\"@type\":\"WebSite\",\"@id\":\"https:\/\/bioenergostims.eu\/#website\",\"url\":\"https:\/\/bioenergostims.eu\/\",\"name\":\"BIOENERGOSTIMS e-shop\",\"description\":\"BIOENERGOSTIMS EnergySelenium\",\"publisher\":{\"@id\":\"https:\/\/bioenergostims.eu\/#organization\"},\"potentialAction\":[{\"@type\":\"SearchAction\",\"target\":{\"@type\":\"EntryPoint\",\"urlTemplate\":\"https:\/\/bioenergostims.eu\/?s={search_term_string}\"},\"query-input\":{\"@type\":\"PropertyValueSpecification\",\"valueRequired\":true,\"valueName\":\"search_term_string\"}}],\"inLanguage\":\"ru-RU\"},{\"@type\":\"Organization\",\"@id\":\"https:\/\/bioenergostims.eu\/#organization\",\"name\":\"BIOENERGOSTIMS e-shop\",\"url\":\"https:\/\/bioenergostims.eu\/\",\"logo\":{\"@type\":\"ImageObject\",\"inLanguage\":\"ru-RU\",\"@id\":\"https:\/\/bioenergostims.eu\/#\/schema\/logo\/image\/\",\"url\":\"https:\/\/bioenergostims.eu\/wp-content\/uploads\/2024\/06\/Screenshot-2024-07-04-160517.png\",\"contentUrl\":\"https:\/\/bioenergostims.eu\/wp-content\/uploads\/2024\/06\/Screenshot-2024-07-04-160517.png\",\"width\":380,\"height\":116,\"caption\":\"BIOENERGOSTIMS e-shop\"},\"image\":{\"@id\":\"https:\/\/bioenergostims.eu\/#\/schema\/logo\/image\/\"}}]}<\/script>\n<!-- \/ Yoast SEO Premium plugin. -->","yoast_head_json":{"title":"BIOENERGOSTIMS UltraTop - \u0438\u043d\u0442\u0435\u0440\u043d\u0435\u0442-\u043c\u0430\u0433\u0430\u0437\u0438\u043d BIOENERGOSTIMS","description":"BIOENERGOSTIMS \u0441 EnergySelenium, 375 \u0441\u0443\u0442\u043e\u0447\u043d\u044b\u0445 \u0434\u043e\u0437, \u0433\u0430\u0440\u0430\u043d\u0442\u0438\u0440\u043e\u0432\u0430\u043d\u043d\u0430\u044f \u0431\u0438\u043e\u0434\u043e\u0441\u0442\u0443\u043f\u043d\u043e\u0441\u0442\u044c \u0441\u0435\u043b\u0435\u043d\u0430 \u043d\u0430 \u0434\u043e\u0437\u0443. \u041e\u043b\u0438\u0433\u043e-\u0441\u0435\u043b\u0435\u043d\u043e\u0432\u0430\u044f \u0444\u043e\u0440\u043c\u0443\u043b\u0430 \u0434\u043b\u044f \u043c\u0430\u043a\u0441\u0438\u043c\u0430\u043b\u044c\u043d\u043e\u0439 \u044d\u0444\u0444\u0435\u043a\u0442\u0438\u0432\u043d\u043e\u0441\u0442\u0438.","robots":{"index":"index","follow":"follow","max-snippet":"max-snippet:-1","max-image-preview":"max-image-preview:large","max-video-preview":"max-video-preview:-1"},"canonical":"https:\/\/bioenergostims.eu\/ru\/product-2\/bioenergostims-oligo-selenium\/","og_locale":"ru_RU","og_type":"article","og_title":"BIOENERGOSTIMS UltraTop","og_description":"BIOENERGOSTIMS ar EnergySelenium, 375 dienas devas, Garant\u0113ts biolo\u0123iski izmantojams sel\u0113ns dev\u0101. Oligo-Selenium formula maksim\u0101lai efektivit\u0101tei.","og_url":"https:\/\/bioenergostims.eu\/ru\/product-2\/bioenergostims-oligo-selenium\/","og_site_name":"BIOENERGOSTIMS e-shop","article_modified_time":"2026-02-27T13:26:55+00:00","og_image":[{"width":667,"height":1000,"url":"https:\/\/bioenergostims.eu\/wp-content\/uploads\/2025\/08\/foto_Inese_Kalnina-0006.jpg","type":"image\/jpeg"}],"twitter_card":"summary_large_image","twitter_misc":{"\u041f\u0440\u0438\u043c\u0435\u0440\u043d\u043e\u0435 \u0432\u0440\u0435\u043c\u044f \u0434\u043b\u044f \u0447\u0442\u0435\u043d\u0438\u044f":"1 \u043c\u0438\u043d\u0443\u0442\u0430"},"schema":{"@context":"https:\/\/schema.org","@graph":[{"@type":"WebPage","@id":"https:\/\/bioenergostims.eu\/product\/bioenergostims-oligo-selenium\/","url":"https:\/\/bioenergostims.eu\/product\/bioenergostims-oligo-selenium\/","name":"BIOENERGOSTIMS UltraTop - \u0438\u043d\u0442\u0435\u0440\u043d\u0435\u0442-\u043c\u0430\u0433\u0430\u0437\u0438\u043d BIOENERGOSTIMS","isPartOf":{"@id":"https:\/\/bioenergostims.eu\/#website"},"primaryImageOfPage":{"@id":"https:\/\/bioenergostims.eu\/product\/bioenergostims-oligo-selenium\/#primaryimage"},"image":{"@id":"https:\/\/bioenergostims.eu\/product\/bioenergostims-oligo-selenium\/#primaryimage"},"thumbnailUrl":"https:\/\/bioenergostims.eu\/wp-content\/uploads\/2025\/08\/foto_Inese_Kalnina-0006.jpg","datePublished":"2025-08-09T11:42:19+00:00","dateModified":"2026-02-27T13:26:55+00:00","description":"BIOENERGOSTIMS \u0441 EnergySelenium, 375 \u0441\u0443\u0442\u043e\u0447\u043d\u044b\u0445 \u0434\u043e\u0437, \u0433\u0430\u0440\u0430\u043d\u0442\u0438\u0440\u043e\u0432\u0430\u043d\u043d\u0430\u044f \u0431\u0438\u043e\u0434\u043e\u0441\u0442\u0443\u043f\u043d\u043e\u0441\u0442\u044c \u0441\u0435\u043b\u0435\u043d\u0430 \u043d\u0430 \u0434\u043e\u0437\u0443. \u041e\u043b\u0438\u0433\u043e-\u0441\u0435\u043b\u0435\u043d\u043e\u0432\u0430\u044f \u0444\u043e\u0440\u043c\u0443\u043b\u0430 \u0434\u043b\u044f \u043c\u0430\u043a\u0441\u0438\u043c\u0430\u043b\u044c\u043d\u043e\u0439 \u044d\u0444\u0444\u0435\u043a\u0442\u0438\u0432\u043d\u043e\u0441\u0442\u0438.","breadcrumb":{"@id":"https:\/\/bioenergostims.eu\/product\/bioenergostims-oligo-selenium\/#breadcrumb"},"inLanguage":"ru-RU","potentialAction":[{"@type":"ReadAction","target":["https:\/\/bioenergostims.eu\/product\/bioenergostims-oligo-selenium\/"]}]},{"@type":"ImageObject","inLanguage":"ru-RU","@id":"https:\/\/bioenergostims.eu\/product\/bioenergostims-oligo-selenium\/#primaryimage","url":"https:\/\/bioenergostims.eu\/wp-content\/uploads\/2025\/08\/foto_Inese_Kalnina-0006.jpg","contentUrl":"https:\/\/bioenergostims.eu\/wp-content\/uploads\/2025\/08\/foto_Inese_Kalnina-0006.jpg","width":667,"height":1000,"caption":"BIOENERGOSTIMS"},{"@type":"BreadcrumbList","@id":"https:\/\/bioenergostims.eu\/product\/bioenergostims-oligo-selenium\/#breadcrumb","itemListElement":[{"@type":"ListItem","position":1,"name":"Home","item":"https:\/\/bioenergostims.eu\/"},{"@type":"ListItem","position":2,"name":"Sale Page","item":"https:\/\/bioenergostims.eu\/lt\/sale-page\/"},{"@type":"ListItem","position":3,"name":"BIOENERGOSTIMS UltraTop"}]},{"@type":"WebSite","@id":"https:\/\/bioenergostims.eu\/#website","url":"https:\/\/bioenergostims.eu\/","name":"\u0418\u043d\u0442\u0435\u0440\u043d\u0435\u0442-\u043c\u0430\u0433\u0430\u0437\u0438\u043d BIOENERGOSTIMS","description":"\u0411\u0418\u041e\u042d\u041d\u0415\u0420\u0413\u041e\u0421\u0422\u0418\u041c\u0423\u041b\u042b \u042d\u043d\u0435\u0440\u0433\u0438\u044f\u0421\u0435\u043b\u0435\u043d","publisher":{"@id":"https:\/\/bioenergostims.eu\/#organization"},"potentialAction":[{"@type":"SearchAction","target":{"@type":"EntryPoint","urlTemplate":"https:\/\/bioenergostims.eu\/?s={search_term_string}"},"query-input":{"@type":"PropertyValueSpecification","valueRequired":true,"valueName":"search_term_string"}}],"inLanguage":"ru-RU"},{"@type":"Organization","@id":"https:\/\/bioenergostims.eu\/#organization","name":"\u0418\u043d\u0442\u0435\u0440\u043d\u0435\u0442-\u043c\u0430\u0433\u0430\u0437\u0438\u043d BIOENERGOSTIMS","url":"https:\/\/bioenergostims.eu\/","logo":{"@type":"ImageObject","inLanguage":"ru-RU","@id":"https:\/\/bioenergostims.eu\/#\/schema\/logo\/image\/","url":"https:\/\/bioenergostims.eu\/wp-content\/uploads\/2024\/06\/Screenshot-2024-07-04-160517.png","contentUrl":"https:\/\/bioenergostims.eu\/wp-content\/uploads\/2024\/06\/Screenshot-2024-07-04-160517.png","width":380,"height":116,"caption":"BIOENERGOSTIMS e-shop"},"image":{"@id":"https:\/\/bioenergostims.eu\/#\/schema\/logo\/image\/"}}]}},"_links":{"self":[{"href":"https:\/\/bioenergostims.eu\/ru\/wp-json\/wp\/v2\/product\/407","targetHints":{"allow":["GET"]}}],"collection":[{"href":"https:\/\/bioenergostims.eu\/ru\/wp-json\/wp\/v2\/product"}],"about":[{"href":"https:\/\/bioenergostims.eu\/ru\/wp-json\/wp\/v2\/types\/product"}],"wp:featuredmedia":[{"embeddable":true,"href":"https:\/\/bioenergostims.eu\/ru\/wp-json\/wp\/v2\/media\/14267"}],"wp:attachment":[{"href":"https:\/\/bioenergostims.eu\/ru\/wp-json\/wp\/v2\/media?parent=407"}],"wp:term":[{"taxonomy":"product_brand","embeddable":true,"href":"https:\/\/bioenergostims.eu\/ru\/wp-json\/wp\/v2\/product_brand?post=407"},{"taxonomy":"product_cat","embeddable":true,"href":"https:\/\/bioenergostims.eu\/ru\/wp-json\/wp\/v2\/product_cat?post=407"},{"taxonomy":"product_tag","embeddable":true,"href":"https:\/\/bioenergostims.eu\/ru\/wp-json\/wp\/v2\/product_tag?post=407"}],"curies":[{"name":"wp","href":"https:\/\/api.w.org\/{rel}","templated":true}]}}